{"id":5680405,"date":"2024-11-12T11:52:47","date_gmt":"2024-11-12T11:52:47","guid":{"rendered":"https:\/\/theinvisiblecollection.com\/?post_type=product&#038;p=5680405"},"modified":"2026-05-08T04:38:44","modified_gmt":"2026-05-08T04:38:44","slug":"jacques-doucet-fauteuil-avenue-du-bois","status":"publish","type":"product","link":"https:\/\/theinvisiblecollection.com\/fr\/produit\/jacques-doucet-fauteuil-avenue-du-bois\/","title":{"rendered":"Fauteuil Avenue du Bois"},"content":{"rendered":"<p style=\"text-align: justify;\"><span class=\"TextRun SCXW102994546 BCX8\" lang=\"FR-FR\" xml:lang=\"FR-FR\" data-contrast=\"none\"><span class=\"NormalTextRun SCXW102994546 BCX8\">Le Fauteuil Avenue Du Bois s&#8217;inspire de la modernit\u00e9 audacieuse de la maison de Jacques Doucet \u00e0 Neuilly, fusionnant Art d\u00e9co et esth\u00e9tique contemporaine. Cette assise aux lignes douces et accueillantes est d&#8217;une grande \u00e9l\u00e9gance intemporelle. Ses formes arrondies, fabriqu\u00e9es \u00e0 la main dans des ateliers d&#8217;excellence, c\u00e9l\u00e8brent l\u2019artisanat et la durabilit\u00e9. Con\u00e7u pour traverser les g\u00e9n\u00e9rations, ce mobilier rend hommage \u00e0 l&#8217;esprit visionnaire de Doucet, collectionneur et m\u00e9c\u00e8ne.<\/span><\/span><span class=\"EOP SCXW102994546 BCX8\" data-ccp-props=\"{&quot;335557856&quot;:16777215,&quot;335559738&quot;:200,&quot;335559739&quot;:200}\">\u00a0<\/span><\/p>\n","protected":false},"excerpt":{"rendered":"<p>Le Fauteuil Avenue Du Bois s&#8217;inspire de la modernit\u00e9 audacieuse de la maison de Jacques Doucet \u00e0 Neuilly, fusionnant Art d\u00e9co et esth\u00e9tique contemporaine. Cette assise aux lignes douces et accueillantes est d&#8217;une grande \u00e9l\u00e9gance intemporelle. Ses formes arrondies, fabriqu\u00e9es \u00e0 la main dans des ateliers d&#8217;excellence, c\u00e9l\u00e8brent l\u2019artisanat et la durabilit\u00e9. Con\u00e7u pour traverser [&hellip;]<\/p>\n","protected":false},"featured_media":5680407,"template":"","meta":{"_acf_changed":false,"content-type":"","_themeisle_gutenberg_block_has_review":false},"product_brand":[],"product_cat":[8945,12499],"product_tag":[14925,22790,31477,35206],"product_designer":[32433],"comfabric":[35931],"manufacturer":[35929],"reporting_designer":[37374],"samplecomfabric":[35933],"designer_clubroom":[],"class_list":{"0":"post-5680405","1":"product","2":"type-product","3":"status-publish","4":"has-post-thumbnail","6":"product_cat-fauteuils","7":"product_cat-assises","8":"product_tag-hpfav-fr","9":"product_tag-disponible-immediatement","10":"product_tag-st-curvy-fr","11":"product_tag-exclusive-fr","12":"product_designer-jacques-doucet-fr","13":"comfabric-garc-dimofski-samples-approval-fr","14":"manufacturer-garc-dimofski-samples-approval-fr","15":"reporting_designer-jacques-doucet-fr","16":"samplecomfabric-garc-dimofski-samples-approval-fr","17":"exhibitions-new-york-fr","19":"first","20":"instock","21":"taxable","22":"shipping-taxable","23":"purchasable","24":"product-type-variable"},"acf":[],"_links":{"self":[{"href":"https:\/\/theinvisiblecollection.com\/fr\/wp-json\/wp\/v2\/product\/5680405","targetHints":{"allow":["GET"]}}],"collection":[{"href":"https:\/\/theinvisiblecollection.com\/fr\/wp-json\/wp\/v2\/product"}],"about":[{"href":"https:\/\/theinvisiblecollection.com\/fr\/wp-json\/wp\/v2\/types\/product"}],"wp:featuredmedia":[{"embeddable":true,"href":"https:\/\/theinvisiblecollection.com\/fr\/wp-json\/wp\/v2\/media\/5680407"}],"wp:attachment":[{"href":"https:\/\/theinvisiblecollection.com\/fr\/wp-json\/wp\/v2\/media?parent=5680405"}],"wp:term":[{"taxonomy":"product_brand","embeddable":true,"href":"https:\/\/theinvisiblecollection.com\/fr\/wp-json\/wp\/v2\/product_brand?post=5680405"},{"taxonomy":"product_cat","embeddable":true,"href":"https:\/\/theinvisiblecollection.com\/fr\/wp-json\/wp\/v2\/product_cat?post=5680405"},{"taxonomy":"product_tag","embeddable":true,"href":"https:\/\/theinvisiblecollection.com\/fr\/wp-json\/wp\/v2\/product_tag?post=5680405"},{"taxonomy":"product_designer","embeddable":true,"href":"https:\/\/theinvisiblecollection.com\/fr\/wp-json\/wp\/v2\/product_designer?post=5680405"},{"taxonomy":"comfabric","embeddable":true,"href":"https:\/\/theinvisiblecollection.com\/fr\/wp-json\/wp\/v2\/comfabric?post=5680405"},{"taxonomy":"manufacturer","embeddable":true,"href":"https:\/\/theinvisiblecollection.com\/fr\/wp-json\/wp\/v2\/manufacturer?post=5680405"},{"taxonomy":"reporting_designer","embeddable":true,"href":"https:\/\/theinvisiblecollection.com\/fr\/wp-json\/wp\/v2\/reporting_designer?post=5680405"},{"taxonomy":"samplecomfabric","embeddable":true,"href":"https:\/\/theinvisiblecollection.com\/fr\/wp-json\/wp\/v2\/samplecomfabric?post=5680405"},{"taxonomy":"clubroom_product_designer","embeddable":true,"href":"https:\/\/theinvisiblecollection.com\/fr\/wp-json\/wp\/v2\/designer_clubroom?post=5680405"}],"curies":[{"name":"wp","href":"https:\/\/api.w.org\/{rel}","templated":true}]}}