{"id":5680409,"date":"2024-11-04T16:13:38","date_gmt":"2024-11-04T16:13:38","guid":{"rendered":"https:\/\/theinvisiblecollection.com\/?post_type=product&#038;p=5680409"},"modified":"2026-05-01T07:37:28","modified_gmt":"2026-05-01T07:37:28","slug":"jacques-doucet-pouf-rejane","status":"publish","type":"product","link":"https:\/\/theinvisiblecollection.com\/fr\/produit\/jacques-doucet-pouf-rejane\/","title":{"rendered":"Pouf R\u00e9jane"},"content":{"rendered":"<p style=\"text-align: justify;\"><span class=\"TextRun SCXW16448716 BCX8\" lang=\"FR-FR\" xml:lang=\"FR-FR\" data-contrast=\"none\"><span class=\"NormalTextRun SCXW16448716 BCX8\">Le Pouf R\u00e9jane est<\/span><span class=\"NormalTextRun SCXW16448716 BCX8\"> la<\/span><span class=\"NormalTextRun SCXW16448716 BCX8\"> pi\u00e8ce de mobilier versatile<\/span><span class=\"NormalTextRun SCXW16448716 BCX8\"> de la collection Jacques Doucet,<\/span><span class=\"NormalTextRun SCXW16448716 BCX8\"> id\u00e9ale pour ajouter une touche d&#8217;\u00e9l\u00e9gance au pied d&#8217;un fauteuil, devant un canap\u00e9, ou dans une entr\u00e9e, \u00e0 la campagne comme \u00e0 la ville. Son socle en c<\/span><span class=\"NormalTextRun SCXW16448716 BCX8\">h\u00eane<\/span><span class=\"NormalTextRun SCXW16448716 BCX8\"> \u00e9l\u00e9gamment arrondi, <\/span><span class=\"NormalTextRun SCXW16448716 BCX8\">lui <\/span><span class=\"NormalTextRun SCXW16448716 BCX8\">conf\u00e8re une allure intemporelle et raffin\u00e9e. <\/span><span class=\"NormalTextRun SCXW16448716 BCX8\">A<\/span><span class=\"NormalTextRun SCXW16448716 BCX8\">lli<\/span><span class=\"NormalTextRun SCXW16448716 BCX8\">ant<\/span><span class=\"NormalTextRun SCXW16448716 BCX8\"> esth\u00e9tique et confort, <\/span><span class=\"NormalTextRun SCXW16448716 BCX8\">l&#8217;ottoman op\u00e8re un<\/span><span class=\"NormalTextRun SCXW16448716 BCX8\"> retour appr\u00e9ci\u00e9 dans nos int\u00e9rieurs <\/span><span class=\"NormalTextRun SCXW16448716 BCX8\">contemporains<\/span><span class=\"NormalTextRun SCXW16448716 BCX8\">.<\/span><\/span><span class=\"EOP SCXW16448716 BCX8\" data-ccp-props=\"{&quot;335557856&quot;:16777215,&quot;335559738&quot;:200,&quot;335559739&quot;:200}\">\u00a0<\/span><\/p>\n","protected":false},"excerpt":{"rendered":"<p>Le Pouf R\u00e9jane est la pi\u00e8ce de mobilier versatile de la collection Jacques Doucet, id\u00e9ale pour ajouter une touche d&#8217;\u00e9l\u00e9gance au pied d&#8217;un fauteuil, devant un canap\u00e9, ou dans une entr\u00e9e, \u00e0 la campagne comme \u00e0 la ville. Son socle en ch\u00eane \u00e9l\u00e9gamment arrondi, lui conf\u00e8re une allure intemporelle et raffin\u00e9e. Alliant esth\u00e9tique et confort, [&hellip;]<\/p>\n","protected":false},"featured_media":5680411,"template":"","meta":{"_acf_changed":false,"content-type":"","_themeisle_gutenberg_block_has_review":false},"product_brand":[],"product_cat":[8969,12499],"product_tag":[31477,35206],"product_designer":[32433],"comfabric":[35931],"manufacturer":[32427],"reporting_designer":[37374],"samplecomfabric":[35933],"designer_clubroom":[],"class_list":{"0":"post-5680409","1":"product","2":"type-product","3":"status-publish","4":"has-post-thumbnail","6":"product_cat-ottomans-tabourets","7":"product_cat-assises","8":"product_tag-st-curvy-fr","9":"product_tag-exclusive-fr","10":"product_designer-jacques-doucet-fr","11":"comfabric-garc-dimofski-samples-approval-fr","12":"manufacturer-jacques-doucet-pick-up-gondomar-fr","13":"reporting_designer-jacques-doucet","14":"samplecomfabric-garc-dimofski-samples-approval-fr","15":"exhibitions-londres-fr","17":"first","18":"instock","19":"taxable","20":"shipping-taxable","21":"purchasable","22":"product-type-variable"},"acf":[],"_links":{"self":[{"href":"https:\/\/theinvisiblecollection.com\/fr\/wp-json\/wp\/v2\/product\/5680409","targetHints":{"allow":["GET"]}}],"collection":[{"href":"https:\/\/theinvisiblecollection.com\/fr\/wp-json\/wp\/v2\/product"}],"about":[{"href":"https:\/\/theinvisiblecollection.com\/fr\/wp-json\/wp\/v2\/types\/product"}],"wp:featuredmedia":[{"embeddable":true,"href":"https:\/\/theinvisiblecollection.com\/fr\/wp-json\/wp\/v2\/media\/5680411"}],"wp:attachment":[{"href":"https:\/\/theinvisiblecollection.com\/fr\/wp-json\/wp\/v2\/media?parent=5680409"}],"wp:term":[{"taxonomy":"product_brand","embeddable":true,"href":"https:\/\/theinvisiblecollection.com\/fr\/wp-json\/wp\/v2\/product_brand?post=5680409"},{"taxonomy":"product_cat","embeddable":true,"href":"https:\/\/theinvisiblecollection.com\/fr\/wp-json\/wp\/v2\/product_cat?post=5680409"},{"taxonomy":"product_tag","embeddable":true,"href":"https:\/\/theinvisiblecollection.com\/fr\/wp-json\/wp\/v2\/product_tag?post=5680409"},{"taxonomy":"product_designer","embeddable":true,"href":"https:\/\/theinvisiblecollection.com\/fr\/wp-json\/wp\/v2\/product_designer?post=5680409"},{"taxonomy":"comfabric","embeddable":true,"href":"https:\/\/theinvisiblecollection.com\/fr\/wp-json\/wp\/v2\/comfabric?post=5680409"},{"taxonomy":"manufacturer","embeddable":true,"href":"https:\/\/theinvisiblecollection.com\/fr\/wp-json\/wp\/v2\/manufacturer?post=5680409"},{"taxonomy":"reporting_designer","embeddable":true,"href":"https:\/\/theinvisiblecollection.com\/fr\/wp-json\/wp\/v2\/reporting_designer?post=5680409"},{"taxonomy":"samplecomfabric","embeddable":true,"href":"https:\/\/theinvisiblecollection.com\/fr\/wp-json\/wp\/v2\/samplecomfabric?post=5680409"},{"taxonomy":"clubroom_product_designer","embeddable":true,"href":"https:\/\/theinvisiblecollection.com\/fr\/wp-json\/wp\/v2\/designer_clubroom?post=5680409"}],"curies":[{"name":"wp","href":"https:\/\/api.w.org\/{rel}","templated":true}]}}