{"id":5680921,"date":"2024-11-12T11:51:08","date_gmt":"2024-11-12T11:51:08","guid":{"rendered":"https:\/\/theinvisiblecollection.com\/?post_type=product&#038;p=5680921"},"modified":"2026-05-08T04:38:44","modified_gmt":"2026-05-08T04:38:44","slug":"jacques-doucet-table-basse-apollinaire","status":"publish","type":"product","link":"https:\/\/theinvisiblecollection.com\/fr\/produit\/jacques-doucet-table-basse-apollinaire\/","title":{"rendered":"Table basse Apollinaire"},"content":{"rendered":"<p style=\"text-align: justify;\"><span class=\"NormalTextRun SCXW101136477 BCX8\">Jacques Doucet, ami des po\u00e8tes, aurait aim\u00e9 cet hommage \u00e0 Guillaume Apollinaire. <\/span><span class=\"NormalTextRun SCXW101136477 BCX8\">D&#8217;une grande po\u00e9sie, cette table basse en ch\u00e2taignier <\/span><span class=\"NormalTextRun SCXW101136477 BCX8\">est sublim\u00e9e par un<\/span><span class=\"NormalTextRun SCXW101136477 BCX8\"> top en c\u00e9ramique<\/span><span class=\"NormalTextRun SCXW101136477 BCX8\">. Des formes et des textures qui \u00e9voquent la sophistication Art D\u00e9co.<\/span><\/p>\n","protected":false},"excerpt":{"rendered":"<p>Jacques Doucet, ami des po\u00e8tes, aurait aim\u00e9 cet hommage \u00e0 Guillaume Apollinaire. D&#8217;une grande po\u00e9sie, cette table basse en ch\u00e2taignier est sublim\u00e9e par un top en c\u00e9ramique. Des formes et des textures qui \u00e9voquent la sophistication Art D\u00e9co.<\/p>\n","protected":false},"featured_media":5680933,"template":"","meta":{"_acf_changed":false,"content-type":"","_themeisle_gutenberg_block_has_review":false},"product_brand":[],"product_cat":[7509,12503],"product_tag":[14925,31477,35206],"product_designer":[32433],"comfabric":[],"manufacturer":[32427],"reporting_designer":[37374],"samplecomfabric":[],"designer_clubroom":[],"class_list":{"0":"post-5680921","1":"product","2":"type-product","3":"status-publish","4":"has-post-thumbnail","6":"product_cat-tables-basses-dappoint","7":"product_cat-tables-fr","8":"product_tag-hpfav-fr","9":"product_tag-st-curvy-fr","10":"product_tag-exclusive-fr","11":"product_designer-jacques-doucet-fr","12":"manufacturer-jacques-doucet-pick-up-gondomar-fr","13":"reporting_designer-jacques-doucet-fr","15":"first","16":"instock","17":"taxable","18":"shipping-taxable","19":"purchasable","20":"product-type-variable"},"acf":[],"_links":{"self":[{"href":"https:\/\/theinvisiblecollection.com\/fr\/wp-json\/wp\/v2\/product\/5680921","targetHints":{"allow":["GET"]}}],"collection":[{"href":"https:\/\/theinvisiblecollection.com\/fr\/wp-json\/wp\/v2\/product"}],"about":[{"href":"https:\/\/theinvisiblecollection.com\/fr\/wp-json\/wp\/v2\/types\/product"}],"wp:featuredmedia":[{"embeddable":true,"href":"https:\/\/theinvisiblecollection.com\/fr\/wp-json\/wp\/v2\/media\/5680933"}],"wp:attachment":[{"href":"https:\/\/theinvisiblecollection.com\/fr\/wp-json\/wp\/v2\/media?parent=5680921"}],"wp:term":[{"taxonomy":"product_brand","embeddable":true,"href":"https:\/\/theinvisiblecollection.com\/fr\/wp-json\/wp\/v2\/product_brand?post=5680921"},{"taxonomy":"product_cat","embeddable":true,"href":"https:\/\/theinvisiblecollection.com\/fr\/wp-json\/wp\/v2\/product_cat?post=5680921"},{"taxonomy":"product_tag","embeddable":true,"href":"https:\/\/theinvisiblecollection.com\/fr\/wp-json\/wp\/v2\/product_tag?post=5680921"},{"taxonomy":"product_designer","embeddable":true,"href":"https:\/\/theinvisiblecollection.com\/fr\/wp-json\/wp\/v2\/product_designer?post=5680921"},{"taxonomy":"comfabric","embeddable":true,"href":"https:\/\/theinvisiblecollection.com\/fr\/wp-json\/wp\/v2\/comfabric?post=5680921"},{"taxonomy":"manufacturer","embeddable":true,"href":"https:\/\/theinvisiblecollection.com\/fr\/wp-json\/wp\/v2\/manufacturer?post=5680921"},{"taxonomy":"reporting_designer","embeddable":true,"href":"https:\/\/theinvisiblecollection.com\/fr\/wp-json\/wp\/v2\/reporting_designer?post=5680921"},{"taxonomy":"samplecomfabric","embeddable":true,"href":"https:\/\/theinvisiblecollection.com\/fr\/wp-json\/wp\/v2\/samplecomfabric?post=5680921"},{"taxonomy":"clubroom_product_designer","embeddable":true,"href":"https:\/\/theinvisiblecollection.com\/fr\/wp-json\/wp\/v2\/designer_clubroom?post=5680921"}],"curies":[{"name":"wp","href":"https:\/\/api.w.org\/{rel}","templated":true}]}}