{"id":5681777,"date":"2024-11-28T10:51:06","date_gmt":"2024-11-28T10:51:06","guid":{"rendered":"https:\/\/theinvisiblecollection.com\/?post_type=product&#038;p=5681777"},"modified":"2026-05-01T07:37:28","modified_gmt":"2026-05-01T07:37:28","slug":"garce-dimofski-console-lison","status":"publish","type":"product","link":"https:\/\/theinvisiblecollection.com\/fr\/produit\/garce-dimofski-console-lison\/","title":{"rendered":"Console Lison"},"content":{"rendered":"<p style=\"text-align: justify;\">La console Lison m\u00eale avec harmonie courbes douces et lignes pr\u00e9cises, r\u00e9v\u00e9lant un travail artisanal minutieux o\u00f9 chaque contour est pens\u00e9 pour \u00e9quilibrer forme et fonction. Ses pieds \u00e0 la fois \u00e9l\u00e9gants et solides ancrent la pi\u00e8ce dans un \u00e9quilibre d\u00e9licat, tandis que la base en ch\u00e2taignier richement teint\u00e9e contraste magnifiquement avec le plateau en c\u00e9ramique, doux au toucher, fini d\u2019un \u00e9mail bross\u00e9 qui d\u00e9gage une \u00e9l\u00e9gance discr\u00e8te.<\/p>\n","protected":false},"excerpt":{"rendered":"<p>\u00c9tag\u00e8re suspendue en noyer<br \/>\nPlateau en c\u00e9ramique couleur gradient beige<br \/>\n\u00c9galement disponible en noir ou blanc<br \/>\nCouleurs, dimensions\u00a0 and bois sur-mesure sur demande<\/p>\n<p>L 130 x l 27 x H 12cm<\/p>\n<p>Fabriqu\u00e9e \u00e0 la main au Portugal<br \/>\nD\u00e9lais de production : 8 &#8211; 10 semaines<\/p>\n<p><span style=\"text-decoration: underline;\"><a href=\"https:\/\/www.theinvisiblecollection.com\/fr\/demande-de-devis\/?product_id=477439\" target=\"_blank\" rel=\"noopener\">Contactez nous pour toute demande de devis ou de renseignements<\/a><\/span><\/p>\n","protected":false},"featured_media":5858199,"template":"","meta":{"_acf_changed":false,"content-type":"","_themeisle_gutenberg_block_has_review":false},"product_brand":[],"product_cat":[7675,12503],"product_tag":[9644,14925,22790,31475,31477,35206],"product_designer":[15857],"comfabric":[29342],"manufacturer":[22038],"reporting_designer":[37464],"samplecomfabric":[30764],"designer_clubroom":[],"class_list":{"0":"post-5681777","1":"product","2":"type-product","3":"status-publish","4":"has-post-thumbnail","6":"product_cat-consoles-fr","7":"product_cat-tables-fr","8":"product_tag-necessaires","9":"product_tag-hpfav-fr","10":"product_tag-disponible-immediatement","11":"product_tag-st-ceramic-fr","12":"product_tag-st-curvy-fr","13":"product_tag-exclusive-fr","14":"pa_choice-cote-droit-plus-large","15":"pa_choice-cote-gauche-plus-large","16":"product_designer-garce-dimofski-fr","17":"comfabric-garc-dimofski-atelier-so-pedro-da-cova-fr","18":"manufacturer-garc-dimofski-atelier-so-pedro-da-cova-fr","19":"reporting_designer-garce-dimofski-fr","20":"samplecomfabric-garc-dimofski-atelier-porto-fr","21":"exhibitions-new-york-fr","23":"first","24":"instock","25":"taxable","26":"shipping-taxable","27":"purchasable","28":"product-type-variable"},"acf":[],"_links":{"self":[{"href":"https:\/\/theinvisiblecollection.com\/fr\/wp-json\/wp\/v2\/product\/5681777","targetHints":{"allow":["GET"]}}],"collection":[{"href":"https:\/\/theinvisiblecollection.com\/fr\/wp-json\/wp\/v2\/product"}],"about":[{"href":"https:\/\/theinvisiblecollection.com\/fr\/wp-json\/wp\/v2\/types\/product"}],"wp:featuredmedia":[{"embeddable":true,"href":"https:\/\/theinvisiblecollection.com\/fr\/wp-json\/wp\/v2\/media\/5858199"}],"wp:attachment":[{"href":"https:\/\/theinvisiblecollection.com\/fr\/wp-json\/wp\/v2\/media?parent=5681777"}],"wp:term":[{"taxonomy":"product_brand","embeddable":true,"href":"https:\/\/theinvisiblecollection.com\/fr\/wp-json\/wp\/v2\/product_brand?post=5681777"},{"taxonomy":"product_cat","embeddable":true,"href":"https:\/\/theinvisiblecollection.com\/fr\/wp-json\/wp\/v2\/product_cat?post=5681777"},{"taxonomy":"product_tag","embeddable":true,"href":"https:\/\/theinvisiblecollection.com\/fr\/wp-json\/wp\/v2\/product_tag?post=5681777"},{"taxonomy":"product_designer","embeddable":true,"href":"https:\/\/theinvisiblecollection.com\/fr\/wp-json\/wp\/v2\/product_designer?post=5681777"},{"taxonomy":"comfabric","embeddable":true,"href":"https:\/\/theinvisiblecollection.com\/fr\/wp-json\/wp\/v2\/comfabric?post=5681777"},{"taxonomy":"manufacturer","embeddable":true,"href":"https:\/\/theinvisiblecollection.com\/fr\/wp-json\/wp\/v2\/manufacturer?post=5681777"},{"taxonomy":"reporting_designer","embeddable":true,"href":"https:\/\/theinvisiblecollection.com\/fr\/wp-json\/wp\/v2\/reporting_designer?post=5681777"},{"taxonomy":"samplecomfabric","embeddable":true,"href":"https:\/\/theinvisiblecollection.com\/fr\/wp-json\/wp\/v2\/samplecomfabric?post=5681777"},{"taxonomy":"clubroom_product_designer","embeddable":true,"href":"https:\/\/theinvisiblecollection.com\/fr\/wp-json\/wp\/v2\/designer_clubroom?post=5681777"}],"curies":[{"name":"wp","href":"https:\/\/api.w.org\/{rel}","templated":true}]}}