{"id":5683976,"date":"2024-11-13T10:10:19","date_gmt":"2024-11-13T10:10:19","guid":{"rendered":"https:\/\/theinvisiblecollection.com\/?post_type=product&#038;p=5683976"},"modified":"2026-05-01T07:37:28","modified_gmt":"2026-05-01T07:37:28","slug":"noe-duchaufour-lawrance-ensemble-de-bureau-isle","status":"publish","type":"product","link":"https:\/\/theinvisiblecollection.com\/fr\/produit\/noe-duchaufour-lawrance-ensemble-de-bureau-isle\/","title":{"rendered":"Ensemble de Bureau Isle"},"content":{"rendered":"<p style=\"text-align: justify;\"><span class=\"TextRun SCXW204466000 BCX0\" lang=\"FR-FR\" xml:lang=\"FR-FR\" data-contrast=\"auto\"><span class=\"NormalTextRun SCXW204466000 BCX0\">L&#8217;ensemble de bureau<\/span><span class=\"NormalTextRun SCXW204466000 BCX0\">\u00a0Isle de No\u00e9 <\/span><span class=\"NormalTextRun SpellingErrorV2Themed SCXW204466000 BCX0\">Duchaufour-Lawr<\/span><span class=\"NormalTextRun SpellingErrorV2Themed SCXW204466000 BCX0\">a<\/span><span class=\"NormalTextRun SpellingErrorV2Themed SCXW204466000 BCX0\">nce<\/span><span class=\"NormalTextRun SCXW204466000 BCX0\"> est un tour de force de simplicit\u00e9 fascinant. <\/span><span class=\"NormalTextRun SCXW204466000 BCX0\">Des unit\u00e9s qui r\u00e9unies, cr\u00e9ent un paysage sensuel ; nues, lisses, invisiblement connect\u00e9es, elles incarnent la sophistication par la puret\u00e9 et la simplicit\u00e9.<\/span><\/span><span class=\"EOP SCXW204466000 BCX0\" data-ccp-props=\"{&quot;201341983&quot;:0,&quot;335559740&quot;:259}\">\u00a0<\/span><\/p>\n","protected":false},"excerpt":{"rendered":"<p>Ensemble d&#8217;\u00e9l\u00e9ments de bureau en cuir comprenant un porte-stylo, une bo\u00eete \u00e0 trombones, une bo\u00eete \u00e0 post-it et un sous-main<br \/>\nPhotographi\u00e9 ici en cuir Sorensen leather, Envy<br \/>\nDisponible dans d&#8217;autres cuirs sur demande<br \/>\nDisponible en blanc, sans cuir<\/p>\n<p>Porte-stylo : \u00d8 9 x H 10 cm<br \/>\nBo\u00eete \u00e0 trombone :\u00a0 L 19 x l 10 x H 8 cm<br \/>\nBo\u00eete \u00e0 post-it :\u00a0 L 23 x l 12.5 x H 6.5 cm<br \/>\nSous-main : L 130 x l 60 x H 10 cm<\/p>\n<p>Fabriqu\u00e9 \u00e0 la main en France<br \/>\nD\u00e9lais de fabrication : 8 &#8211; 10 semaines<\/p>\n<p class=\"p1\"><span style=\"text-decoration: underline;\"><span class=\"s1\"><a href=\"https:\/\/www.theinvisiblecollection.com\/fr\/demande-de-devis\/?product_id=157837\" target=\"_blank\" rel=\"noopener\">Contactez-nous pour toute demande de devis ou de renseignements<\/a><\/span><\/span><\/p>\n","protected":false},"featured_media":5683992,"template":"","meta":{"_acf_changed":false,"content-type":"","_themeisle_gutenberg_block_has_review":false},"product_brand":[],"product_cat":[7517,12531,12532,13076],"product_tag":[],"product_designer":[18423],"comfabric":[],"manufacturer":[18491],"reporting_designer":[37746],"samplecomfabric":[],"designer_clubroom":[],"class_list":{"0":"post-5683976","1":"product","2":"type-product","3":"status-publish","4":"has-post-thumbnail","6":"product_cat-deco-fr","7":"product_cat-objets-de-decoration","8":"product_cat-accessoires-de-bureau","9":"product_cat-bureau-a-la-maison","10":"pa_leather-cuir-client","11":"pa_leather-sorensen-leather-envy-fr-2","12":"product_designer-noe-duchaufour-lawrance-fr","13":"manufacturer-selaneuf-fr","14":"reporting_designer-noe-duchaufour-lawrance","16":"first","17":"instock","18":"featured","19":"taxable","20":"shipping-taxable","21":"purchasable","22":"product-type-variable"},"acf":[],"_links":{"self":[{"href":"https:\/\/theinvisiblecollection.com\/fr\/wp-json\/wp\/v2\/product\/5683976","targetHints":{"allow":["GET"]}}],"collection":[{"href":"https:\/\/theinvisiblecollection.com\/fr\/wp-json\/wp\/v2\/product"}],"about":[{"href":"https:\/\/theinvisiblecollection.com\/fr\/wp-json\/wp\/v2\/types\/product"}],"wp:featuredmedia":[{"embeddable":true,"href":"https:\/\/theinvisiblecollection.com\/fr\/wp-json\/wp\/v2\/media\/5683992"}],"wp:attachment":[{"href":"https:\/\/theinvisiblecollection.com\/fr\/wp-json\/wp\/v2\/media?parent=5683976"}],"wp:term":[{"taxonomy":"product_brand","embeddable":true,"href":"https:\/\/theinvisiblecollection.com\/fr\/wp-json\/wp\/v2\/product_brand?post=5683976"},{"taxonomy":"product_cat","embeddable":true,"href":"https:\/\/theinvisiblecollection.com\/fr\/wp-json\/wp\/v2\/product_cat?post=5683976"},{"taxonomy":"product_tag","embeddable":true,"href":"https:\/\/theinvisiblecollection.com\/fr\/wp-json\/wp\/v2\/product_tag?post=5683976"},{"taxonomy":"product_designer","embeddable":true,"href":"https:\/\/theinvisiblecollection.com\/fr\/wp-json\/wp\/v2\/product_designer?post=5683976"},{"taxonomy":"comfabric","embeddable":true,"href":"https:\/\/theinvisiblecollection.com\/fr\/wp-json\/wp\/v2\/comfabric?post=5683976"},{"taxonomy":"manufacturer","embeddable":true,"href":"https:\/\/theinvisiblecollection.com\/fr\/wp-json\/wp\/v2\/manufacturer?post=5683976"},{"taxonomy":"reporting_designer","embeddable":true,"href":"https:\/\/theinvisiblecollection.com\/fr\/wp-json\/wp\/v2\/reporting_designer?post=5683976"},{"taxonomy":"samplecomfabric","embeddable":true,"href":"https:\/\/theinvisiblecollection.com\/fr\/wp-json\/wp\/v2\/samplecomfabric?post=5683976"},{"taxonomy":"clubroom_product_designer","embeddable":true,"href":"https:\/\/theinvisiblecollection.com\/fr\/wp-json\/wp\/v2\/designer_clubroom?post=5683976"}],"curies":[{"name":"wp","href":"https:\/\/api.w.org\/{rel}","templated":true}]}}