{"id":5684538,"date":"2020-10-09T14:10:13","date_gmt":"2020-10-09T13:10:13","guid":{"rendered":"https:\/\/theinvisiblecollection.com\/?post_type=product&#038;p=5684538"},"modified":"2026-05-01T07:37:28","modified_gmt":"2026-05-01T07:37:28","slug":"ozone-chandelier-luxembourg-blanc","status":"publish","type":"product","link":"https:\/\/theinvisiblecollection.com\/fr\/produit\/ozone-chandelier-luxembourg-blanc\/","title":{"rendered":"Chandelier Luxembourg Blanc"},"content":{"rendered":"<p>Ozone a collabor\u00e9 \u00e0 la magnifique r\u00e9novation du Ch\u00e2teau P\u00e9desclaux \u00e0 Pauillac, en d\u00e9veloppant et fabriquant 5 lustres dessin\u00e9s par Jean-Michel Wilmotte. La collection Luxembourg \u00e9dit\u00e9e par Ozone est n\u00e9e de ce projet.<\/p>\n","protected":false},"excerpt":{"rendered":"<p>Ozone a collabor\u00e9 \u00e0 la magnifique r\u00e9novation du Ch\u00e2teau P\u00e9desclaux \u00e0 Pauillac, en d\u00e9veloppant et fabriquant 5 lustres dessin\u00e9s par Jean-Michel Wilmotte. La collection Luxembourg \u00e9dit\u00e9e par Ozone est n\u00e9e de ce projet.<\/p>\n","protected":false},"featured_media":1917302,"template":"","meta":{"_acf_changed":false,"content-type":"","_themeisle_gutenberg_block_has_review":false},"product_brand":[],"product_cat":[8961,12507],"product_tag":[11960,22680,31474,35206,9200,9237,9319,9446,9450],"product_designer":[11898,12290],"comfabric":[],"manufacturer":[16738],"reporting_designer":[37576],"samplecomfabric":[],"designer_clubroom":[],"class_list":{"0":"post-5684538","1":"product","2":"type-product","3":"status-publish","4":"has-post-thumbnail","6":"product_cat-suspensions","7":"product_cat-luminaires","8":"product_tag-ozone-fr","9":"product_tag-applique-murale-fr","10":"product_tag-co-white-fr","11":"product_tag-exclusive-fr","12":"product_tag-luminaire-fr-2","13":"product_tag-lampe-fr-2","14":"product_tag-plafond","15":"product_tag-suspension","16":"product_tag-suspension-fr-3","17":"product_designer-ozone-fr","18":"product_designer-wilmotte-par-ozone","19":"manufacturer-ozone-fr","20":"reporting_designer-ozone","22":"first","23":"instock","24":"taxable","25":"shipping-taxable","26":"purchasable","27":"product-type-variable"},"acf":[],"_links":{"self":[{"href":"https:\/\/theinvisiblecollection.com\/fr\/wp-json\/wp\/v2\/product\/5684538","targetHints":{"allow":["GET"]}}],"collection":[{"href":"https:\/\/theinvisiblecollection.com\/fr\/wp-json\/wp\/v2\/product"}],"about":[{"href":"https:\/\/theinvisiblecollection.com\/fr\/wp-json\/wp\/v2\/types\/product"}],"wp:featuredmedia":[{"embeddable":true,"href":"https:\/\/theinvisiblecollection.com\/fr\/wp-json\/wp\/v2\/media\/1917302"}],"wp:attachment":[{"href":"https:\/\/theinvisiblecollection.com\/fr\/wp-json\/wp\/v2\/media?parent=5684538"}],"wp:term":[{"taxonomy":"product_brand","embeddable":true,"href":"https:\/\/theinvisiblecollection.com\/fr\/wp-json\/wp\/v2\/product_brand?post=5684538"},{"taxonomy":"product_cat","embeddable":true,"href":"https:\/\/theinvisiblecollection.com\/fr\/wp-json\/wp\/v2\/product_cat?post=5684538"},{"taxonomy":"product_tag","embeddable":true,"href":"https:\/\/theinvisiblecollection.com\/fr\/wp-json\/wp\/v2\/product_tag?post=5684538"},{"taxonomy":"product_designer","embeddable":true,"href":"https:\/\/theinvisiblecollection.com\/fr\/wp-json\/wp\/v2\/product_designer?post=5684538"},{"taxonomy":"comfabric","embeddable":true,"href":"https:\/\/theinvisiblecollection.com\/fr\/wp-json\/wp\/v2\/comfabric?post=5684538"},{"taxonomy":"manufacturer","embeddable":true,"href":"https:\/\/theinvisiblecollection.com\/fr\/wp-json\/wp\/v2\/manufacturer?post=5684538"},{"taxonomy":"reporting_designer","embeddable":true,"href":"https:\/\/theinvisiblecollection.com\/fr\/wp-json\/wp\/v2\/reporting_designer?post=5684538"},{"taxonomy":"samplecomfabric","embeddable":true,"href":"https:\/\/theinvisiblecollection.com\/fr\/wp-json\/wp\/v2\/samplecomfabric?post=5684538"},{"taxonomy":"clubroom_product_designer","embeddable":true,"href":"https:\/\/theinvisiblecollection.com\/fr\/wp-json\/wp\/v2\/designer_clubroom?post=5684538"}],"curies":[{"name":"wp","href":"https:\/\/api.w.org\/{rel}","templated":true}]}}