{"id":5684923,"date":"2020-10-08T12:42:59","date_gmt":"2020-10-08T11:42:59","guid":{"rendered":"https:\/\/theinvisiblecollection.com\/?post_type=product&#038;p=5684923"},"modified":"2026-05-01T07:37:28","modified_gmt":"2026-05-01T07:37:28","slug":"ozone-plafonnier-ligne-c","status":"publish","type":"product","link":"https:\/\/theinvisiblecollection.com\/fr\/produit\/ozone-plafonnier-ligne-c\/","title":{"rendered":"Plafonnier Ligne C"},"content":{"rendered":"<p>Les lignes \u00e9pur\u00e9es offrent des lignes intemporelles classiques, modernistes ou minimales. Les d\u00e9tails d\u2019assemblage, les finitions m\u00e9talliques et leurs performances lumineuses sont reconnus comme les plus \u00e9lev\u00e9es dans leur cat\u00e9gorie.<\/p>\n","protected":false},"excerpt":{"rendered":"<p>Les lignes \u00e9pur\u00e9es offrent des lignes intemporelles classiques, modernistes ou minimales. Les d\u00e9tails d\u2019assemblage, les finitions m\u00e9talliques et leurs performances lumineuses sont reconnus comme les plus \u00e9lev\u00e9es dans leur cat\u00e9gorie.<\/p>\n","protected":false},"featured_media":2749897,"template":"","meta":{"_acf_changed":false,"content-type":"","_themeisle_gutenberg_block_has_review":false},"product_brand":[],"product_cat":[8961,12507],"product_tag":[9200,9237,9319,9446,9450,11960,11961,22680,31474,31477,35206],"product_designer":[11898,11951],"comfabric":[],"manufacturer":[16738],"reporting_designer":[37576],"samplecomfabric":[],"designer_clubroom":[],"class_list":{"0":"post-5684923","1":"product","2":"type-product","3":"status-publish","4":"has-post-thumbnail","6":"product_cat-suspensions","7":"product_cat-luminaires","8":"product_tag-luminaire-fr-2","9":"product_tag-lampe-fr-2","10":"product_tag-plafond","11":"product_tag-suspension","12":"product_tag-suspension-fr-3","13":"product_tag-ozone-fr","14":"product_tag-gounot-et-jahnke","15":"product_tag-applique-murale-fr","16":"product_tag-co-white-fr","17":"product_tag-st-curvy-fr","18":"product_tag-exclusive-fr","19":"pa_size-l-280-x-l-100-x-h-80-fr","20":"pa_size-moyen","21":"pa_size-petit","22":"product_designer-ozone-fr","23":"product_designer-gounot-and-jahnke-par-ozone","24":"manufacturer-ozone-fr","25":"reporting_designer-ozone","27":"first","28":"instock","29":"taxable","30":"shipping-taxable","31":"purchasable","32":"product-type-variable"},"acf":[],"_links":{"self":[{"href":"https:\/\/theinvisiblecollection.com\/fr\/wp-json\/wp\/v2\/product\/5684923","targetHints":{"allow":["GET"]}}],"collection":[{"href":"https:\/\/theinvisiblecollection.com\/fr\/wp-json\/wp\/v2\/product"}],"about":[{"href":"https:\/\/theinvisiblecollection.com\/fr\/wp-json\/wp\/v2\/types\/product"}],"wp:featuredmedia":[{"embeddable":true,"href":"https:\/\/theinvisiblecollection.com\/fr\/wp-json\/wp\/v2\/media\/2749897"}],"wp:attachment":[{"href":"https:\/\/theinvisiblecollection.com\/fr\/wp-json\/wp\/v2\/media?parent=5684923"}],"wp:term":[{"taxonomy":"product_brand","embeddable":true,"href":"https:\/\/theinvisiblecollection.com\/fr\/wp-json\/wp\/v2\/product_brand?post=5684923"},{"taxonomy":"product_cat","embeddable":true,"href":"https:\/\/theinvisiblecollection.com\/fr\/wp-json\/wp\/v2\/product_cat?post=5684923"},{"taxonomy":"product_tag","embeddable":true,"href":"https:\/\/theinvisiblecollection.com\/fr\/wp-json\/wp\/v2\/product_tag?post=5684923"},{"taxonomy":"product_designer","embeddable":true,"href":"https:\/\/theinvisiblecollection.com\/fr\/wp-json\/wp\/v2\/product_designer?post=5684923"},{"taxonomy":"comfabric","embeddable":true,"href":"https:\/\/theinvisiblecollection.com\/fr\/wp-json\/wp\/v2\/comfabric?post=5684923"},{"taxonomy":"manufacturer","embeddable":true,"href":"https:\/\/theinvisiblecollection.com\/fr\/wp-json\/wp\/v2\/manufacturer?post=5684923"},{"taxonomy":"reporting_designer","embeddable":true,"href":"https:\/\/theinvisiblecollection.com\/fr\/wp-json\/wp\/v2\/reporting_designer?post=5684923"},{"taxonomy":"samplecomfabric","embeddable":true,"href":"https:\/\/theinvisiblecollection.com\/fr\/wp-json\/wp\/v2\/samplecomfabric?post=5684923"},{"taxonomy":"clubroom_product_designer","embeddable":true,"href":"https:\/\/theinvisiblecollection.com\/fr\/wp-json\/wp\/v2\/designer_clubroom?post=5684923"}],"curies":[{"name":"wp","href":"https:\/\/api.w.org\/{rel}","templated":true}]}}