{"id":5685474,"date":"2020-09-15T13:00:00","date_gmt":"2020-09-15T12:00:00","guid":{"rendered":"https:\/\/theinvisiblecollection.com\/?post_type=product&#038;p=5685474"},"modified":"2026-05-01T07:37:28","modified_gmt":"2026-05-01T07:37:28","slug":"pierre-gonalons-suspension-king-sun-murano-rose","status":"publish","type":"product","link":"https:\/\/theinvisiblecollection.com\/fr\/produit\/pierre-gonalons-suspension-king-sun-murano-rose\/","title":{"rendered":"Suspension King Sun Murano Rose"},"content":{"rendered":"<p style=\"text-align: justify;\">La collection King Sun Murano est un concept de luminaires m\u00ealant le design de Pierre Gonalons et la technique traditionnelle du verre de Murano r\u00e9invent\u00e9e par Stories of Italy : Macchia su Macchia. L\u2019effet fantastique de cette nouvelle finition est accentu\u00e9 par la lumi\u00e8re. Les globes de verre sont souffl\u00e9s \u00e0 Murano, puis moul\u00e9s et d\u00e9form\u00e9s pour leur donner un aspect fait main. King Sun Murano rappelle les \u00e9clairages italiens des ann\u00e9es 40 produits \u00e0 Murano de fa\u00e7on spectaculaire et contemporaine.<\/p>\n","protected":false},"excerpt":{"rendered":"<p>La collection King Sun Murano est un concept de luminaires m\u00ealant le design de Pierre Gonalons et la technique traditionnelle du verre de Murano r\u00e9invent\u00e9e par Stories of Italy : Macchia su Macchia. L\u2019effet fantastique de cette nouvelle finition est accentu\u00e9 par la lumi\u00e8re. Les globes de verre sont souffl\u00e9s \u00e0 Murano, puis moul\u00e9s et [&hellip;]<\/p>\n","protected":false},"featured_media":80056,"template":"","meta":{"_acf_changed":false,"content-type":"","_themeisle_gutenberg_block_has_review":false},"product_brand":[],"product_cat":[8961,12507],"product_tag":[31477,9060,9200,9450,9611,11248,11670,31476],"product_designer":[8910],"comfabric":[],"manufacturer":[35400],"reporting_designer":[37878],"samplecomfabric":[],"designer_clubroom":[],"class_list":{"0":"post-5685474","1":"product","2":"type-product","3":"status-publish","4":"has-post-thumbnail","6":"product_cat-suspensions","7":"product_cat-luminaires","8":"product_tag-st-curvy-fr","9":"product_tag-verre","10":"product_tag-luminaire-fr-2","11":"product_tag-suspension-fr-3","12":"product_tag-italie","13":"product_tag-pierre-gonalons-fr-2","14":"product_tag-king-sun-fr-fr","15":"product_tag-st-collectible-fr","16":"product_designer-pierre-gonalons-fr","17":"manufacturer-pierre-gonalons-pick-up-montceaux-fr","18":"reporting_designer-pierre-gonalons","20":"first","21":"instock","22":"taxable","23":"shipping-taxable","24":"purchasable","25":"product-type-variable"},"acf":[],"_links":{"self":[{"href":"https:\/\/theinvisiblecollection.com\/fr\/wp-json\/wp\/v2\/product\/5685474","targetHints":{"allow":["GET"]}}],"collection":[{"href":"https:\/\/theinvisiblecollection.com\/fr\/wp-json\/wp\/v2\/product"}],"about":[{"href":"https:\/\/theinvisiblecollection.com\/fr\/wp-json\/wp\/v2\/types\/product"}],"wp:featuredmedia":[{"embeddable":true,"href":"https:\/\/theinvisiblecollection.com\/fr\/wp-json\/wp\/v2\/media\/80056"}],"wp:attachment":[{"href":"https:\/\/theinvisiblecollection.com\/fr\/wp-json\/wp\/v2\/media?parent=5685474"}],"wp:term":[{"taxonomy":"product_brand","embeddable":true,"href":"https:\/\/theinvisiblecollection.com\/fr\/wp-json\/wp\/v2\/product_brand?post=5685474"},{"taxonomy":"product_cat","embeddable":true,"href":"https:\/\/theinvisiblecollection.com\/fr\/wp-json\/wp\/v2\/product_cat?post=5685474"},{"taxonomy":"product_tag","embeddable":true,"href":"https:\/\/theinvisiblecollection.com\/fr\/wp-json\/wp\/v2\/product_tag?post=5685474"},{"taxonomy":"product_designer","embeddable":true,"href":"https:\/\/theinvisiblecollection.com\/fr\/wp-json\/wp\/v2\/product_designer?post=5685474"},{"taxonomy":"comfabric","embeddable":true,"href":"https:\/\/theinvisiblecollection.com\/fr\/wp-json\/wp\/v2\/comfabric?post=5685474"},{"taxonomy":"manufacturer","embeddable":true,"href":"https:\/\/theinvisiblecollection.com\/fr\/wp-json\/wp\/v2\/manufacturer?post=5685474"},{"taxonomy":"reporting_designer","embeddable":true,"href":"https:\/\/theinvisiblecollection.com\/fr\/wp-json\/wp\/v2\/reporting_designer?post=5685474"},{"taxonomy":"samplecomfabric","embeddable":true,"href":"https:\/\/theinvisiblecollection.com\/fr\/wp-json\/wp\/v2\/samplecomfabric?post=5685474"},{"taxonomy":"clubroom_product_designer","embeddable":true,"href":"https:\/\/theinvisiblecollection.com\/fr\/wp-json\/wp\/v2\/designer_clubroom?post=5685474"}],"curies":[{"name":"wp","href":"https:\/\/api.w.org\/{rel}","templated":true}]}}