{"id":5686104,"date":"2022-05-12T14:14:50","date_gmt":"2022-05-12T13:14:50","guid":{"rendered":"https:\/\/theinvisiblecollection.com\/?post_type=product&#038;p=5686104"},"modified":"2026-05-01T07:37:28","modified_gmt":"2026-05-01T07:37:28","slug":"sophie-dries-kaia-suspension-glow-1","status":"publish","type":"product","link":"https:\/\/theinvisiblecollection.com\/fr\/produit\/sophie-dries-kaia-suspension-glow-1\/","title":{"rendered":"Suspension Glow 1"},"content":{"rendered":"<p>Glow Lunar est une \u00e9dition limit\u00e9e &#8211; con\u00e7ue pour M. Lawrence. Pour la Milan Design Week 2021, la maison de vente aux ench\u00e8res Cambi et le cabinet de conseil en design Mr.Lawrence se sont associ\u00e9s pour pr\u00e9senter CTMP Design Auction, un projet qui c\u00e9l\u00e8bre les voix les plus influentes de la sc\u00e8ne contemporaine du design de collection. Le choix de papier de Sophie Dries est une \u00e9volution du processus du papier m\u00e2ch\u00e9 et a une qualit\u00e9 brute et textur\u00e9e qui ressemble \u00e0 la pierre.<\/p>\n","protected":false},"excerpt":{"rendered":"<p>Glow Lunar est une \u00e9dition limit\u00e9e &#8211; con\u00e7ue pour M. Lawrence. Pour la Milan Design Week 2021, la maison de vente aux ench\u00e8res Cambi et le cabinet de conseil en design Mr.Lawrence se sont associ\u00e9s pour pr\u00e9senter CTMP Design Auction, un projet qui c\u00e9l\u00e8bre les voix les plus influentes de la sc\u00e8ne contemporaine du design [&hellip;]<\/p>\n","protected":false},"featured_media":1034185,"template":"","meta":{"_acf_changed":false,"content-type":"","_themeisle_gutenberg_block_has_review":false},"product_brand":[],"product_cat":[8961,12507],"product_tag":[31474,31476,31477],"product_designer":[17359,25959],"comfabric":[],"manufacturer":[21959],"reporting_designer":[37325],"samplecomfabric":[],"designer_clubroom":[],"class_list":{"0":"post-5686104","1":"product","2":"type-product","3":"status-publish","4":"has-post-thumbnail","6":"product_cat-suspensions","7":"product_cat-luminaires","8":"product_tag-co-white-fr","9":"product_tag-st-collectible-fr","10":"product_tag-st-curvy-fr","11":"product_designer-sophie-dries-fr","12":"product_designer-sophie-dries-x-kaia-fr","13":"manufacturer-kaia-atelier-germany-fr","14":"reporting_designer-sophie-dries","15":"exhibitions-new-york-fr","17":"first","18":"instock","19":"taxable","20":"shipping-taxable","21":"purchasable","22":"product-type-variable"},"acf":[],"_links":{"self":[{"href":"https:\/\/theinvisiblecollection.com\/fr\/wp-json\/wp\/v2\/product\/5686104","targetHints":{"allow":["GET"]}}],"collection":[{"href":"https:\/\/theinvisiblecollection.com\/fr\/wp-json\/wp\/v2\/product"}],"about":[{"href":"https:\/\/theinvisiblecollection.com\/fr\/wp-json\/wp\/v2\/types\/product"}],"wp:featuredmedia":[{"embeddable":true,"href":"https:\/\/theinvisiblecollection.com\/fr\/wp-json\/wp\/v2\/media\/1034185"}],"wp:attachment":[{"href":"https:\/\/theinvisiblecollection.com\/fr\/wp-json\/wp\/v2\/media?parent=5686104"}],"wp:term":[{"taxonomy":"product_brand","embeddable":true,"href":"https:\/\/theinvisiblecollection.com\/fr\/wp-json\/wp\/v2\/product_brand?post=5686104"},{"taxonomy":"product_cat","embeddable":true,"href":"https:\/\/theinvisiblecollection.com\/fr\/wp-json\/wp\/v2\/product_cat?post=5686104"},{"taxonomy":"product_tag","embeddable":true,"href":"https:\/\/theinvisiblecollection.com\/fr\/wp-json\/wp\/v2\/product_tag?post=5686104"},{"taxonomy":"product_designer","embeddable":true,"href":"https:\/\/theinvisiblecollection.com\/fr\/wp-json\/wp\/v2\/product_designer?post=5686104"},{"taxonomy":"comfabric","embeddable":true,"href":"https:\/\/theinvisiblecollection.com\/fr\/wp-json\/wp\/v2\/comfabric?post=5686104"},{"taxonomy":"manufacturer","embeddable":true,"href":"https:\/\/theinvisiblecollection.com\/fr\/wp-json\/wp\/v2\/manufacturer?post=5686104"},{"taxonomy":"reporting_designer","embeddable":true,"href":"https:\/\/theinvisiblecollection.com\/fr\/wp-json\/wp\/v2\/reporting_designer?post=5686104"},{"taxonomy":"samplecomfabric","embeddable":true,"href":"https:\/\/theinvisiblecollection.com\/fr\/wp-json\/wp\/v2\/samplecomfabric?post=5686104"},{"taxonomy":"clubroom_product_designer","embeddable":true,"href":"https:\/\/theinvisiblecollection.com\/fr\/wp-json\/wp\/v2\/designer_clubroom?post=5686104"}],"curies":[{"name":"wp","href":"https:\/\/api.w.org\/{rel}","templated":true}]}}