{"id":56875,"date":"2023-03-15T10:51:25","date_gmt":"2023-03-15T09:51:25","guid":{"rendered":"https:\/\/www.theinvisiblecollection.com\/?post_type=product&#038;p=56875"},"modified":"2026-05-01T07:39:35","modified_gmt":"2026-05-01T07:39:35","slug":"pierre-augustin-rose-table-ronde-craft","status":"publish","type":"product","link":"https:\/\/theinvisiblecollection.com\/fr\/produit\/pierre-augustin-rose-table-ronde-craft\/","title":{"rendered":"Table Ronde Craft"},"content":{"rendered":"<p style=\"text-align: justify;\">La table ronde Craft tire son nom des traditions artisanales et du savoir-faire de la cr\u00e9ation de cette pi\u00e8ce sophistiqu\u00e9e.<\/p>\n","protected":false},"excerpt":{"rendered":"<p>Table basse photographi\u00e9e ici avec un plateau en ch\u00eane verni sculpt\u00e9<br \/>\nPlateau \u00e9galement disponible en ch\u00eane lisse verni<br \/>\nPi\u00e8tement laqu\u00e9 blanc cass\u00e9<\/p>\n<p>L 120 x l 120 x H 39 cm<\/p>\n<p>Fabriqu\u00e9e \u00e0 la main en Europe<br \/>\nD\u00e9lais de production : 10 &#8211; 14 semaines<\/p>\n<p><span style=\"text-decoration: underline;\"><a href=\"https:\/\/www.theinvisiblecollection.com\/fr\/demande-de-devis\/?product_id=56875\" target=\"_blank\" rel=\"noopener noreferrer\">Contactez-nous pour toute demande de devis ou de renseignements<\/a><\/span><\/p>\n","protected":false},"featured_media":67600,"template":"","meta":{"_acf_changed":false,"content-type":"","_themeisle_gutenberg_block_has_review":false},"product_brand":[],"product_cat":[7509,12503],"product_tag":[9001,9409,9458,11349,14925,31474,31477,35206],"product_designer":[8908],"comfabric":[29018],"manufacturer":[16828],"reporting_designer":[37608],"samplecomfabric":[30018],"designer_clubroom":[],"class_list":{"0":"post-56875","1":"product","2":"type-product","3":"status-publish","4":"has-post-thumbnail","6":"product_cat-tables-basses-dappoint","7":"product_cat-tables-fr","8":"product_tag-chene","9":"product_tag-pierre-augustin-rose-fr-2","10":"product_tag-chene-plaque","11":"product_tag-pierre-augustine-rose-fr","12":"product_tag-hpfav-fr","13":"product_tag-co-white-fr","14":"product_tag-st-curvy-fr","15":"product_tag-exclusive-fr","16":"pa_tabletop-finish-gouge-fr","17":"pa_tabletop-finish-lisse-fr","18":"product_designer-pierre-augustin-rose-fr","19":"comfabric-pierre-augustin-rose-fr","20":"manufacturer-charvin-logistics-saint-ouen-la-ex-egetra-fr","21":"reporting_designer-pierre-augustin-rose","22":"samplecomfabric-pierre-augustin-rose-fr","23":"exhibitions-new-york-fr","25":"first","26":"instock","27":"taxable","28":"shipping-taxable","29":"purchasable","30":"product-type-variable"},"acf":[],"_links":{"self":[{"href":"https:\/\/theinvisiblecollection.com\/fr\/wp-json\/wp\/v2\/product\/56875","targetHints":{"allow":["GET"]}}],"collection":[{"href":"https:\/\/theinvisiblecollection.com\/fr\/wp-json\/wp\/v2\/product"}],"about":[{"href":"https:\/\/theinvisiblecollection.com\/fr\/wp-json\/wp\/v2\/types\/product"}],"wp:featuredmedia":[{"embeddable":true,"href":"https:\/\/theinvisiblecollection.com\/fr\/wp-json\/wp\/v2\/media\/67600"}],"wp:attachment":[{"href":"https:\/\/theinvisiblecollection.com\/fr\/wp-json\/wp\/v2\/media?parent=56875"}],"wp:term":[{"taxonomy":"product_brand","embeddable":true,"href":"https:\/\/theinvisiblecollection.com\/fr\/wp-json\/wp\/v2\/product_brand?post=56875"},{"taxonomy":"product_cat","embeddable":true,"href":"https:\/\/theinvisiblecollection.com\/fr\/wp-json\/wp\/v2\/product_cat?post=56875"},{"taxonomy":"product_tag","embeddable":true,"href":"https:\/\/theinvisiblecollection.com\/fr\/wp-json\/wp\/v2\/product_tag?post=56875"},{"taxonomy":"product_designer","embeddable":true,"href":"https:\/\/theinvisiblecollection.com\/fr\/wp-json\/wp\/v2\/product_designer?post=56875"},{"taxonomy":"comfabric","embeddable":true,"href":"https:\/\/theinvisiblecollection.com\/fr\/wp-json\/wp\/v2\/comfabric?post=56875"},{"taxonomy":"manufacturer","embeddable":true,"href":"https:\/\/theinvisiblecollection.com\/fr\/wp-json\/wp\/v2\/manufacturer?post=56875"},{"taxonomy":"reporting_designer","embeddable":true,"href":"https:\/\/theinvisiblecollection.com\/fr\/wp-json\/wp\/v2\/reporting_designer?post=56875"},{"taxonomy":"samplecomfabric","embeddable":true,"href":"https:\/\/theinvisiblecollection.com\/fr\/wp-json\/wp\/v2\/samplecomfabric?post=56875"},{"taxonomy":"clubroom_product_designer","embeddable":true,"href":"https:\/\/theinvisiblecollection.com\/fr\/wp-json\/wp\/v2\/designer_clubroom?post=56875"}],"curies":[{"name":"wp","href":"https:\/\/api.w.org\/{rel}","templated":true}]}}