{"id":5688329,"date":"2025-11-20T12:45:44","date_gmt":"2025-11-20T12:45:44","guid":{"rendered":"https:\/\/theinvisiblecollection.com\/?post_type=product&#038;p=5688329"},"modified":"2026-05-01T07:37:28","modified_gmt":"2026-05-01T07:37:28","slug":"flores-design-canape-everyday","status":"publish","type":"product","link":"https:\/\/theinvisiblecollection.com\/fr\/produit\/flores-design-canape-everyday\/","title":{"rendered":"Canap\u00e9 Everyday"},"content":{"rendered":"<p style=\"text-align: justify;\">Le Canap\u00e9 Everyday est un canap\u00e9 d\u00e9contract\u00e9 inspir\u00e9 de notre quotidien et adapt\u00e9 \u00e0 chaque moment de la journ\u00e9e. Chaleureux et structur\u00e9 \u00e0 la fois, il est fabriqu\u00e9 \u00e0 la main au Portugal.<\/p>\n","protected":false},"excerpt":{"rendered":"<p>Le Canap\u00e9 Everyday est un canap\u00e9 d\u00e9contract\u00e9 inspir\u00e9 de notre quotidien et adapt\u00e9 \u00e0 chaque moment de la journ\u00e9e. Chaleureux et structur\u00e9 \u00e0 la fois, il est fabriqu\u00e9 \u00e0 la main au Portugal.<\/p>\n","protected":false},"featured_media":5701233,"template":"","meta":{"_acf_changed":false,"content-type":"","_themeisle_gutenberg_block_has_review":false},"product_brand":[],"product_cat":[8976,12499],"product_tag":[8942,22790],"product_designer":[17938],"comfabric":[],"manufacturer":[17936],"reporting_designer":[37836],"samplecomfabric":[],"designer_clubroom":[],"class_list":{"0":"post-5688329","1":"product","2":"type-product","3":"status-publish","4":"has-post-thumbnail","6":"product_cat-canapes","7":"product_cat-assises","8":"product_tag-assise","9":"product_tag-disponible-immediatement","10":"pa_size-2-seater","11":"pa_size-3-seater","12":"product_designer-flores-design","13":"manufacturer-flores-design","14":"reporting_designer-flores","15":"exhibitions-paris-fr","17":"first","18":"instock","19":"taxable","20":"shipping-taxable","21":"product-type-variable"},"acf":[],"_links":{"self":[{"href":"https:\/\/theinvisiblecollection.com\/fr\/wp-json\/wp\/v2\/product\/5688329","targetHints":{"allow":["GET"]}}],"collection":[{"href":"https:\/\/theinvisiblecollection.com\/fr\/wp-json\/wp\/v2\/product"}],"about":[{"href":"https:\/\/theinvisiblecollection.com\/fr\/wp-json\/wp\/v2\/types\/product"}],"wp:featuredmedia":[{"embeddable":true,"href":"https:\/\/theinvisiblecollection.com\/fr\/wp-json\/wp\/v2\/media\/5701233"}],"wp:attachment":[{"href":"https:\/\/theinvisiblecollection.com\/fr\/wp-json\/wp\/v2\/media?parent=5688329"}],"wp:term":[{"taxonomy":"product_brand","embeddable":true,"href":"https:\/\/theinvisiblecollection.com\/fr\/wp-json\/wp\/v2\/product_brand?post=5688329"},{"taxonomy":"product_cat","embeddable":true,"href":"https:\/\/theinvisiblecollection.com\/fr\/wp-json\/wp\/v2\/product_cat?post=5688329"},{"taxonomy":"product_tag","embeddable":true,"href":"https:\/\/theinvisiblecollection.com\/fr\/wp-json\/wp\/v2\/product_tag?post=5688329"},{"taxonomy":"product_designer","embeddable":true,"href":"https:\/\/theinvisiblecollection.com\/fr\/wp-json\/wp\/v2\/product_designer?post=5688329"},{"taxonomy":"comfabric","embeddable":true,"href":"https:\/\/theinvisiblecollection.com\/fr\/wp-json\/wp\/v2\/comfabric?post=5688329"},{"taxonomy":"manufacturer","embeddable":true,"href":"https:\/\/theinvisiblecollection.com\/fr\/wp-json\/wp\/v2\/manufacturer?post=5688329"},{"taxonomy":"reporting_designer","embeddable":true,"href":"https:\/\/theinvisiblecollection.com\/fr\/wp-json\/wp\/v2\/reporting_designer?post=5688329"},{"taxonomy":"samplecomfabric","embeddable":true,"href":"https:\/\/theinvisiblecollection.com\/fr\/wp-json\/wp\/v2\/samplecomfabric?post=5688329"},{"taxonomy":"clubroom_product_designer","embeddable":true,"href":"https:\/\/theinvisiblecollection.com\/fr\/wp-json\/wp\/v2\/designer_clubroom?post=5688329"}],"curies":[{"name":"wp","href":"https:\/\/api.w.org\/{rel}","templated":true}]}}