{"id":5689302,"date":"2020-10-27T14:56:30","date_gmt":"2020-10-27T13:56:30","guid":{"rendered":"https:\/\/theinvisiblecollection.com\/?post_type=product&#038;p=5689302"},"modified":"2026-05-01T07:37:26","modified_gmt":"2026-05-01T07:37:26","slug":"gounot-jahnke-projecteur-marienbad-s-2","status":"publish","type":"product","link":"https:\/\/theinvisiblecollection.com\/fr\/produit\/gounot-jahnke-projecteur-marienbad-s-2\/","title":{"rendered":"Projecteur Marienbad S"},"content":{"rendered":"<p>Les lignes \u00e9pur\u00e9es offrent des lignes intemporelles classiques, modernistes ou minimales. Les d\u00e9tails d\u2019assemblage, les finitions m\u00e9talliques et leurs performances lumineuses sont reconnus comme les plus \u00e9lev\u00e9es dans leur cat\u00e9gorie.<\/p>\n","protected":false},"excerpt":{"rendered":"<p>Les lignes \u00e9pur\u00e9es offrent des lignes intemporelles classiques, modernistes ou minimales. Les d\u00e9tails d\u2019assemblage, les finitions m\u00e9talliques et leurs performances lumineuses sont reconnus comme les plus \u00e9lev\u00e9es dans leur cat\u00e9gorie.<\/p>\n","protected":false},"featured_media":626148,"template":"","meta":{"_acf_changed":false,"content-type":"","_themeisle_gutenberg_block_has_review":false},"product_brand":[],"product_cat":[8961,12507],"product_tag":[9200,9237,9319,9450,11956,11959,11960,35206],"product_designer":[11898,11951],"comfabric":[],"manufacturer":[16738],"reporting_designer":[37576],"samplecomfabric":[],"designer_clubroom":[],"class_list":{"0":"post-5689302","1":"product","2":"type-product","3":"status-publish","4":"has-post-thumbnail","6":"product_cat-suspensions","7":"product_cat-luminaires","8":"product_tag-luminaire-fr-2","9":"product_tag-lampe-fr-2","10":"product_tag-plafond","11":"product_tag-suspension-fr-3","12":"product_tag-projecteur-fr","13":"product_tag-joseph-dirant-fr","14":"product_tag-ozone-fr","15":"product_tag-exclusive-fr","16":"product_designer-ozone-fr","17":"product_designer-gounot-and-jahnke-par-ozone","18":"manufacturer-ozone-fr","19":"reporting_designer-ozone","21":"first","22":"instock","23":"taxable","24":"shipping-taxable","25":"purchasable","26":"product-type-variable"},"acf":[],"_links":{"self":[{"href":"https:\/\/theinvisiblecollection.com\/fr\/wp-json\/wp\/v2\/product\/5689302","targetHints":{"allow":["GET"]}}],"collection":[{"href":"https:\/\/theinvisiblecollection.com\/fr\/wp-json\/wp\/v2\/product"}],"about":[{"href":"https:\/\/theinvisiblecollection.com\/fr\/wp-json\/wp\/v2\/types\/product"}],"wp:featuredmedia":[{"embeddable":true,"href":"https:\/\/theinvisiblecollection.com\/fr\/wp-json\/wp\/v2\/media\/626148"}],"wp:attachment":[{"href":"https:\/\/theinvisiblecollection.com\/fr\/wp-json\/wp\/v2\/media?parent=5689302"}],"wp:term":[{"taxonomy":"product_brand","embeddable":true,"href":"https:\/\/theinvisiblecollection.com\/fr\/wp-json\/wp\/v2\/product_brand?post=5689302"},{"taxonomy":"product_cat","embeddable":true,"href":"https:\/\/theinvisiblecollection.com\/fr\/wp-json\/wp\/v2\/product_cat?post=5689302"},{"taxonomy":"product_tag","embeddable":true,"href":"https:\/\/theinvisiblecollection.com\/fr\/wp-json\/wp\/v2\/product_tag?post=5689302"},{"taxonomy":"product_designer","embeddable":true,"href":"https:\/\/theinvisiblecollection.com\/fr\/wp-json\/wp\/v2\/product_designer?post=5689302"},{"taxonomy":"comfabric","embeddable":true,"href":"https:\/\/theinvisiblecollection.com\/fr\/wp-json\/wp\/v2\/comfabric?post=5689302"},{"taxonomy":"manufacturer","embeddable":true,"href":"https:\/\/theinvisiblecollection.com\/fr\/wp-json\/wp\/v2\/manufacturer?post=5689302"},{"taxonomy":"reporting_designer","embeddable":true,"href":"https:\/\/theinvisiblecollection.com\/fr\/wp-json\/wp\/v2\/reporting_designer?post=5689302"},{"taxonomy":"samplecomfabric","embeddable":true,"href":"https:\/\/theinvisiblecollection.com\/fr\/wp-json\/wp\/v2\/samplecomfabric?post=5689302"},{"taxonomy":"clubroom_product_designer","embeddable":true,"href":"https:\/\/theinvisiblecollection.com\/fr\/wp-json\/wp\/v2\/designer_clubroom?post=5689302"}],"curies":[{"name":"wp","href":"https:\/\/api.w.org\/{rel}","templated":true}]}}