{"id":5689392,"date":"2025-02-25T13:59:30","date_gmt":"2025-02-25T13:59:30","guid":{"rendered":"https:\/\/theinvisiblecollection.com\/?post_type=product&#038;p=5689392"},"modified":"2026-05-01T07:37:26","modified_gmt":"2026-05-01T07:37:26","slug":"flores-design-table-d-appoint-azam-i-i","status":"publish","type":"product","link":"https:\/\/theinvisiblecollection.com\/fr\/produit\/flores-design-table-d-appoint-azam-i-i\/","title":{"rendered":"Table d&#8217;Appoint Azam I I"},"content":{"rendered":"<p style=\"text-align: justify;\">La table d&#8217;appoint Azam de Flores Design est un chef-d&#8217;\u0153uvre inspir\u00e9 du cin\u00e9ma embl\u00e9matique Liberty, un pilier du patrimoine architectural de Mumbai depuis 1947. Son nom, <em>Azam<\/em>, qui signifie &#8220;puits \u00e0 souhaits&#8221;, incarne des aspirations de grandeur pour les espaces qu&#8217;elle occupe. Cette table se distingue par son pi\u00e9destal saisissant en marbre Verde Viana, une pierre aussi intemporelle que les histoires partag\u00e9es par le cin\u00e9ma Liberty. Rendant hommage \u00e0 la splendeur du cin\u00e9ma indien, son design s\u2019inspire du c\u00e9l\u00e8bre film <em>Mughal-e-Azam<\/em>, qui a autrefois illumin\u00e9 les \u00e9crans de ce th\u00e9\u00e2tre historique.<\/p>\n<p style=\"text-align: justify;\">Fabriqu\u00e9 \u00e0 la main par des artisans d&#8217;exception, cette cr\u00e9ation est unique. Les veines et les teintes du marbre peuvent varier l\u00e9g\u00e8rement.<\/p>\n","protected":false},"excerpt":{"rendered":"<p>La table d&#8217;appoint Azam de Flores Design est un chef-d&#8217;\u0153uvre inspir\u00e9 du cin\u00e9ma embl\u00e9matique Liberty, un pilier du patrimoine architectural de Mumbai depuis 1947. Son nom, Azam, qui signifie &#8220;puits \u00e0 souhaits&#8221;, incarne des aspirations de grandeur pour les espaces qu&#8217;elle occupe. Cette table se distingue par son pi\u00e9destal saisissant en marbre Verde Viana, une [&hellip;]<\/p>\n","protected":false},"featured_media":5689390,"template":"","meta":{"_acf_changed":false,"content-type":"","_themeisle_gutenberg_block_has_review":false},"product_brand":[],"product_cat":[12332,12503],"product_tag":[10140,22790,31474,31477,35206],"product_designer":[17938],"comfabric":[],"manufacturer":[17936],"reporting_designer":[37836],"samplecomfabric":[],"designer_clubroom":[],"class_list":{"0":"post-5689392","1":"product","2":"type-product","3":"status-publish","4":"has-post-thumbnail","6":"product_cat-tables-dappoint","7":"product_cat-tables-fr","8":"product_tag-mobilier-exterieur-fr","9":"product_tag-disponible-immediatement","10":"product_tag-co-white-fr","11":"product_tag-st-curvy-fr","12":"product_tag-exclusive-fr","13":"product_designer-flores-design","14":"manufacturer-flores-design","15":"reporting_designer-flores","16":"exhibitions-paris-fr","18":"first","19":"instock","20":"taxable","21":"shipping-taxable","22":"purchasable","23":"product-type-simple"},"acf":[],"_links":{"self":[{"href":"https:\/\/theinvisiblecollection.com\/fr\/wp-json\/wp\/v2\/product\/5689392","targetHints":{"allow":["GET"]}}],"collection":[{"href":"https:\/\/theinvisiblecollection.com\/fr\/wp-json\/wp\/v2\/product"}],"about":[{"href":"https:\/\/theinvisiblecollection.com\/fr\/wp-json\/wp\/v2\/types\/product"}],"wp:featuredmedia":[{"embeddable":true,"href":"https:\/\/theinvisiblecollection.com\/fr\/wp-json\/wp\/v2\/media\/5689390"}],"wp:attachment":[{"href":"https:\/\/theinvisiblecollection.com\/fr\/wp-json\/wp\/v2\/media?parent=5689392"}],"wp:term":[{"taxonomy":"product_brand","embeddable":true,"href":"https:\/\/theinvisiblecollection.com\/fr\/wp-json\/wp\/v2\/product_brand?post=5689392"},{"taxonomy":"product_cat","embeddable":true,"href":"https:\/\/theinvisiblecollection.com\/fr\/wp-json\/wp\/v2\/product_cat?post=5689392"},{"taxonomy":"product_tag","embeddable":true,"href":"https:\/\/theinvisiblecollection.com\/fr\/wp-json\/wp\/v2\/product_tag?post=5689392"},{"taxonomy":"product_designer","embeddable":true,"href":"https:\/\/theinvisiblecollection.com\/fr\/wp-json\/wp\/v2\/product_designer?post=5689392"},{"taxonomy":"comfabric","embeddable":true,"href":"https:\/\/theinvisiblecollection.com\/fr\/wp-json\/wp\/v2\/comfabric?post=5689392"},{"taxonomy":"manufacturer","embeddable":true,"href":"https:\/\/theinvisiblecollection.com\/fr\/wp-json\/wp\/v2\/manufacturer?post=5689392"},{"taxonomy":"reporting_designer","embeddable":true,"href":"https:\/\/theinvisiblecollection.com\/fr\/wp-json\/wp\/v2\/reporting_designer?post=5689392"},{"taxonomy":"samplecomfabric","embeddable":true,"href":"https:\/\/theinvisiblecollection.com\/fr\/wp-json\/wp\/v2\/samplecomfabric?post=5689392"},{"taxonomy":"clubroom_product_designer","embeddable":true,"href":"https:\/\/theinvisiblecollection.com\/fr\/wp-json\/wp\/v2\/designer_clubroom?post=5689392"}],"curies":[{"name":"wp","href":"https:\/\/api.w.org\/{rel}","templated":true}]}}