{"id":5692455,"date":"2024-12-04T15:37:47","date_gmt":"2024-12-04T15:37:47","guid":{"rendered":"https:\/\/theinvisiblecollection.com\/?post_type=product&#038;p=5692455"},"modified":"2026-05-01T07:37:26","modified_gmt":"2026-05-01T07:37:26","slug":"lesage-interieurs-coussin-vague-japonaise","status":"publish","type":"product","link":"https:\/\/theinvisiblecollection.com\/fr\/produit\/lesage-interieurs-coussin-vague-japonaise\/","title":{"rendered":"Coussin Vague Japonaise"},"content":{"rendered":"<p style=\"text-align: justify;\">L&#8217;influence japonaise est clairement perceptible dans ces coussins, qui se distinguent par leur broderie d\u00e9licate r\u00e9alis\u00e9e en fil de coton \u00e0 l\u2019aide d\u2019une simple cha\u00eenette. Cette technique met en valeur des motifs \u00e9pur\u00e9s et \u00e9l\u00e9gants, caract\u00e9ristiques de l&#8217;esth\u00e9tique japonaise, tout en ajoutant une touche de sophistication subtile \u00e0 chaque pi\u00e8ce.<\/p>\n","protected":false},"excerpt":{"rendered":"<p>L&#8217;influence japonaise est clairement perceptible dans ces coussins, qui se distinguent par leur broderie d\u00e9licate r\u00e9alis\u00e9e en fil de coton \u00e0 l\u2019aide d\u2019une simple cha\u00eenette. Cette technique met en valeur des motifs \u00e9pur\u00e9s et \u00e9l\u00e9gants, caract\u00e9ristiques de l&#8217;esth\u00e9tique japonaise, tout en ajoutant une touche de sophistication subtile \u00e0 chaque pi\u00e8ce.<\/p>\n","protected":false},"featured_media":5836766,"template":"","meta":{"_acf_changed":false,"content-type":"","_themeisle_gutenberg_block_has_review":false},"product_brand":[],"product_cat":[7517,12530,19992],"product_tag":[31474],"product_designer":[21702],"comfabric":[],"manufacturer":[21700],"reporting_designer":[37428],"samplecomfabric":[],"designer_clubroom":[],"class_list":{"0":"post-5692455","1":"product","2":"type-product","3":"status-publish","4":"has-post-thumbnail","6":"product_cat-deco-fr","7":"product_cat-coussins-plaids","8":"product_cat-coussins","9":"product_tag-co-white-fr","10":"product_designer-lesage-intrieurs-fr","11":"manufacturer-lesage-intrieurs-fr","12":"reporting_designer-lesage-interieurs-fr","14":"first","15":"instock","16":"taxable","17":"shipping-taxable","18":"purchasable","19":"product-type-simple"},"acf":[],"_links":{"self":[{"href":"https:\/\/theinvisiblecollection.com\/fr\/wp-json\/wp\/v2\/product\/5692455","targetHints":{"allow":["GET"]}}],"collection":[{"href":"https:\/\/theinvisiblecollection.com\/fr\/wp-json\/wp\/v2\/product"}],"about":[{"href":"https:\/\/theinvisiblecollection.com\/fr\/wp-json\/wp\/v2\/types\/product"}],"wp:featuredmedia":[{"embeddable":true,"href":"https:\/\/theinvisiblecollection.com\/fr\/wp-json\/wp\/v2\/media\/5836766"}],"wp:attachment":[{"href":"https:\/\/theinvisiblecollection.com\/fr\/wp-json\/wp\/v2\/media?parent=5692455"}],"wp:term":[{"taxonomy":"product_brand","embeddable":true,"href":"https:\/\/theinvisiblecollection.com\/fr\/wp-json\/wp\/v2\/product_brand?post=5692455"},{"taxonomy":"product_cat","embeddable":true,"href":"https:\/\/theinvisiblecollection.com\/fr\/wp-json\/wp\/v2\/product_cat?post=5692455"},{"taxonomy":"product_tag","embeddable":true,"href":"https:\/\/theinvisiblecollection.com\/fr\/wp-json\/wp\/v2\/product_tag?post=5692455"},{"taxonomy":"product_designer","embeddable":true,"href":"https:\/\/theinvisiblecollection.com\/fr\/wp-json\/wp\/v2\/product_designer?post=5692455"},{"taxonomy":"comfabric","embeddable":true,"href":"https:\/\/theinvisiblecollection.com\/fr\/wp-json\/wp\/v2\/comfabric?post=5692455"},{"taxonomy":"manufacturer","embeddable":true,"href":"https:\/\/theinvisiblecollection.com\/fr\/wp-json\/wp\/v2\/manufacturer?post=5692455"},{"taxonomy":"reporting_designer","embeddable":true,"href":"https:\/\/theinvisiblecollection.com\/fr\/wp-json\/wp\/v2\/reporting_designer?post=5692455"},{"taxonomy":"samplecomfabric","embeddable":true,"href":"https:\/\/theinvisiblecollection.com\/fr\/wp-json\/wp\/v2\/samplecomfabric?post=5692455"},{"taxonomy":"clubroom_product_designer","embeddable":true,"href":"https:\/\/theinvisiblecollection.com\/fr\/wp-json\/wp\/v2\/designer_clubroom?post=5692455"}],"curies":[{"name":"wp","href":"https:\/\/api.w.org\/{rel}","templated":true}]}}