{"id":5692491,"date":"2024-12-04T16:11:17","date_gmt":"2024-12-04T16:11:17","guid":{"rendered":"https:\/\/theinvisiblecollection.com\/?post_type=product&#038;p=5692491"},"modified":"2026-05-01T07:37:26","modified_gmt":"2026-05-01T07:37:26","slug":"lesage-interieurs-coussin-prismes","status":"publish","type":"product","link":"https:\/\/theinvisiblecollection.com\/fr\/produit\/lesage-interieurs-coussin-prismes\/","title":{"rendered":"Coussin Prismes"},"content":{"rendered":"<p style=\"text-align: justify;\">Brod\u00e9s de raphia de diff\u00e9rentes couleurs, les coussins Prismes \u00e9voquent le jeu des rayons du soleil \u00e0 travers les persiennes \u00e0 l&#8217;heure de la sieste.<\/p>\n","protected":false},"excerpt":{"rendered":"<p>Brod\u00e9s de raphia de diff\u00e9rentes couleurs, les coussins Prismes \u00e9voquent le jeu des rayons du soleil \u00e0 travers les persiennes \u00e0 l&#8217;heure de la sieste.<\/p>\n","protected":false},"featured_media":5696039,"template":"","meta":{"_acf_changed":false,"content-type":"","_themeisle_gutenberg_block_has_review":false},"product_brand":[],"product_cat":[7517,12530,19992],"product_tag":[22790,31474],"product_designer":[21702],"comfabric":[],"manufacturer":[21700],"reporting_designer":[37428],"samplecomfabric":[],"designer_clubroom":[],"class_list":{"0":"post-5692491","1":"product","2":"type-product","3":"status-publish","4":"has-post-thumbnail","6":"product_cat-deco-fr","7":"product_cat-coussins-plaids","8":"product_cat-coussins","9":"product_tag-disponible-immediatement","10":"product_tag-co-white-fr","11":"pa_cushions-avec-remplissage","12":"pa_cushions-sans-remplissage","13":"product_designer-lesage-intrieurs-fr","14":"manufacturer-lesage-intrieurs-fr","15":"reporting_designer-lesage-interieurs-fr","17":"first","18":"instock","19":"taxable","20":"shipping-taxable","21":"purchasable","22":"product-type-variable"},"acf":[],"_links":{"self":[{"href":"https:\/\/theinvisiblecollection.com\/fr\/wp-json\/wp\/v2\/product\/5692491","targetHints":{"allow":["GET"]}}],"collection":[{"href":"https:\/\/theinvisiblecollection.com\/fr\/wp-json\/wp\/v2\/product"}],"about":[{"href":"https:\/\/theinvisiblecollection.com\/fr\/wp-json\/wp\/v2\/types\/product"}],"wp:featuredmedia":[{"embeddable":true,"href":"https:\/\/theinvisiblecollection.com\/fr\/wp-json\/wp\/v2\/media\/5696039"}],"wp:attachment":[{"href":"https:\/\/theinvisiblecollection.com\/fr\/wp-json\/wp\/v2\/media?parent=5692491"}],"wp:term":[{"taxonomy":"product_brand","embeddable":true,"href":"https:\/\/theinvisiblecollection.com\/fr\/wp-json\/wp\/v2\/product_brand?post=5692491"},{"taxonomy":"product_cat","embeddable":true,"href":"https:\/\/theinvisiblecollection.com\/fr\/wp-json\/wp\/v2\/product_cat?post=5692491"},{"taxonomy":"product_tag","embeddable":true,"href":"https:\/\/theinvisiblecollection.com\/fr\/wp-json\/wp\/v2\/product_tag?post=5692491"},{"taxonomy":"product_designer","embeddable":true,"href":"https:\/\/theinvisiblecollection.com\/fr\/wp-json\/wp\/v2\/product_designer?post=5692491"},{"taxonomy":"comfabric","embeddable":true,"href":"https:\/\/theinvisiblecollection.com\/fr\/wp-json\/wp\/v2\/comfabric?post=5692491"},{"taxonomy":"manufacturer","embeddable":true,"href":"https:\/\/theinvisiblecollection.com\/fr\/wp-json\/wp\/v2\/manufacturer?post=5692491"},{"taxonomy":"reporting_designer","embeddable":true,"href":"https:\/\/theinvisiblecollection.com\/fr\/wp-json\/wp\/v2\/reporting_designer?post=5692491"},{"taxonomy":"samplecomfabric","embeddable":true,"href":"https:\/\/theinvisiblecollection.com\/fr\/wp-json\/wp\/v2\/samplecomfabric?post=5692491"},{"taxonomy":"clubroom_product_designer","embeddable":true,"href":"https:\/\/theinvisiblecollection.com\/fr\/wp-json\/wp\/v2\/designer_clubroom?post=5692491"}],"curies":[{"name":"wp","href":"https:\/\/api.w.org\/{rel}","templated":true}]}}