{"id":5697501,"date":"2024-12-11T10:11:09","date_gmt":"2024-12-11T10:11:09","guid":{"rendered":"https:\/\/theinvisiblecollection.com\/?post_type=product&#038;p=5697501"},"modified":"2026-05-01T07:37:26","modified_gmt":"2026-05-01T07:37:26","slug":"charlotte-biltgen-ottoman-ebisu","status":"publish","type":"product","link":"https:\/\/theinvisiblecollection.com\/fr\/produit\/charlotte-biltgen-ottoman-ebisu\/","title":{"rendered":"Ottoman Ebisu"},"content":{"rendered":"<p class=\"\" data-start=\"40\" data-end=\"356\">L&#8217;Ottoman Ebisu, con\u00e7u par Charlotte Biltgen, tire son nom du quartier tokyo\u00efte \u00e9ponyme, reconnu pour son m\u00e9lange de culture contemporaine et d\u2019\u00e9l\u00e9gance discr\u00e8te. Fabriqu\u00e9 \u00e0 la main en France, ce pouf refl\u00e8te un savoir-faire d\u2019exception et une \u00e9l\u00e9gance silencieuse, en \u00e9cho \u00e0 l\u2019esth\u00e9tique raffin\u00e9e des ann\u00e9es 1930.<\/p>\n<p class=\"\" data-start=\"358\" data-end=\"672\">Avec sa silhouette \u00e0 la fois structur\u00e9e et fluide, le design joue sur les contrastes \u2014 masculin et f\u00e9minin, audacieux et sobre \u2014 \u00e9voquant le glamour intime d\u2019un club priv\u00e9 ou d\u2019un salon de la soci\u00e9t\u00e9 des caf\u00e9s. Ses lignes gracieuses et son profil sculptural apportent une sophistication intemporelle \u00e0 tout espace.<\/p>\n<p class=\"\" data-start=\"674\" data-end=\"1018\">Rev\u00eatu de mat\u00e9riaux somptueux, tels que le velours Adamo &amp; Eva de Dedar, et habill\u00e9 d\u2019une coque ext\u00e9rieure et d\u2019une base en cuir souple, l&#8217;ottoman Ebisu est aussi visuellement saisissant que profond\u00e9ment confortable. Ses proportions \u00e9tudi\u00e9es et ses finitions artisanales en font un \u00e9l\u00e9ment polyvalent et raffin\u00e9 pour les int\u00e9rieurs contemporains.<\/p>\n","protected":false},"excerpt":{"rendered":"<div class=\"pro-extra-item pro-manufacturing handmade-f\">Fabrication par des artisans d&#8217;exception, France<\/div>\n<div class=\"pro-extra-item pro-lead-time \"><span class=\"pro-lt\">D\u00e9lais de production : 16 semaines<\/span><\/div>\n","protected":false},"featured_media":5697493,"template":"","meta":{"_acf_changed":false,"content-type":"","_themeisle_gutenberg_block_has_review":false},"product_brand":[],"product_cat":[8969,12499],"product_tag":[31474,31477],"product_designer":[8923],"comfabric":[29352],"manufacturer":[20337],"reporting_designer":[37452],"samplecomfabric":[30114],"designer_clubroom":[],"class_list":{"0":"post-5697501","1":"product","2":"type-product","3":"status-publish","4":"has-post-thumbnail","6":"product_cat-ottomans-tabourets","7":"product_cat-assises","8":"product_tag-co-white-fr","9":"product_tag-st-curvy-fr","10":"pa_fabric-bisson-bruneel-bergamo-interieur-exterieur","11":"pa_fabric-en-blanc-sans-tissu-interieur-exterieur","12":"pa_fabric-dedar-vladimiro-interieur-cuir-llg-touch-exterieur","13":"pa_fabric-la-manufacture-prelle-ophelie-sable-005-cuir-sherwood-17","14":"product_designer-charlotte-biltgen-fr","15":"comfabric-aura-fr","16":"manufacturer-roissy-emballage-c-o-consulttransport-fr","17":"reporting_designer-charlotte-biltgen","18":"samplecomfabric-charlotte-biltgen-fr","20":"first","21":"instock","22":"taxable","23":"shipping-taxable","24":"purchasable","25":"product-type-variable"},"acf":[],"_links":{"self":[{"href":"https:\/\/theinvisiblecollection.com\/fr\/wp-json\/wp\/v2\/product\/5697501","targetHints":{"allow":["GET"]}}],"collection":[{"href":"https:\/\/theinvisiblecollection.com\/fr\/wp-json\/wp\/v2\/product"}],"about":[{"href":"https:\/\/theinvisiblecollection.com\/fr\/wp-json\/wp\/v2\/types\/product"}],"wp:featuredmedia":[{"embeddable":true,"href":"https:\/\/theinvisiblecollection.com\/fr\/wp-json\/wp\/v2\/media\/5697493"}],"wp:attachment":[{"href":"https:\/\/theinvisiblecollection.com\/fr\/wp-json\/wp\/v2\/media?parent=5697501"}],"wp:term":[{"taxonomy":"product_brand","embeddable":true,"href":"https:\/\/theinvisiblecollection.com\/fr\/wp-json\/wp\/v2\/product_brand?post=5697501"},{"taxonomy":"product_cat","embeddable":true,"href":"https:\/\/theinvisiblecollection.com\/fr\/wp-json\/wp\/v2\/product_cat?post=5697501"},{"taxonomy":"product_tag","embeddable":true,"href":"https:\/\/theinvisiblecollection.com\/fr\/wp-json\/wp\/v2\/product_tag?post=5697501"},{"taxonomy":"product_designer","embeddable":true,"href":"https:\/\/theinvisiblecollection.com\/fr\/wp-json\/wp\/v2\/product_designer?post=5697501"},{"taxonomy":"comfabric","embeddable":true,"href":"https:\/\/theinvisiblecollection.com\/fr\/wp-json\/wp\/v2\/comfabric?post=5697501"},{"taxonomy":"manufacturer","embeddable":true,"href":"https:\/\/theinvisiblecollection.com\/fr\/wp-json\/wp\/v2\/manufacturer?post=5697501"},{"taxonomy":"reporting_designer","embeddable":true,"href":"https:\/\/theinvisiblecollection.com\/fr\/wp-json\/wp\/v2\/reporting_designer?post=5697501"},{"taxonomy":"samplecomfabric","embeddable":true,"href":"https:\/\/theinvisiblecollection.com\/fr\/wp-json\/wp\/v2\/samplecomfabric?post=5697501"},{"taxonomy":"clubroom_product_designer","embeddable":true,"href":"https:\/\/theinvisiblecollection.com\/fr\/wp-json\/wp\/v2\/designer_clubroom?post=5697501"}],"curies":[{"name":"wp","href":"https:\/\/api.w.org\/{rel}","templated":true}]}}