{"id":5697727,"date":"2024-12-18T13:10:35","date_gmt":"2024-12-18T13:10:35","guid":{"rendered":"https:\/\/theinvisiblecollection.com\/?post_type=product&#038;p=5697727"},"modified":"2026-05-01T07:37:26","modified_gmt":"2026-05-01T07:37:26","slug":"emmanuelle-simon-miroir-noa","status":"publish","type":"product","link":"https:\/\/theinvisiblecollection.com\/fr\/produit\/emmanuelle-simon-miroir-noa\/","title":{"rendered":"Miroir Noa"},"content":{"rendered":"<p style=\"text-align: justify;\">Comme un nuage vaporeux, comme un ciel qui prend forme, la collection Noa invite \u00e0 l&#8217;\u00e9vasion. Ses formes al\u00e9atoires en pl\u00e2tre chamott\u00e9 \u00e9voquent les ondulations d\u2019un galet ricochant sur l\u2019eau, leur conf\u00e9rant toute leur po\u00e9sie. Le verre d\u00e9poli de la suspension, ench\u00e2ss\u00e9 dans un cadre en pl\u00e2tre, cr\u00e9e un mouvement liquide, presque insaisissable. Le plafond devient ciel et diffuse une lumi\u00e8re douce. Le miroir, quant \u00e0 lui, \u00e9voque r\u00eaves et contemplation.<\/p>\n","protected":false},"excerpt":{"rendered":"<p>Comme un nuage vaporeux, comme un ciel qui prend forme, la collection Noa invite \u00e0 l&#8217;\u00e9vasion. Ses formes al\u00e9atoires en pl\u00e2tre chamott\u00e9 \u00e9voquent les ondulations d\u2019un galet ricochant sur l\u2019eau, leur conf\u00e9rant toute leur po\u00e9sie. Le verre d\u00e9poli de la suspension, ench\u00e2ss\u00e9 dans un cadre en pl\u00e2tre, cr\u00e9e un mouvement liquide, presque insaisissable. Le plafond [&hellip;]<\/p>\n","protected":false},"featured_media":5701758,"template":"","meta":{"_acf_changed":false,"content-type":"","_themeisle_gutenberg_block_has_review":false},"product_brand":[],"product_cat":[7517,8225],"product_tag":[31477],"product_designer":[8897],"comfabric":[],"manufacturer":[28580],"reporting_designer":[37272],"samplecomfabric":[],"designer_clubroom":[],"class_list":{"0":"post-5697727","1":"product","2":"type-product","3":"status-publish","4":"has-post-thumbnail","6":"product_cat-deco-fr","7":"product_cat-miroirs-fr","8":"product_tag-st-curvy-fr","9":"product_designer-emmanuelle-simon-fr","10":"manufacturer-laval-pick-up-emmanuelle-simon-fr","11":"reporting_designer-emmanuelle-simon","13":"first","14":"instock","15":"taxable","16":"shipping-taxable","17":"purchasable","18":"product-type-variable"},"acf":[],"_links":{"self":[{"href":"https:\/\/theinvisiblecollection.com\/fr\/wp-json\/wp\/v2\/product\/5697727","targetHints":{"allow":["GET"]}}],"collection":[{"href":"https:\/\/theinvisiblecollection.com\/fr\/wp-json\/wp\/v2\/product"}],"about":[{"href":"https:\/\/theinvisiblecollection.com\/fr\/wp-json\/wp\/v2\/types\/product"}],"wp:featuredmedia":[{"embeddable":true,"href":"https:\/\/theinvisiblecollection.com\/fr\/wp-json\/wp\/v2\/media\/5701758"}],"wp:attachment":[{"href":"https:\/\/theinvisiblecollection.com\/fr\/wp-json\/wp\/v2\/media?parent=5697727"}],"wp:term":[{"taxonomy":"product_brand","embeddable":true,"href":"https:\/\/theinvisiblecollection.com\/fr\/wp-json\/wp\/v2\/product_brand?post=5697727"},{"taxonomy":"product_cat","embeddable":true,"href":"https:\/\/theinvisiblecollection.com\/fr\/wp-json\/wp\/v2\/product_cat?post=5697727"},{"taxonomy":"product_tag","embeddable":true,"href":"https:\/\/theinvisiblecollection.com\/fr\/wp-json\/wp\/v2\/product_tag?post=5697727"},{"taxonomy":"product_designer","embeddable":true,"href":"https:\/\/theinvisiblecollection.com\/fr\/wp-json\/wp\/v2\/product_designer?post=5697727"},{"taxonomy":"comfabric","embeddable":true,"href":"https:\/\/theinvisiblecollection.com\/fr\/wp-json\/wp\/v2\/comfabric?post=5697727"},{"taxonomy":"manufacturer","embeddable":true,"href":"https:\/\/theinvisiblecollection.com\/fr\/wp-json\/wp\/v2\/manufacturer?post=5697727"},{"taxonomy":"reporting_designer","embeddable":true,"href":"https:\/\/theinvisiblecollection.com\/fr\/wp-json\/wp\/v2\/reporting_designer?post=5697727"},{"taxonomy":"samplecomfabric","embeddable":true,"href":"https:\/\/theinvisiblecollection.com\/fr\/wp-json\/wp\/v2\/samplecomfabric?post=5697727"},{"taxonomy":"clubroom_product_designer","embeddable":true,"href":"https:\/\/theinvisiblecollection.com\/fr\/wp-json\/wp\/v2\/designer_clubroom?post=5697727"}],"curies":[{"name":"wp","href":"https:\/\/api.w.org\/{rel}","templated":true}]}}