{"id":5698186,"date":"2024-12-10T15:32:13","date_gmt":"2024-12-10T15:32:13","guid":{"rendered":"https:\/\/theinvisiblecollection.com\/?post_type=product&#038;p=5698186"},"modified":"2026-05-01T07:37:26","modified_gmt":"2026-05-01T07:37:26","slug":"emmanuelle-simon-applique-ronde-oyo-2","status":"publish","type":"product","link":"https:\/\/theinvisiblecollection.com\/fr\/produit\/emmanuelle-simon-applique-ronde-oyo-2\/","title":{"rendered":"Applique Ronde Oyo"},"content":{"rendered":"<p style=\"text-align: justify;\">Les appliques murales Oyo rendent hommage \u00e0 l&#8217;alliance des mat\u00e9riaux et au savoir-faire de l&#8217;artisan. Con\u00e7ues en pl\u00e2tre chamott\u00e9, elles accueillent une capsule en verre d\u00e9poli telle un pr\u00e9cieux joyau, atteignant un \u00e9quilibre parfait entre pr\u00e9cision et harmonie.<\/p>\n","protected":false},"excerpt":{"rendered":"<p>Les appliques murales Oyo rendent hommage \u00e0 l&#8217;alliance des mat\u00e9riaux et au savoir-faire de l&#8217;artisan. Con\u00e7ues en pl\u00e2tre chamott\u00e9, elles accueillent une capsule en verre d\u00e9poli telle un pr\u00e9cieux joyau, atteignant un \u00e9quilibre parfait entre pr\u00e9cision et harmonie.<\/p>\n","protected":false},"featured_media":5751925,"template":"","meta":{"_acf_changed":false,"content-type":"","_themeisle_gutenberg_block_has_review":false},"product_brand":[],"product_cat":[8975,12507],"product_tag":[],"product_designer":[8897],"comfabric":[],"manufacturer":[16892],"reporting_designer":[37272],"samplecomfabric":[],"designer_clubroom":[],"class_list":{"0":"post-5698186","1":"product","2":"type-product","3":"status-publish","4":"has-post-thumbnail","6":"product_cat-appliques-murales","7":"product_cat-luminaires","8":"product_designer-emmanuelle-simon-fr","9":"manufacturer-emmanuelle-simon-fr","10":"reporting_designer-emmanuelle-simon","12":"first","13":"instock","14":"taxable","15":"shipping-taxable","16":"purchasable","17":"product-type-variable"},"acf":[],"_links":{"self":[{"href":"https:\/\/theinvisiblecollection.com\/fr\/wp-json\/wp\/v2\/product\/5698186","targetHints":{"allow":["GET"]}}],"collection":[{"href":"https:\/\/theinvisiblecollection.com\/fr\/wp-json\/wp\/v2\/product"}],"about":[{"href":"https:\/\/theinvisiblecollection.com\/fr\/wp-json\/wp\/v2\/types\/product"}],"wp:featuredmedia":[{"embeddable":true,"href":"https:\/\/theinvisiblecollection.com\/fr\/wp-json\/wp\/v2\/media\/5751925"}],"wp:attachment":[{"href":"https:\/\/theinvisiblecollection.com\/fr\/wp-json\/wp\/v2\/media?parent=5698186"}],"wp:term":[{"taxonomy":"product_brand","embeddable":true,"href":"https:\/\/theinvisiblecollection.com\/fr\/wp-json\/wp\/v2\/product_brand?post=5698186"},{"taxonomy":"product_cat","embeddable":true,"href":"https:\/\/theinvisiblecollection.com\/fr\/wp-json\/wp\/v2\/product_cat?post=5698186"},{"taxonomy":"product_tag","embeddable":true,"href":"https:\/\/theinvisiblecollection.com\/fr\/wp-json\/wp\/v2\/product_tag?post=5698186"},{"taxonomy":"product_designer","embeddable":true,"href":"https:\/\/theinvisiblecollection.com\/fr\/wp-json\/wp\/v2\/product_designer?post=5698186"},{"taxonomy":"comfabric","embeddable":true,"href":"https:\/\/theinvisiblecollection.com\/fr\/wp-json\/wp\/v2\/comfabric?post=5698186"},{"taxonomy":"manufacturer","embeddable":true,"href":"https:\/\/theinvisiblecollection.com\/fr\/wp-json\/wp\/v2\/manufacturer?post=5698186"},{"taxonomy":"reporting_designer","embeddable":true,"href":"https:\/\/theinvisiblecollection.com\/fr\/wp-json\/wp\/v2\/reporting_designer?post=5698186"},{"taxonomy":"samplecomfabric","embeddable":true,"href":"https:\/\/theinvisiblecollection.com\/fr\/wp-json\/wp\/v2\/samplecomfabric?post=5698186"},{"taxonomy":"clubroom_product_designer","embeddable":true,"href":"https:\/\/theinvisiblecollection.com\/fr\/wp-json\/wp\/v2\/designer_clubroom?post=5698186"}],"curies":[{"name":"wp","href":"https:\/\/api.w.org\/{rel}","templated":true}]}}