{"id":5698428,"date":"2025-02-13T10:51:35","date_gmt":"2025-02-13T10:51:35","guid":{"rendered":"https:\/\/theinvisiblecollection.com\/?post_type=product&#038;p=5698428"},"modified":"2026-05-01T07:37:26","modified_gmt":"2026-05-01T07:37:26","slug":"emmanuelle-simon-table-a-manger-rectangle-tiga","status":"publish","type":"product","link":"https:\/\/theinvisiblecollection.com\/fr\/produit\/emmanuelle-simon-table-a-manger-rectangle-tiga\/","title":{"rendered":"Table \u00e0 Manger Rectangle Tiga"},"content":{"rendered":"<p style=\"text-align: justify;\">Le travail du bois sculpt\u00e9 \u00e0 la main dans la collection Tiga met en valeur un savoir-faire artisanal exceptionnel. Les formes irr\u00e9guli\u00e8res cr\u00e9ent des vibrations dynamiques gr\u00e2ce \u00e0 un jeu d&#8217;ombres et de lumi\u00e8re. Pour les tables, la d\u00e9coupe irr\u00e9guli\u00e8re du bord du plateau \u00e9voque le profil accident\u00e9 d&#8217;une falaise.<\/p>\n","protected":false},"excerpt":{"rendered":"<p>Le travail du bois sculpt\u00e9 \u00e0 la main dans la collection Tiga met en valeur un savoir-faire artisanal exceptionnel. Les formes irr\u00e9guli\u00e8res cr\u00e9ent des vibrations dynamiques gr\u00e2ce \u00e0 un jeu d&#8217;ombres et de lumi\u00e8re. Pour les tables, la d\u00e9coupe irr\u00e9guli\u00e8re du bord du plateau \u00e9voque le profil accident\u00e9 d&#8217;une falaise.<\/p>\n","protected":false},"featured_media":5698415,"template":"","meta":{"_acf_changed":false,"content-type":"","_themeisle_gutenberg_block_has_review":false},"product_brand":[],"product_cat":[8977,12503],"product_tag":[14925,31477],"product_designer":[8897],"comfabric":[],"manufacturer":[28580],"reporting_designer":[37272],"samplecomfabric":[],"designer_clubroom":[],"class_list":{"0":"post-5698428","1":"product","2":"type-product","3":"status-publish","4":"has-post-thumbnail","6":"product_cat-tables-salle-a-manger","7":"product_cat-tables-fr","8":"product_tag-hpfav-fr","9":"product_tag-st-curvy-fr","10":"product_designer-emmanuelle-simon-fr","11":"manufacturer-laval-pick-up-emmanuelle-simon-fr","12":"reporting_designer-emmanuelle-simon","14":"first","15":"instock","16":"taxable","17":"shipping-taxable","18":"purchasable","19":"product-type-simple"},"acf":[],"_links":{"self":[{"href":"https:\/\/theinvisiblecollection.com\/fr\/wp-json\/wp\/v2\/product\/5698428","targetHints":{"allow":["GET"]}}],"collection":[{"href":"https:\/\/theinvisiblecollection.com\/fr\/wp-json\/wp\/v2\/product"}],"about":[{"href":"https:\/\/theinvisiblecollection.com\/fr\/wp-json\/wp\/v2\/types\/product"}],"wp:featuredmedia":[{"embeddable":true,"href":"https:\/\/theinvisiblecollection.com\/fr\/wp-json\/wp\/v2\/media\/5698415"}],"wp:attachment":[{"href":"https:\/\/theinvisiblecollection.com\/fr\/wp-json\/wp\/v2\/media?parent=5698428"}],"wp:term":[{"taxonomy":"product_brand","embeddable":true,"href":"https:\/\/theinvisiblecollection.com\/fr\/wp-json\/wp\/v2\/product_brand?post=5698428"},{"taxonomy":"product_cat","embeddable":true,"href":"https:\/\/theinvisiblecollection.com\/fr\/wp-json\/wp\/v2\/product_cat?post=5698428"},{"taxonomy":"product_tag","embeddable":true,"href":"https:\/\/theinvisiblecollection.com\/fr\/wp-json\/wp\/v2\/product_tag?post=5698428"},{"taxonomy":"product_designer","embeddable":true,"href":"https:\/\/theinvisiblecollection.com\/fr\/wp-json\/wp\/v2\/product_designer?post=5698428"},{"taxonomy":"comfabric","embeddable":true,"href":"https:\/\/theinvisiblecollection.com\/fr\/wp-json\/wp\/v2\/comfabric?post=5698428"},{"taxonomy":"manufacturer","embeddable":true,"href":"https:\/\/theinvisiblecollection.com\/fr\/wp-json\/wp\/v2\/manufacturer?post=5698428"},{"taxonomy":"reporting_designer","embeddable":true,"href":"https:\/\/theinvisiblecollection.com\/fr\/wp-json\/wp\/v2\/reporting_designer?post=5698428"},{"taxonomy":"samplecomfabric","embeddable":true,"href":"https:\/\/theinvisiblecollection.com\/fr\/wp-json\/wp\/v2\/samplecomfabric?post=5698428"},{"taxonomy":"clubroom_product_designer","embeddable":true,"href":"https:\/\/theinvisiblecollection.com\/fr\/wp-json\/wp\/v2\/designer_clubroom?post=5698428"}],"curies":[{"name":"wp","href":"https:\/\/api.w.org\/{rel}","templated":true}]}}