{"id":5703382,"date":"2024-12-18T10:57:23","date_gmt":"2024-12-18T10:57:23","guid":{"rendered":"https:\/\/theinvisiblecollection.com\/?post_type=product&#038;p=5703382"},"modified":"2026-05-01T07:37:26","modified_gmt":"2026-05-01T07:37:26","slug":"leo-sentou-table-dappoint-volute-bronze","status":"publish","type":"product","link":"https:\/\/theinvisiblecollection.com\/fr\/produit\/leo-sentou-table-dappoint-volute-bronze\/","title":{"rendered":"Table d&#8217;Appoint Volute Bronze"},"content":{"rendered":"<p style=\"text-align: justify;\"><span class=\"TextRun SCXW265244024 BCX0\" lang=\"EN-GB\" xml:lang=\"EN-GB\" data-contrast=\"auto\"><span class=\"NormalTextRun SCXW265244024 BCX0\">La table Volute <\/span><span class=\"NormalTextRun SpellingErrorV2Themed SCXW265244024 BCX0\">est<\/span> <span class=\"NormalTextRun SpellingErrorV2Themed SCXW265244024 BCX0\">une<\/span><span class=\"NormalTextRun SCXW265244024 BCX0\"> reinterpretation <\/span><span class=\"NormalTextRun SpellingErrorV2Themed SCXW265244024 BCX0\">d&#8217;une<\/span><span class=\"NormalTextRun SCXW265244024 BCX0\"> &#8220;<\/span><span class=\"NormalTextRun SpellingErrorV2Themed SCXW265244024 BCX0\">servante<\/span><span class=\"NormalTextRun SCXW265244024 BCX0\"> monopole&#8221; de Louis Aubry (1741-1814). Forg\u00e9e<\/span><span class=\"NormalTextRun SCXW265244024 BCX0\">\u00a0a la main et <\/span><span class=\"NormalTextRun SpellingErrorV2Themed SCXW265244024 BCX0\">en<\/span><span class=\"NormalTextRun SCXW265244024 BCX0\"> Europe par <\/span><span class=\"NormalTextRun SpellingErrorV2Themed SCXW265244024 BCX0\">une<\/span> \u00e9quipe\u00a0<span class=\"NormalTextRun SpellingErrorV2Themed SCXW265244024 BCX0\">d&#8217;artisans<\/span><span class=\"NormalTextRun SCXW265244024 BCX0\"> de talent, la texture <\/span><span class=\"NormalTextRun SpellingErrorV2Themed SCXW265244024 BCX0\">est<\/span><span class=\"NormalTextRun SCXW265244024 BCX0\"> delicate et <\/span><span class=\"NormalTextRun SpellingErrorV2Themed SCXW265244024 BCX0\">sa<\/span> <span class=\"NormalTextRun SpellingErrorV2Themed SCXW265244024 BCX0\">ligne<\/span> <span class=\"NormalTextRun SpellingErrorV2Themed SCXW265244024 BCX0\">sinueuse<\/span> <span class=\"NormalTextRun SpellingErrorV2Themed SCXW265244024 BCX0\">projette<\/span> <span class=\"NormalTextRun SpellingErrorV2Themed SCXW265244024 BCX0\">une<\/span><span class=\"NormalTextRun SCXW265244024 BCX0\"> forte presence <\/span><span class=\"NormalTextRun SpellingErrorV2Themed SCXW265244024 BCX0\">sculpturale<\/span><span class=\"NormalTextRun SCXW265244024 BCX0\"> qui <\/span><span class=\"NormalTextRun SpellingErrorV2Themed SCXW265244024 BCX0\">contraste<\/span><span class=\"NormalTextRun SCXW265244024 BCX0\"> avec la d\u00e9licatesse du plateau qui <\/span><span class=\"NormalTextRun SpellingErrorV2Themed SCXW265244024 BCX0\">peut<\/span> \u00eatre\u00a0<span class=\"NormalTextRun SpellingErrorV2Themed SCXW265244024 BCX0\">en<\/span> alb\u00e2tre<span class=\"NormalTextRun SCXW265244024 BCX0\">, <\/span><span class=\"NormalTextRun SpellingErrorV2Themed SCXW265244024 BCX0\">verre<\/span> <span class=\"NormalTextRun SpellingErrorV2Themed SCXW265244024 BCX0\">ou<\/span> laqu\u00e9<span class=\"NormalTextRun SCXW265244024 BCX0\">. <\/span><span class=\"NormalTextRun SpellingErrorV2Themed SCXW265244024 BCX0\">Chaque<\/span> mat\u00e9riau\u00a0<span class=\"NormalTextRun SpellingErrorV2Themed SCXW265244024 BCX0\">est<\/span> <span class=\"NormalTextRun SpellingErrorV2Themed SCXW265244024 BCX0\">choisi<\/span><span class=\"NormalTextRun SCXW265244024 BCX0\"> pour <\/span><span class=\"NormalTextRun SpellingErrorV2Themed SCXW265244024 BCX0\">ses<\/span> caract\u00e9ristiques<span class=\"NormalTextRun SCXW265244024 BCX0\">\u00a0qui <\/span><span class=\"NormalTextRun SpellingErrorV2Themed SCXW265244024 BCX0\">en<\/span> <span class=\"NormalTextRun SpellingErrorV2Themed SCXW265244024 BCX0\">fonction<\/span> <span class=\"NormalTextRun SpellingErrorV2Themed SCXW265244024 BCX0\">offre<\/span><span class=\"NormalTextRun SCXW265244024 BCX0\"> a la piece <\/span><span class=\"NormalTextRun SpellingErrorV2Themed SCXW265244024 BCX0\">une<\/span> personnalit\u00e9 enti\u00e8rement diff\u00e9rente<span class=\"NormalTextRun SCXW265244024 BCX0\">.<\/span><\/span><span class=\"EOP SCXW265244024 BCX0\" data-ccp-props=\"{&quot;201341983&quot;:0,&quot;335559740&quot;:259}\">\u00a0<\/span><\/p>\n","protected":false},"excerpt":{"rendered":"<p>Table d&#8217;appoint photographi\u00e9e ici en alb\u00e2tre blanc<br \/>\nPlateau \u00e9galement disponible en laque et en verre<br \/>\n<a href=\"https:\/\/theinvisiblecollection.com\/wp-content\/uploads\/2022\/12\/TheInvisibleCollection_Leo_Sentou_Tabletop_Selection.pdf\" target=\"_blank\" rel=\"noopener\"><span style=\"text-decoration: underline;\">D\u00e9couvrez la s\u00e9lection de plateaux ici<\/span><\/a><br \/>\nStructure en fer forg\u00e9<br \/>\nPlateau sur-mesure sur demande<\/p>\n<p>\u00d8 30 x H 72 cm<\/p>\n<p>Fabriqu\u00e9e \u00e0 la main en Europe<br \/>\nD\u00e9lais de fabrication : 12 semaines<\/p>\n<p><span style=\"text-decoration: underline;\"><a href=\"https:\/\/www.theinvisiblecollection.com\/fr\/demande-de-devis\/?product_id=1393117\" target=\"_blank\" rel=\"noopener\">Contactez-nous pour toute demande de devis ou de renseignements<\/a><\/span><\/p>\n","protected":false},"featured_media":5704057,"template":"","meta":{"_acf_changed":false,"content-type":"","_themeisle_gutenberg_block_has_review":false},"product_brand":[],"product_cat":[12332,12501,12503,12514],"product_tag":[22790,35206],"product_designer":[19809],"comfabric":[],"manufacturer":[34957],"reporting_designer":[37422],"samplecomfabric":[],"designer_clubroom":[],"class_list":{"0":"post-5703382","1":"product","2":"type-product","3":"status-publish","4":"has-post-thumbnail","6":"product_cat-tables-dappoint","7":"product_cat-chambre-a-coucher","8":"product_cat-tables-fr","9":"product_cat-tables-de-chevet","10":"product_tag-disponible-immediatement","11":"product_tag-exclusive-fr","12":"product_designer-leo-sentou-fr","13":"manufacturer-northbrass-pickup-leo-sentou-fr","14":"reporting_designer-leo-sentou","15":"exhibitions-paris-fr","17":"first","18":"instock","19":"taxable","20":"shipping-taxable","21":"purchasable","22":"product-type-variable"},"acf":[],"_links":{"self":[{"href":"https:\/\/theinvisiblecollection.com\/fr\/wp-json\/wp\/v2\/product\/5703382","targetHints":{"allow":["GET"]}}],"collection":[{"href":"https:\/\/theinvisiblecollection.com\/fr\/wp-json\/wp\/v2\/product"}],"about":[{"href":"https:\/\/theinvisiblecollection.com\/fr\/wp-json\/wp\/v2\/types\/product"}],"wp:featuredmedia":[{"embeddable":true,"href":"https:\/\/theinvisiblecollection.com\/fr\/wp-json\/wp\/v2\/media\/5704057"}],"wp:attachment":[{"href":"https:\/\/theinvisiblecollection.com\/fr\/wp-json\/wp\/v2\/media?parent=5703382"}],"wp:term":[{"taxonomy":"product_brand","embeddable":true,"href":"https:\/\/theinvisiblecollection.com\/fr\/wp-json\/wp\/v2\/product_brand?post=5703382"},{"taxonomy":"product_cat","embeddable":true,"href":"https:\/\/theinvisiblecollection.com\/fr\/wp-json\/wp\/v2\/product_cat?post=5703382"},{"taxonomy":"product_tag","embeddable":true,"href":"https:\/\/theinvisiblecollection.com\/fr\/wp-json\/wp\/v2\/product_tag?post=5703382"},{"taxonomy":"product_designer","embeddable":true,"href":"https:\/\/theinvisiblecollection.com\/fr\/wp-json\/wp\/v2\/product_designer?post=5703382"},{"taxonomy":"comfabric","embeddable":true,"href":"https:\/\/theinvisiblecollection.com\/fr\/wp-json\/wp\/v2\/comfabric?post=5703382"},{"taxonomy":"manufacturer","embeddable":true,"href":"https:\/\/theinvisiblecollection.com\/fr\/wp-json\/wp\/v2\/manufacturer?post=5703382"},{"taxonomy":"reporting_designer","embeddable":true,"href":"https:\/\/theinvisiblecollection.com\/fr\/wp-json\/wp\/v2\/reporting_designer?post=5703382"},{"taxonomy":"samplecomfabric","embeddable":true,"href":"https:\/\/theinvisiblecollection.com\/fr\/wp-json\/wp\/v2\/samplecomfabric?post=5703382"},{"taxonomy":"clubroom_product_designer","embeddable":true,"href":"https:\/\/theinvisiblecollection.com\/fr\/wp-json\/wp\/v2\/designer_clubroom?post=5703382"}],"curies":[{"name":"wp","href":"https:\/\/api.w.org\/{rel}","templated":true}]}}