{"id":5709430,"date":"2025-01-06T19:14:51","date_gmt":"2025-01-06T19:14:51","guid":{"rendered":"https:\/\/theinvisiblecollection.com\/?post_type=product&#038;p=5709430"},"modified":"2026-05-01T07:37:26","modified_gmt":"2026-05-01T07:37:26","slug":"alexandre-guillemain-bureau-clem","status":"publish","type":"product","link":"https:\/\/theinvisiblecollection.com\/fr\/produit\/alexandre-guillemain-bureau-clem\/","title":{"rendered":"Bureau Clem"},"content":{"rendered":"<div class=\"flex max-w-full flex-col flex-grow\">\n<div class=\"min-h-8 text-message flex w-full flex-col items-end gap-2 whitespace-normal break-words text-start [.text-message+&amp;]:mt-5\" dir=\"auto\" data-message-author-role=\"assistant\" data-message-id=\"14e25a18-24a6-4de1-bb6a-294574a2b273\" data-message-model-slug=\"gpt-4o\">\n<div class=\"flex w-full flex-col gap-1 empty:hidden first:pt-[3px]\">\n<div class=\"markdown prose w-full break-words dark:prose-invert light\">\n<p><span class=\"TextRun SCXW115909379 BCX8\" lang=\"FR\" xml:lang=\"FR\" data-contrast=\"auto\"><span class=\"NormalTextRun SCXW115909379 BCX8\">Le bureau Clem d&#8217;Alexandre Guillemain est con\u00e7u pour accueillir des r\u00e9unions conviviales. Il est compos\u00e9 d\u2019un plateau aux formes larges et courbes, sans angles aigus. Un bureau pour les libres penseurs.<\/span><\/span><span class=\"EOP SCXW115909379 BCX8\" data-ccp-props=\"{&quot;134233117&quot;:false,&quot;134233118&quot;:false,&quot;335559738&quot;:0,&quot;335559739&quot;:0}\">\u00a0<\/span><\/p>\n<\/div>\n<\/div>\n<\/div>\n<\/div>\n<div class=\"mb-2 flex gap-3 empty:hidden -ml-2\">\n<div class=\"items-center justify-start rounded-xl p-1 flex\">\n<div class=\"flex items-center\">\n<div class=\"flex items-center pb-0\"><\/div>\n<\/div>\n<\/div>\n<\/div>\n","protected":false},"excerpt":{"rendered":"<p>Le bureau Clem d&#8217;Alexandre Guillemain est con\u00e7u pour accueillir des r\u00e9unions conviviales. Il est compos\u00e9 d\u2019un plateau aux formes larges et courbes, sans angles aigus. Un bureau pour les libres penseurs.\u00a0<\/p>\n","protected":false},"featured_media":5721302,"template":"","meta":{"_acf_changed":false,"content-type":"","_themeisle_gutenberg_block_has_review":false},"product_brand":[],"product_cat":[7704,13076],"product_tag":[9639,31477,35206,7435,9366],"product_designer":[31602],"comfabric":[],"manufacturer":[31604],"reporting_designer":[37555],"samplecomfabric":[],"designer_clubroom":[],"class_list":{"0":"post-5709430","1":"product","2":"type-product","3":"status-publish","4":"has-post-thumbnail","6":"product_cat-bureaux-fr","7":"product_cat-bureau-a-la-maison","8":"product_tag-bureau-fr","9":"product_tag-st-curvy-fr","10":"product_tag-exclusive-fr","11":"product_tag-new-in-fr","12":"product_tag-bois-de-frene-fr","13":"product_designer-alexandre-guillemain-fr","14":"manufacturer-tudor-tremblay-pick-up-alexandre-guillemain-fr","15":"reporting_designer-alexandre-guillemain","17":"first","18":"instock","19":"taxable","20":"shipping-taxable","21":"purchasable","22":"product-type-variable"},"acf":[],"_links":{"self":[{"href":"https:\/\/theinvisiblecollection.com\/fr\/wp-json\/wp\/v2\/product\/5709430","targetHints":{"allow":["GET"]}}],"collection":[{"href":"https:\/\/theinvisiblecollection.com\/fr\/wp-json\/wp\/v2\/product"}],"about":[{"href":"https:\/\/theinvisiblecollection.com\/fr\/wp-json\/wp\/v2\/types\/product"}],"wp:featuredmedia":[{"embeddable":true,"href":"https:\/\/theinvisiblecollection.com\/fr\/wp-json\/wp\/v2\/media\/5721302"}],"wp:attachment":[{"href":"https:\/\/theinvisiblecollection.com\/fr\/wp-json\/wp\/v2\/media?parent=5709430"}],"wp:term":[{"taxonomy":"product_brand","embeddable":true,"href":"https:\/\/theinvisiblecollection.com\/fr\/wp-json\/wp\/v2\/product_brand?post=5709430"},{"taxonomy":"product_cat","embeddable":true,"href":"https:\/\/theinvisiblecollection.com\/fr\/wp-json\/wp\/v2\/product_cat?post=5709430"},{"taxonomy":"product_tag","embeddable":true,"href":"https:\/\/theinvisiblecollection.com\/fr\/wp-json\/wp\/v2\/product_tag?post=5709430"},{"taxonomy":"product_designer","embeddable":true,"href":"https:\/\/theinvisiblecollection.com\/fr\/wp-json\/wp\/v2\/product_designer?post=5709430"},{"taxonomy":"comfabric","embeddable":true,"href":"https:\/\/theinvisiblecollection.com\/fr\/wp-json\/wp\/v2\/comfabric?post=5709430"},{"taxonomy":"manufacturer","embeddable":true,"href":"https:\/\/theinvisiblecollection.com\/fr\/wp-json\/wp\/v2\/manufacturer?post=5709430"},{"taxonomy":"reporting_designer","embeddable":true,"href":"https:\/\/theinvisiblecollection.com\/fr\/wp-json\/wp\/v2\/reporting_designer?post=5709430"},{"taxonomy":"samplecomfabric","embeddable":true,"href":"https:\/\/theinvisiblecollection.com\/fr\/wp-json\/wp\/v2\/samplecomfabric?post=5709430"},{"taxonomy":"clubroom_product_designer","embeddable":true,"href":"https:\/\/theinvisiblecollection.com\/fr\/wp-json\/wp\/v2\/designer_clubroom?post=5709430"}],"curies":[{"name":"wp","href":"https:\/\/api.w.org\/{rel}","templated":true}]}}