{"id":5711923,"date":"2025-02-18T10:34:52","date_gmt":"2025-02-18T10:34:52","guid":{"rendered":"https:\/\/theinvisiblecollection.com\/?post_type=product&#038;p=5711923"},"modified":"2026-05-01T07:37:26","modified_gmt":"2026-05-01T07:37:26","slug":"damien-langlois-meurine-console-foolosophy-travertin","status":"publish","type":"product","link":"https:\/\/theinvisiblecollection.com\/fr\/produit\/damien-langlois-meurine-console-foolosophy-travertin\/","title":{"rendered":"Console Foolosophy Travertin"},"content":{"rendered":"<p style=\"text-align: justify;\"><span class=\"TextRun SCXW20779415 BCX0\" lang=\"FR-FR\" xml:lang=\"FR-FR\" data-contrast=\"auto\"><span class=\"NormalTextRun SCXW20779415 BCX0\">Pour mieux saisir l\u2019essence du travail de Damien Langlois-<\/span><span class=\"NormalTextRun SpellingErrorV2Themed SCXW20779415 BCX0\">Meurinne<\/span><span class=\"NormalTextRun SCXW20779415 BCX0\">, imaginez le \u00ab Chic parisien \u00bb \u2014 cette esth\u00e9tique parfaite qui murmure sophistication et confort, alli\u00e9e \u00e0 un savoir-faire exceptionnel. <\/span><\/span><span class=\"LineBreakBlob BlobObject DragDrop SCXW20779415 BCX0\"><span class=\"SCXW20779415 BCX0\">\u00a0<\/span><br class=\"SCXW20779415 BCX0\" \/><\/span><span class=\"TextRun SCXW20779415 BCX0\" lang=\"FR-FR\" xml:lang=\"FR-FR\" data-contrast=\"auto\"><span class=\"NormalTextRun SCXW20779415 BCX0\">Surfeur de c\u0153ur et fan des grands groupes des ann\u00e9es 60, ses cr\u00e9ations refl\u00e8tent l\u2019harmonie d\u2019une musique intemporelle, cr\u00e9ant des espaces qui respirent la joie et un esprit d\u2019aventure, \u00e0 l\u2019image de l\u2019\u00e9nergie qu\u2019il puise en chevauchant les vagues. S<\/span><span class=\"NormalTextRun SCXW20779415 BCX0\">a signature<\/span><span class=\"NormalTextRun SCXW20779415 BCX0\">, fait<\/span><span class=\"NormalTextRun SCXW20779415 BCX0\">e<\/span><span class=\"NormalTextRun SCXW20779415 BCX0\"> de lignes fluides et de mat\u00e9riaux pr\u00e9cieux, est devenu<\/span><span class=\"NormalTextRun SCXW20779415 BCX0\">e<\/span><span class=\"NormalTextRun SCXW20779415 BCX0\"> une <\/span><span class=\"NormalTextRun SCXW20779415 BCX0\">r\u00e9f\u00e9rence<\/span><span class=\"NormalTextRun SCXW20779415 BCX0\"> par l<\/span><span class=\"NormalTextRun SCXW20779415 BCX0\">es connaisseurs du monde entier.<\/span> <span class=\"NormalTextRun SCXW20779415 BCX0\">Son travail fusionne des formes sculpturales et organiques avec une fonctionnalit\u00e9 r\u00e9fl\u00e9chie. \u00c9l\u00e9gant et intemporel, il traverse les \u00e2ges et se d\u00e9cline avec un attrait toujours renouvel\u00e9, faisant de chaque projet une v\u00e9ritable \u0153uvre qui r\u00e9sonne au-del\u00e0 du temps.<\/span><\/span><\/p>\n","protected":false},"excerpt":{"rendered":"<p>Pour mieux saisir l\u2019essence du travail de Damien Langlois-Meurinne, imaginez le \u00ab Chic parisien \u00bb \u2014 cette esth\u00e9tique parfaite qui murmure sophistication et confort, alli\u00e9e \u00e0 un savoir-faire exceptionnel. \u00a0Surfeur de c\u0153ur et fan des grands groupes des ann\u00e9es 60, ses cr\u00e9ations refl\u00e8tent l\u2019harmonie d\u2019une musique intemporelle, cr\u00e9ant des espaces qui respirent la joie et [&hellip;]<\/p>\n","protected":false},"featured_media":5711925,"template":"","meta":{"_acf_changed":false,"content-type":"","_themeisle_gutenberg_block_has_review":false},"product_brand":[],"product_cat":[7675,12503],"product_tag":[35206],"product_designer":[8891],"comfabric":[],"manufacturer":[32858],"reporting_designer":[37504],"samplecomfabric":[],"designer_clubroom":[],"class_list":{"0":"post-5711923","1":"product","2":"type-product","3":"status-publish","4":"has-post-thumbnail","6":"product_cat-consoles-fr","7":"product_cat-tables-fr","8":"product_tag-exclusive-fr","9":"product_designer-damien-langlois-meurinne-fr","10":"manufacturer-dlm-atelier-olivah-fr","11":"reporting_designer-damien-langlois-meurinne","13":"first","14":"instock","15":"taxable","16":"shipping-taxable","17":"purchasable","18":"product-type-simple"},"acf":[],"_links":{"self":[{"href":"https:\/\/theinvisiblecollection.com\/fr\/wp-json\/wp\/v2\/product\/5711923","targetHints":{"allow":["GET"]}}],"collection":[{"href":"https:\/\/theinvisiblecollection.com\/fr\/wp-json\/wp\/v2\/product"}],"about":[{"href":"https:\/\/theinvisiblecollection.com\/fr\/wp-json\/wp\/v2\/types\/product"}],"wp:featuredmedia":[{"embeddable":true,"href":"https:\/\/theinvisiblecollection.com\/fr\/wp-json\/wp\/v2\/media\/5711925"}],"wp:attachment":[{"href":"https:\/\/theinvisiblecollection.com\/fr\/wp-json\/wp\/v2\/media?parent=5711923"}],"wp:term":[{"taxonomy":"product_brand","embeddable":true,"href":"https:\/\/theinvisiblecollection.com\/fr\/wp-json\/wp\/v2\/product_brand?post=5711923"},{"taxonomy":"product_cat","embeddable":true,"href":"https:\/\/theinvisiblecollection.com\/fr\/wp-json\/wp\/v2\/product_cat?post=5711923"},{"taxonomy":"product_tag","embeddable":true,"href":"https:\/\/theinvisiblecollection.com\/fr\/wp-json\/wp\/v2\/product_tag?post=5711923"},{"taxonomy":"product_designer","embeddable":true,"href":"https:\/\/theinvisiblecollection.com\/fr\/wp-json\/wp\/v2\/product_designer?post=5711923"},{"taxonomy":"comfabric","embeddable":true,"href":"https:\/\/theinvisiblecollection.com\/fr\/wp-json\/wp\/v2\/comfabric?post=5711923"},{"taxonomy":"manufacturer","embeddable":true,"href":"https:\/\/theinvisiblecollection.com\/fr\/wp-json\/wp\/v2\/manufacturer?post=5711923"},{"taxonomy":"reporting_designer","embeddable":true,"href":"https:\/\/theinvisiblecollection.com\/fr\/wp-json\/wp\/v2\/reporting_designer?post=5711923"},{"taxonomy":"samplecomfabric","embeddable":true,"href":"https:\/\/theinvisiblecollection.com\/fr\/wp-json\/wp\/v2\/samplecomfabric?post=5711923"},{"taxonomy":"clubroom_product_designer","embeddable":true,"href":"https:\/\/theinvisiblecollection.com\/fr\/wp-json\/wp\/v2\/designer_clubroom?post=5711923"}],"curies":[{"name":"wp","href":"https:\/\/api.w.org\/{rel}","templated":true}]}}