{"id":5714428,"date":"2025-02-26T16:06:13","date_gmt":"2025-02-26T16:06:13","guid":{"rendered":"https:\/\/theinvisiblecollection.com\/?post_type=product&#038;p=5714428"},"modified":"2026-05-01T07:37:23","modified_gmt":"2026-05-01T07:37:23","slug":"victoria-magniant-table-ma-ovale","status":"publish","type":"product","link":"https:\/\/theinvisiblecollection.com\/fr\/produit\/victoria-magniant-table-ma-ovale\/","title":{"rendered":"Table Ma Ovale"},"content":{"rendered":"<p style=\"text-align: justify;\">La rigueur et la finesse des lignes de la Table Ovale MA met en valeur la beaut\u00e9 naturelle du bois centenaire, sourc\u00e9 dans les for\u00eats fran\u00e7aises. Nous utilisons du ch\u00eane, du noyer ou du fr\u00eane massif, fa\u00e7onn\u00e9s dans nos ateliers o\u00f9 savoir-faire traditionnel et techniques modernes se rejoignent. Chaque meuble, unique, est travaill\u00e9 \u00e0 la main avec des textures et des assemblages pr\u00e9cis, en respectant les normes les plus strictes de durabilit\u00e9. Nous minimisons l\u2019utilisation de colle et utilisons uniquement des produits hydrofuges.<br \/>\n&#8220;J\u2019appr\u00e9cie les mat\u00e9riaux mall\u00e9ables mais impr\u00e9visibles. Le bois massif \u00e9volue avec le temps, pr\u00e9servant une part de libert\u00e9 qui le rend toujours surprenant. Cette unicit\u00e9 refl\u00e8te la nature elle-m\u00eame, indomptable.&#8221; Victoria Magniant<\/p>\n","protected":false},"excerpt":{"rendered":"<p>La rigueur et la finesse des lignes de la Table Ovale MA met en valeur la beaut\u00e9 naturelle du bois centenaire, sourc\u00e9 dans les for\u00eats fran\u00e7aises. Nous utilisons du ch\u00eane, du noyer ou du fr\u00eane massif, fa\u00e7onn\u00e9s dans nos ateliers o\u00f9 savoir-faire traditionnel et techniques modernes se rejoignent. Chaque meuble, unique, est travaill\u00e9 \u00e0 la [&hellip;]<\/p>\n","protected":false},"featured_media":5699068,"template":"","meta":{"_acf_changed":false,"content-type":"","_themeisle_gutenberg_block_has_review":false},"product_brand":[],"product_cat":[8977,12503],"product_tag":[14925,31477,33319],"product_designer":[11131],"comfabric":[],"manufacturer":[19094],"reporting_designer":[37392],"samplecomfabric":[],"designer_clubroom":[],"class_list":{"0":"post-5714428","1":"product","2":"type-product","3":"status-publish","4":"has-post-thumbnail","6":"product_cat-tables-salle-a-manger","7":"product_cat-tables-fr","8":"product_tag-hpfav-fr","9":"product_tag-st-curvy-fr","10":"product_tag-edition-limitee","11":"pa_size-large-fr-2","12":"pa_size-moyen","13":"pa_size-petit","14":"product_designer-victoria-magniant-fr","15":"manufacturer-victoria-magniant-sas-atl-ebeniste-fr","16":"reporting_designer-victoria-magniant","18":"first","19":"instock","20":"taxable","21":"shipping-taxable","22":"purchasable","23":"product-type-variable"},"acf":[],"_links":{"self":[{"href":"https:\/\/theinvisiblecollection.com\/fr\/wp-json\/wp\/v2\/product\/5714428","targetHints":{"allow":["GET"]}}],"collection":[{"href":"https:\/\/theinvisiblecollection.com\/fr\/wp-json\/wp\/v2\/product"}],"about":[{"href":"https:\/\/theinvisiblecollection.com\/fr\/wp-json\/wp\/v2\/types\/product"}],"wp:featuredmedia":[{"embeddable":true,"href":"https:\/\/theinvisiblecollection.com\/fr\/wp-json\/wp\/v2\/media\/5699068"}],"wp:attachment":[{"href":"https:\/\/theinvisiblecollection.com\/fr\/wp-json\/wp\/v2\/media?parent=5714428"}],"wp:term":[{"taxonomy":"product_brand","embeddable":true,"href":"https:\/\/theinvisiblecollection.com\/fr\/wp-json\/wp\/v2\/product_brand?post=5714428"},{"taxonomy":"product_cat","embeddable":true,"href":"https:\/\/theinvisiblecollection.com\/fr\/wp-json\/wp\/v2\/product_cat?post=5714428"},{"taxonomy":"product_tag","embeddable":true,"href":"https:\/\/theinvisiblecollection.com\/fr\/wp-json\/wp\/v2\/product_tag?post=5714428"},{"taxonomy":"product_designer","embeddable":true,"href":"https:\/\/theinvisiblecollection.com\/fr\/wp-json\/wp\/v2\/product_designer?post=5714428"},{"taxonomy":"comfabric","embeddable":true,"href":"https:\/\/theinvisiblecollection.com\/fr\/wp-json\/wp\/v2\/comfabric?post=5714428"},{"taxonomy":"manufacturer","embeddable":true,"href":"https:\/\/theinvisiblecollection.com\/fr\/wp-json\/wp\/v2\/manufacturer?post=5714428"},{"taxonomy":"reporting_designer","embeddable":true,"href":"https:\/\/theinvisiblecollection.com\/fr\/wp-json\/wp\/v2\/reporting_designer?post=5714428"},{"taxonomy":"samplecomfabric","embeddable":true,"href":"https:\/\/theinvisiblecollection.com\/fr\/wp-json\/wp\/v2\/samplecomfabric?post=5714428"},{"taxonomy":"clubroom_product_designer","embeddable":true,"href":"https:\/\/theinvisiblecollection.com\/fr\/wp-json\/wp\/v2\/designer_clubroom?post=5714428"}],"curies":[{"name":"wp","href":"https:\/\/api.w.org\/{rel}","templated":true}]}}