{"id":5720649,"date":"2025-01-06T17:33:17","date_gmt":"2025-01-06T17:33:17","guid":{"rendered":"https:\/\/theinvisiblecollection.com\/?post_type=product&#038;p=5720649"},"modified":"2026-05-01T07:37:23","modified_gmt":"2026-05-01T07:37:23","slug":"damien-langlois-meurinne-fauteuil-whats-up","status":"publish","type":"product","link":"https:\/\/theinvisiblecollection.com\/fr\/produit\/damien-langlois-meurinne-fauteuil-whats-up\/","title":{"rendered":"Fauteuil What\u2019s Up"},"content":{"rendered":"<p style=\"text-align: justify;\"><span class=\"TextRun SCXW10055341 BCX0\" lang=\"FR-FR\" xml:lang=\"FR-FR\" data-contrast=\"auto\"><span class=\"NormalTextRun SCXW10055341 BCX0\">Pour mieux appr\u00e9hender le travail de Damien Langlois-<\/span><span class=\"NormalTextRun SpellingErrorV2Themed SCXW10055341 BCX0\">Meurinne<\/span><span class=\"NormalTextRun SCXW10055341 BCX0\">, imaginez la mer, le sable et le soleil&#8230; ainsi qu\u2019une bonne musique ! Surfeur dans l&#8217;\u00e2me, le c\u00e9l\u00e8bre architecte d&#8217;int\u00e9rieur fran\u00e7ais allie harmonieusement l&#8217;\u00e9l\u00e9gance de la cr\u00e9ation d&#8217;int\u00e9rieurs magnifiques \u00e0 sa passion du surf et \u00e0 son amour ind\u00e9fectible pour tous les tubes musicaux qui donnent envie de chanter. Ses cr\u00e9ations ne sont pas seulement des pi\u00e8ces de mobilier d\u00e9licatement travaill\u00e9es ; elles portent en elles une histoire, comme en t\u00e9moignent leurs noms.<\/span><\/span><span class=\"EOP SCXW10055341 BCX0\" data-ccp-props=\"{&quot;134233117&quot;:false,&quot;134233118&quot;:false,&quot;335559738&quot;:0,&quot;335559739&quot;:0}\">\u00a0<\/span><\/p>\n","protected":false},"excerpt":{"rendered":"<p>Pour mieux appr\u00e9hender le travail de Damien Langlois-Meurinne, imaginez la mer, le sable et le soleil&#8230; ainsi qu\u2019une bonne musique ! Surfeur dans l&#8217;\u00e2me, le c\u00e9l\u00e8bre architecte d&#8217;int\u00e9rieur fran\u00e7ais allie harmonieusement l&#8217;\u00e9l\u00e9gance de la cr\u00e9ation d&#8217;int\u00e9rieurs magnifiques \u00e0 sa passion du surf et \u00e0 son amour ind\u00e9fectible pour tous les tubes musicaux qui donnent envie [&hellip;]<\/p>\n","protected":false},"featured_media":5720642,"template":"","meta":{"_acf_changed":false,"content-type":"","_themeisle_gutenberg_block_has_review":false},"product_brand":[],"product_cat":[12499,8945],"product_tag":[35206],"product_designer":[8891],"comfabric":[],"manufacturer":[20339],"reporting_designer":[37504],"samplecomfabric":[],"designer_clubroom":[],"class_list":{"0":"post-5720649","1":"product","2":"type-product","3":"status-publish","4":"has-post-thumbnail","6":"product_cat-assises","7":"product_cat-fauteuils","8":"product_tag-exclusive-fr","9":"product_designer-damien-langlois-meurinne-fr","10":"manufacturer-jlc-fr","11":"reporting_designer-damien-langlois-meurinne","13":"first","14":"instock","15":"taxable","16":"shipping-taxable","17":"product-type-variable"},"acf":[],"_links":{"self":[{"href":"https:\/\/theinvisiblecollection.com\/fr\/wp-json\/wp\/v2\/product\/5720649","targetHints":{"allow":["GET"]}}],"collection":[{"href":"https:\/\/theinvisiblecollection.com\/fr\/wp-json\/wp\/v2\/product"}],"about":[{"href":"https:\/\/theinvisiblecollection.com\/fr\/wp-json\/wp\/v2\/types\/product"}],"wp:featuredmedia":[{"embeddable":true,"href":"https:\/\/theinvisiblecollection.com\/fr\/wp-json\/wp\/v2\/media\/5720642"}],"wp:attachment":[{"href":"https:\/\/theinvisiblecollection.com\/fr\/wp-json\/wp\/v2\/media?parent=5720649"}],"wp:term":[{"taxonomy":"product_brand","embeddable":true,"href":"https:\/\/theinvisiblecollection.com\/fr\/wp-json\/wp\/v2\/product_brand?post=5720649"},{"taxonomy":"product_cat","embeddable":true,"href":"https:\/\/theinvisiblecollection.com\/fr\/wp-json\/wp\/v2\/product_cat?post=5720649"},{"taxonomy":"product_tag","embeddable":true,"href":"https:\/\/theinvisiblecollection.com\/fr\/wp-json\/wp\/v2\/product_tag?post=5720649"},{"taxonomy":"product_designer","embeddable":true,"href":"https:\/\/theinvisiblecollection.com\/fr\/wp-json\/wp\/v2\/product_designer?post=5720649"},{"taxonomy":"comfabric","embeddable":true,"href":"https:\/\/theinvisiblecollection.com\/fr\/wp-json\/wp\/v2\/comfabric?post=5720649"},{"taxonomy":"manufacturer","embeddable":true,"href":"https:\/\/theinvisiblecollection.com\/fr\/wp-json\/wp\/v2\/manufacturer?post=5720649"},{"taxonomy":"reporting_designer","embeddable":true,"href":"https:\/\/theinvisiblecollection.com\/fr\/wp-json\/wp\/v2\/reporting_designer?post=5720649"},{"taxonomy":"samplecomfabric","embeddable":true,"href":"https:\/\/theinvisiblecollection.com\/fr\/wp-json\/wp\/v2\/samplecomfabric?post=5720649"},{"taxonomy":"clubroom_product_designer","embeddable":true,"href":"https:\/\/theinvisiblecollection.com\/fr\/wp-json\/wp\/v2\/designer_clubroom?post=5720649"}],"curies":[{"name":"wp","href":"https:\/\/api.w.org\/{rel}","templated":true}]}}