{"id":5723092,"date":"2025-01-08T11:17:27","date_gmt":"2025-01-08T11:17:27","guid":{"rendered":"https:\/\/theinvisiblecollection.com\/?post_type=product&#038;p=5723092"},"modified":"2026-05-01T07:37:23","modified_gmt":"2026-05-01T07:37:23","slug":"mobilier-national-laura-demichelis-table-dappoint-rhino","status":"publish","type":"product","link":"https:\/\/theinvisiblecollection.com\/fr\/produit\/mobilier-national-laura-demichelis-table-dappoint-rhino\/","title":{"rendered":"Table d&#8217;Appoint Rhino"},"content":{"rendered":"<p style=\"text-align: justify;\">Au commencement il y a une gravure \u00ab\u00a0Rhinoc\u00e9ros\u00a0\u00bb d\u2019Albrecht Durer que Laura Demichelis admire beaucoup par la force qui s\u2019en d\u00e9gage, m\u00eal\u00e9e a une r\u00e9interpr\u00e9tation du vivant tr\u00e8s po\u00e9tique. Elle est le point de d\u00e9part de la cr\u00e9ation de la texture utilis\u00e9e pour cette table d\u2019appoint. A la fronti\u00e8re entre l\u2019\u0153uvre d\u2019art et le meuble fonctionnel, la table Rhino poss\u00e8de une forte pr\u00e9sence entre min\u00e9rale et animale, pr\u00e9cieusement encadr\u00e9e par un filet de laiton aux reflets dor\u00e9s. La texture unique du bronze rend l\u2019objet sculptural et singulier pour un objet usuel du quotidien.<\/p>\n","protected":false},"excerpt":{"rendered":"<p>Design par Anthony Guerr\u00e9e<br \/>\nCr\u00e9ation int\u00e9gr\u00e9e au sein des collections du Mobilier national<br \/>\n\u00c9dition limit\u00e9e de 8 pi\u00e8ces<br \/>\nStructure en c\u00e8dre massif<br \/>\nBoules en laiton bronz\u00e9 martel\u00e9<br \/>\nCuir de collet tannage v\u00e9g\u00e9tal couleur cocco<\/p>\n<p>Dimensions ouverte :<br \/>\nL 170 x l 50 x H 150 cm<br \/>\nDimensions ferm\u00e9e :<br \/>\nL 50 x l 55 x H 150 cm<br \/>\nHauteur d&#8217;assise : 45 cm<\/p>\n<p>Fabriqu\u00e9e \u00e0 la main en France par Racines Ateliers<br \/>\nD\u00e9lais de fabrication : 10 semaines<\/p>\n<p class=\"p1\"><span style=\"text-decoration: underline;\"><span class=\"s1\"><a href=\"https:\/\/www.theinvisiblecollection.com\/fr\/demande-de-devis\/?product_id=1867076\">Contactez-nous pour toute demande de devis ou de renseignement<\/a><\/span><\/span><\/p>\n","protected":false},"featured_media":5723102,"template":"","meta":{"_acf_changed":false,"content-type":"","_themeisle_gutenberg_block_has_review":false},"product_brand":[],"product_cat":[12332,12503],"product_tag":[20434,31477,33319],"product_designer":[20441,33127],"comfabric":[],"manufacturer":[33119],"reporting_designer":[37674],"samplecomfabric":[],"designer_clubroom":[],"class_list":{"0":"post-5723092","1":"product","2":"type-product","3":"status-publish","4":"has-post-thumbnail","6":"product_cat-tables-dappoint","7":"product_cat-tables-fr","8":"product_tag-mobilier-national-fr","9":"product_tag-st-curvy-fr","10":"product_tag-edition-limitee","11":"product_designer-mobilier-national-fr","12":"product_designer-laura-demichelis-fr","13":"manufacturer-laura-demichelis-fr","14":"reporting_designer-laura-demichelis","16":"first","17":"outofstock","18":"taxable","19":"shipping-taxable","20":"purchasable","21":"product-type-simple"},"acf":[],"_links":{"self":[{"href":"https:\/\/theinvisiblecollection.com\/fr\/wp-json\/wp\/v2\/product\/5723092","targetHints":{"allow":["GET"]}}],"collection":[{"href":"https:\/\/theinvisiblecollection.com\/fr\/wp-json\/wp\/v2\/product"}],"about":[{"href":"https:\/\/theinvisiblecollection.com\/fr\/wp-json\/wp\/v2\/types\/product"}],"wp:featuredmedia":[{"embeddable":true,"href":"https:\/\/theinvisiblecollection.com\/fr\/wp-json\/wp\/v2\/media\/5723102"}],"wp:attachment":[{"href":"https:\/\/theinvisiblecollection.com\/fr\/wp-json\/wp\/v2\/media?parent=5723092"}],"wp:term":[{"taxonomy":"product_brand","embeddable":true,"href":"https:\/\/theinvisiblecollection.com\/fr\/wp-json\/wp\/v2\/product_brand?post=5723092"},{"taxonomy":"product_cat","embeddable":true,"href":"https:\/\/theinvisiblecollection.com\/fr\/wp-json\/wp\/v2\/product_cat?post=5723092"},{"taxonomy":"product_tag","embeddable":true,"href":"https:\/\/theinvisiblecollection.com\/fr\/wp-json\/wp\/v2\/product_tag?post=5723092"},{"taxonomy":"product_designer","embeddable":true,"href":"https:\/\/theinvisiblecollection.com\/fr\/wp-json\/wp\/v2\/product_designer?post=5723092"},{"taxonomy":"comfabric","embeddable":true,"href":"https:\/\/theinvisiblecollection.com\/fr\/wp-json\/wp\/v2\/comfabric?post=5723092"},{"taxonomy":"manufacturer","embeddable":true,"href":"https:\/\/theinvisiblecollection.com\/fr\/wp-json\/wp\/v2\/manufacturer?post=5723092"},{"taxonomy":"reporting_designer","embeddable":true,"href":"https:\/\/theinvisiblecollection.com\/fr\/wp-json\/wp\/v2\/reporting_designer?post=5723092"},{"taxonomy":"samplecomfabric","embeddable":true,"href":"https:\/\/theinvisiblecollection.com\/fr\/wp-json\/wp\/v2\/samplecomfabric?post=5723092"},{"taxonomy":"clubroom_product_designer","embeddable":true,"href":"https:\/\/theinvisiblecollection.com\/fr\/wp-json\/wp\/v2\/designer_clubroom?post=5723092"}],"curies":[{"name":"wp","href":"https:\/\/api.w.org\/{rel}","templated":true}]}}