{"id":5723536,"date":"2025-02-26T16:10:29","date_gmt":"2025-02-26T16:10:29","guid":{"rendered":"https:\/\/theinvisiblecollection.com\/?post_type=product&#038;p=5723536"},"modified":"2026-05-01T07:37:23","modified_gmt":"2026-05-01T07:37:23","slug":"mobilier-national-sophie-dries-table-nogye","status":"publish","type":"product","link":"https:\/\/theinvisiblecollection.com\/fr\/produit\/mobilier-national-sophie-dries-table-nogye\/","title":{"rendered":"Table Nogye"},"content":{"rendered":"<p style=\"text-align: justify;\">Dans cette collection, Sophie Dries joue l&#8217;union de deux mat\u00e9riaux : le bois et le m\u00e9tal. Au cours de ses recherches, elle fait une d\u00e9couverte inattendue en associant le brut d&#8217;acier oxyd\u00e9, appel\u00e9 &#8216;corten&#8217;, au ch\u00eane traditionnel, jouant sur le contraste de l&#8217;industriel \u00e0 l&#8217;artisanat. Cette collection se concentre sur la table, les bords du plateau sont trait\u00e9s en forme libre \u00e0 la main par l&#8217;\u00e9b\u00e9niste, coupant avec r\u00e9gularit\u00e9 le pi\u00e8tement fabriqu\u00e9 en m\u00e9tal.<\/p>\n","protected":false},"excerpt":{"rendered":"<p>Design par Anthony Guerr\u00e9e<br \/>\nCr\u00e9ation int\u00e9gr\u00e9e au sein des collections du Mobilier national<br \/>\n\u00c9dition limit\u00e9e de 8 pi\u00e8ces<br \/>\nStructure en c\u00e8dre massif<br \/>\nBoules en laiton bronz\u00e9 martel\u00e9<br \/>\nCuir de collet tannage v\u00e9g\u00e9tal couleur cocco<\/p>\n<p>Dimensions ouverte :<br \/>\nL 170 x l 50 x H 150 cm<br \/>\nDimensions ferm\u00e9e :<br \/>\nL 50 x l 55 x H 150 cm<br \/>\nHauteur d&#8217;assise : 45 cm<\/p>\n<p>Fabriqu\u00e9e \u00e0 la main en France par Racines Ateliers<br \/>\nD\u00e9lais de fabrication : 10 semaines<\/p>\n<p class=\"p1\"><span style=\"text-decoration: underline;\"><span class=\"s1\"><a href=\"https:\/\/www.theinvisiblecollection.com\/fr\/demande-de-devis\/?product_id=1867076\">Contactez-nous pour toute demande de devis ou de renseignement<\/a><\/span><\/span><\/p>\n","protected":false},"featured_media":5731483,"template":"","meta":{"_acf_changed":false,"content-type":"","_themeisle_gutenberg_block_has_review":false},"product_brand":[],"product_cat":[8977,12503],"product_tag":[31477,33319,14925,20434],"product_designer":[17359,20441],"comfabric":[],"manufacturer":[17357],"reporting_designer":[37480],"samplecomfabric":[],"designer_clubroom":[],"class_list":{"0":"post-5723536","1":"product","2":"type-product","3":"status-publish","4":"has-post-thumbnail","6":"product_cat-tables-salle-a-manger","7":"product_cat-tables-fr","8":"product_tag-st-curvy-fr","9":"product_tag-edition-limitee","10":"product_tag-hpfav-fr","11":"product_tag-mobilier-national-fr","12":"product_designer-sophie-dries-fr","13":"product_designer-mobilier-national-fr","14":"manufacturer-sophie-dries-fr","15":"reporting_designer-mobilier-national","17":"first","18":"onbackorder","19":"taxable","20":"shipping-taxable","21":"purchasable","22":"product-type-simple"},"acf":[],"_links":{"self":[{"href":"https:\/\/theinvisiblecollection.com\/fr\/wp-json\/wp\/v2\/product\/5723536","targetHints":{"allow":["GET"]}}],"collection":[{"href":"https:\/\/theinvisiblecollection.com\/fr\/wp-json\/wp\/v2\/product"}],"about":[{"href":"https:\/\/theinvisiblecollection.com\/fr\/wp-json\/wp\/v2\/types\/product"}],"wp:featuredmedia":[{"embeddable":true,"href":"https:\/\/theinvisiblecollection.com\/fr\/wp-json\/wp\/v2\/media\/5731483"}],"wp:attachment":[{"href":"https:\/\/theinvisiblecollection.com\/fr\/wp-json\/wp\/v2\/media?parent=5723536"}],"wp:term":[{"taxonomy":"product_brand","embeddable":true,"href":"https:\/\/theinvisiblecollection.com\/fr\/wp-json\/wp\/v2\/product_brand?post=5723536"},{"taxonomy":"product_cat","embeddable":true,"href":"https:\/\/theinvisiblecollection.com\/fr\/wp-json\/wp\/v2\/product_cat?post=5723536"},{"taxonomy":"product_tag","embeddable":true,"href":"https:\/\/theinvisiblecollection.com\/fr\/wp-json\/wp\/v2\/product_tag?post=5723536"},{"taxonomy":"product_designer","embeddable":true,"href":"https:\/\/theinvisiblecollection.com\/fr\/wp-json\/wp\/v2\/product_designer?post=5723536"},{"taxonomy":"comfabric","embeddable":true,"href":"https:\/\/theinvisiblecollection.com\/fr\/wp-json\/wp\/v2\/comfabric?post=5723536"},{"taxonomy":"manufacturer","embeddable":true,"href":"https:\/\/theinvisiblecollection.com\/fr\/wp-json\/wp\/v2\/manufacturer?post=5723536"},{"taxonomy":"reporting_designer","embeddable":true,"href":"https:\/\/theinvisiblecollection.com\/fr\/wp-json\/wp\/v2\/reporting_designer?post=5723536"},{"taxonomy":"samplecomfabric","embeddable":true,"href":"https:\/\/theinvisiblecollection.com\/fr\/wp-json\/wp\/v2\/samplecomfabric?post=5723536"},{"taxonomy":"clubroom_product_designer","embeddable":true,"href":"https:\/\/theinvisiblecollection.com\/fr\/wp-json\/wp\/v2\/designer_clubroom?post=5723536"}],"curies":[{"name":"wp","href":"https:\/\/api.w.org\/{rel}","templated":true}]}}