{"id":5725334,"date":"2025-01-23T14:41:13","date_gmt":"2025-01-23T14:41:13","guid":{"rendered":"https:\/\/theinvisiblecollection.com\/?post_type=product&#038;p=5725334"},"modified":"2026-05-01T07:37:23","modified_gmt":"2026-05-01T07:37:23","slug":"mobilier-national-sophia-taillet-suspension-venus","status":"publish","type":"product","link":"https:\/\/theinvisiblecollection.com\/fr\/produit\/mobilier-national-sophia-taillet-suspension-venus\/","title":{"rendered":"Suspension Venus"},"content":{"rendered":"<p style=\"text-align: justify;\">Entre surface onduleuse et courbe voluptueuse, Venus est un luminaire en verre souffl\u00e9 qui explore les techniques traditionnelles de mise en \u0153uvre du verre en fusion. En suspension, sa forme organique et gracieuse r\u00e9v\u00e8le une l\u00e9g\u00e8ret\u00e9 visuelle qui illumine l\u2019espace.<\/p>\n","protected":false},"excerpt":{"rendered":"<p>Entre surface onduleuse et courbe voluptueuse, Venus est un luminaire en verre souffl\u00e9 qui explore les techniques traditionnelles de mise en \u0153uvre du verre en fusion. En suspension, sa forme organique et gracieuse r\u00e9v\u00e8le une l\u00e9g\u00e8ret\u00e9 visuelle qui illumine l\u2019espace.<\/p>\n","protected":false},"featured_media":5725195,"template":"","meta":{"_acf_changed":false,"content-type":"","_themeisle_gutenberg_block_has_review":false},"product_brand":[],"product_cat":[8961,12507],"product_tag":[20434],"product_designer":[20441,33125],"comfabric":[],"manufacturer":[33113],"reporting_designer":[37480],"samplecomfabric":[],"designer_clubroom":[],"class_list":{"0":"post-5725334","1":"product","2":"type-product","3":"status-publish","4":"has-post-thumbnail","6":"product_cat-suspensions","7":"product_cat-luminaires","8":"product_tag-mobilier-national-fr","9":"pa_color-bleu-fr-fr","10":"pa_color-rouge-fr","11":"product_designer-mobilier-national-fr","12":"product_designer-sophia-taillet-for-13desserts-fr","13":"manufacturer-sophia-taillet-for-13desserts-atelier-fr","14":"reporting_designer-mobilier-national","16":"first","17":"instock","18":"taxable","19":"shipping-taxable","20":"purchasable","21":"product-type-variable"},"acf":[],"_links":{"self":[{"href":"https:\/\/theinvisiblecollection.com\/fr\/wp-json\/wp\/v2\/product\/5725334","targetHints":{"allow":["GET"]}}],"collection":[{"href":"https:\/\/theinvisiblecollection.com\/fr\/wp-json\/wp\/v2\/product"}],"about":[{"href":"https:\/\/theinvisiblecollection.com\/fr\/wp-json\/wp\/v2\/types\/product"}],"wp:featuredmedia":[{"embeddable":true,"href":"https:\/\/theinvisiblecollection.com\/fr\/wp-json\/wp\/v2\/media\/5725195"}],"wp:attachment":[{"href":"https:\/\/theinvisiblecollection.com\/fr\/wp-json\/wp\/v2\/media?parent=5725334"}],"wp:term":[{"taxonomy":"product_brand","embeddable":true,"href":"https:\/\/theinvisiblecollection.com\/fr\/wp-json\/wp\/v2\/product_brand?post=5725334"},{"taxonomy":"product_cat","embeddable":true,"href":"https:\/\/theinvisiblecollection.com\/fr\/wp-json\/wp\/v2\/product_cat?post=5725334"},{"taxonomy":"product_tag","embeddable":true,"href":"https:\/\/theinvisiblecollection.com\/fr\/wp-json\/wp\/v2\/product_tag?post=5725334"},{"taxonomy":"product_designer","embeddable":true,"href":"https:\/\/theinvisiblecollection.com\/fr\/wp-json\/wp\/v2\/product_designer?post=5725334"},{"taxonomy":"comfabric","embeddable":true,"href":"https:\/\/theinvisiblecollection.com\/fr\/wp-json\/wp\/v2\/comfabric?post=5725334"},{"taxonomy":"manufacturer","embeddable":true,"href":"https:\/\/theinvisiblecollection.com\/fr\/wp-json\/wp\/v2\/manufacturer?post=5725334"},{"taxonomy":"reporting_designer","embeddable":true,"href":"https:\/\/theinvisiblecollection.com\/fr\/wp-json\/wp\/v2\/reporting_designer?post=5725334"},{"taxonomy":"samplecomfabric","embeddable":true,"href":"https:\/\/theinvisiblecollection.com\/fr\/wp-json\/wp\/v2\/samplecomfabric?post=5725334"},{"taxonomy":"clubroom_product_designer","embeddable":true,"href":"https:\/\/theinvisiblecollection.com\/fr\/wp-json\/wp\/v2\/designer_clubroom?post=5725334"}],"curies":[{"name":"wp","href":"https:\/\/api.w.org\/{rel}","templated":true}]}}