{"id":5725359,"date":"2025-01-13T09:35:08","date_gmt":"2025-01-13T09:35:08","guid":{"rendered":"https:\/\/theinvisiblecollection.com\/?post_type=product&#038;p=5725359"},"modified":"2026-05-01T07:37:23","modified_gmt":"2026-05-01T07:37:23","slug":"mobilier-national-alice-gavalet-paire-de-gueridons-ceramique","status":"publish","type":"product","link":"https:\/\/theinvisiblecollection.com\/fr\/produit\/mobilier-national-alice-gavalet-paire-de-gueridons-ceramique\/","title":{"rendered":"Paire de Gu\u00e9ridons C\u00e9ramique"},"content":{"rendered":"<div class=\"ewa-rteLine\" style=\"text-align: justify;\">Les gu\u00e9ridons en c\u00e9ramique d\u2019Alice Gavalet sont enti\u00e8rement fabriqu\u00e9s \u00e0 la main dans son atelier situ\u00e9 \u00e0 Nogent-sur-Marne. Ces cr\u00e9ations incarnent son approche distinctive, un subtil m\u00e9lange entre l\u2019art, le design et l\u2019artisanat.<\/div>\n<div class=\"ewa-rteLine\" style=\"text-align: justify;\">Chaque pi\u00e8ce est fa\u00e7onn\u00e9e \u00e0 partir de colombins de fa\u00efence chamott\u00e9e. Alice Gavalet y applique une fausse nappe en tartan, un motif qu&#8217;elle affectionne particuli\u00e8rement, et qui refl\u00e8te son go\u00fbt prononc\u00e9 pour le jeu des couleurs et des motifs. Pour l\u2019\u00e9maillage, elle adopte une approche picturale : qui superpose des engobes, des \u00e9maux et des oxydes, cr\u00e9ant ainsi des transparences subtiles et des effets visuels raffin\u00e9s<\/div>\n<div class=\"ewa-rteLine\" style=\"text-align: justify;\">Dans le cadre d\u2019une collaboration avec le Mobilier National, Alice Gavalet a \u00e9labor\u00e9 une gamme de couleurs inspir\u00e9e des teintes du bleu du drapeau tricolore. La silhouette classique des gu\u00e9ridons a \u00e9t\u00e9 con\u00e7ue pour les int\u00e9grer harmonieusement dans des environnements d\u2019exception<\/div>\n<div class=\"ewa-rteLine\" style=\"text-align: justify;\">Chaque gu\u00e9ridon, comme toutes ses cr\u00e9ations en c\u00e9ramique, est unique. Leur fabrication artisanale garantit que chaque pi\u00e8ce diff\u00e8re des autres, faisant de chaque gu\u00e9ridon un objet d\u2019art unique.<\/div>\n<div class=\"ewa-rteLine\" style=\"text-align: justify;\"><\/div>\n<div class=\"ewa-rteLine\" style=\"text-align: justify;\">Alice Gavalet est repr\u00e9sent\u00e9e en France par la Galerie Italienne depuis 2022, avec une premi\u00e8re exposition monographique \u00e9ponyme marquant le d\u00e9but de cette collaboration. Ses \u0153uvres ont \u00e9galement \u00e9t\u00e9 pr\u00e9sent\u00e9es dans de nombreuses expositions collectives ainsi que lors de foires d&#8217;art et de design. Une prochaine exposition monographique de l\u2019artiste aura lieu en septembre 2025 dans le nouvel espace de la galerie, situ\u00e9 au 75 rue du Faubourg Saint-Honor\u00e9, 75008 Paris.<\/div>\n<div style=\"text-align: justify;\">Photos cr\u00e9dits &#8211; Allison Borgo<\/div>\n","protected":false},"excerpt":{"rendered":"<p>Design par Anthony Guerr\u00e9e<br \/>\nCr\u00e9ation int\u00e9gr\u00e9e au sein des collections du Mobilier national<br \/>\n\u00c9dition limit\u00e9e de 8 pi\u00e8ces<br \/>\nStructure en c\u00e8dre massif<br \/>\nBoules en laiton bronz\u00e9 martel\u00e9<br \/>\nCuir de collet tannage v\u00e9g\u00e9tal couleur cocco<\/p>\n<p>Dimensions ouverte :<br \/>\nL 170 x l 50 x H 150 cm<br \/>\nDimensions ferm\u00e9e :<br \/>\nL 50 x l 55 x H 150 cm<br \/>\nHauteur d&#8217;assise : 45 cm<\/p>\n<p>Fabriqu\u00e9e \u00e0 la main en France par Racines Ateliers<br \/>\nD\u00e9lais de fabrication : 10 semaines<\/p>\n<p class=\"p1\"><span style=\"text-decoration: underline;\"><span class=\"s1\"><a href=\"https:\/\/www.theinvisiblecollection.com\/fr\/demande-de-devis\/?product_id=1867076\">Contactez-nous pour toute demande de devis ou de renseignement<\/a><\/span><\/span><\/p>\n","protected":false},"featured_media":5725362,"template":"","meta":{"_acf_changed":false,"content-type":"","_themeisle_gutenberg_block_has_review":false},"product_brand":[],"product_cat":[12332,12503],"product_tag":[20434,22790,31475,31477,33319],"product_designer":[20441,33135],"comfabric":[],"manufacturer":[33129],"reporting_designer":[37480],"samplecomfabric":[],"designer_clubroom":[],"class_list":{"0":"post-5725359","1":"product","2":"type-product","3":"status-publish","4":"has-post-thumbnail","6":"product_cat-tables-dappoint","7":"product_cat-tables-fr","8":"product_tag-mobilier-national-fr","9":"product_tag-disponible-immediatement","10":"product_tag-st-ceramic-fr","11":"product_tag-st-curvy-fr","12":"product_tag-edition-limitee","13":"product_designer-mobilier-national-fr","14":"product_designer-alice-gavalet-pour-galerie-italienne-fr","15":"manufacturer-alice-gavalet-for-galerie-italienne-atelier-fr","16":"reporting_designer-mobilier-national","17":"exhibitions-paris-fr","19":"first","20":"instock","21":"taxable","22":"shipping-taxable","23":"purchasable","24":"product-type-simple"},"acf":[],"_links":{"self":[{"href":"https:\/\/theinvisiblecollection.com\/fr\/wp-json\/wp\/v2\/product\/5725359","targetHints":{"allow":["GET"]}}],"collection":[{"href":"https:\/\/theinvisiblecollection.com\/fr\/wp-json\/wp\/v2\/product"}],"about":[{"href":"https:\/\/theinvisiblecollection.com\/fr\/wp-json\/wp\/v2\/types\/product"}],"wp:featuredmedia":[{"embeddable":true,"href":"https:\/\/theinvisiblecollection.com\/fr\/wp-json\/wp\/v2\/media\/5725362"}],"wp:attachment":[{"href":"https:\/\/theinvisiblecollection.com\/fr\/wp-json\/wp\/v2\/media?parent=5725359"}],"wp:term":[{"taxonomy":"product_brand","embeddable":true,"href":"https:\/\/theinvisiblecollection.com\/fr\/wp-json\/wp\/v2\/product_brand?post=5725359"},{"taxonomy":"product_cat","embeddable":true,"href":"https:\/\/theinvisiblecollection.com\/fr\/wp-json\/wp\/v2\/product_cat?post=5725359"},{"taxonomy":"product_tag","embeddable":true,"href":"https:\/\/theinvisiblecollection.com\/fr\/wp-json\/wp\/v2\/product_tag?post=5725359"},{"taxonomy":"product_designer","embeddable":true,"href":"https:\/\/theinvisiblecollection.com\/fr\/wp-json\/wp\/v2\/product_designer?post=5725359"},{"taxonomy":"comfabric","embeddable":true,"href":"https:\/\/theinvisiblecollection.com\/fr\/wp-json\/wp\/v2\/comfabric?post=5725359"},{"taxonomy":"manufacturer","embeddable":true,"href":"https:\/\/theinvisiblecollection.com\/fr\/wp-json\/wp\/v2\/manufacturer?post=5725359"},{"taxonomy":"reporting_designer","embeddable":true,"href":"https:\/\/theinvisiblecollection.com\/fr\/wp-json\/wp\/v2\/reporting_designer?post=5725359"},{"taxonomy":"samplecomfabric","embeddable":true,"href":"https:\/\/theinvisiblecollection.com\/fr\/wp-json\/wp\/v2\/samplecomfabric?post=5725359"},{"taxonomy":"clubroom_product_designer","embeddable":true,"href":"https:\/\/theinvisiblecollection.com\/fr\/wp-json\/wp\/v2\/designer_clubroom?post=5725359"}],"curies":[{"name":"wp","href":"https:\/\/api.w.org\/{rel}","templated":true}]}}