{"id":5725579,"date":"2025-02-26T16:04:08","date_gmt":"2025-02-26T16:04:08","guid":{"rendered":"https:\/\/theinvisiblecollection.com\/?post_type=product&#038;p=5725579"},"modified":"2026-05-01T07:37:23","modified_gmt":"2026-05-01T07:37:23","slug":"amande-haeghen-applique-primavera","status":"publish","type":"product","link":"https:\/\/theinvisiblecollection.com\/fr\/produit\/amande-haeghen-applique-primavera\/","title":{"rendered":"Applique Primavera"},"content":{"rendered":"<p>L\u2019applique Primavera d&#8217;Amande Haeghen tire son nom du mot portugais d\u00e9signant le printemps et s\u2019inspire des nuances d\u00e9licates de vert qui annoncent les d\u00e9buts de cette saison. Comme deux p\u00e9tales entrelac\u00e9s en porcelaine, son c\u0153ur r\u00e9v\u00e8le un d\u00e9grad\u00e9 de verts compos\u00e9 de multiples \u00e9clats de verre fondu qui refl\u00e8tent et diffusent la lumi\u00e8re. Les ondulations de la porcelaine, rappelant celles d\u2019un p\u00e9tale, dessinent de subtiles ombres sur le mur, cr\u00e9ant une lumi\u00e8re douce et apaisante.<\/p>\n","protected":false},"excerpt":{"rendered":"<p>L\u2019applique Primavera d&#8217;Amande Haeghen tire son nom du mot portugais d\u00e9signant le printemps et s\u2019inspire des nuances d\u00e9licates de vert qui annoncent les d\u00e9buts de cette saison. Comme deux p\u00e9tales entrelac\u00e9s en porcelaine, son c\u0153ur r\u00e9v\u00e8le un d\u00e9grad\u00e9 de verts compos\u00e9 de multiples \u00e9clats de verre fondu qui refl\u00e8tent et diffusent la lumi\u00e8re. Les ondulations [&hellip;]<\/p>\n","protected":false},"featured_media":5725803,"template":"","meta":{"_acf_changed":false,"content-type":"","_themeisle_gutenberg_block_has_review":false},"product_brand":[],"product_cat":[8975,12507],"product_tag":[14925,31474,31475,31477,35206],"product_designer":[18613],"comfabric":[],"manufacturer":[18611],"reporting_designer":[37704],"samplecomfabric":[],"designer_clubroom":[],"class_list":{"0":"post-5725579","1":"product","2":"type-product","3":"status-publish","4":"has-post-thumbnail","6":"product_cat-appliques-murales","7":"product_cat-luminaires","8":"product_tag-hpfav-fr","9":"product_tag-co-white-fr","10":"product_tag-st-ceramic-fr","11":"product_tag-st-curvy-fr","12":"product_tag-exclusive-fr","13":"pa_size-paire","14":"pa_size-singulier","15":"product_designer-amande-haeghen-fr","16":"manufacturer-amande-haeghen-fr","17":"reporting_designer-amande-haeghen","19":"first","20":"instock","21":"taxable","22":"shipping-taxable","23":"purchasable","24":"product-type-variable"},"acf":[],"_links":{"self":[{"href":"https:\/\/theinvisiblecollection.com\/fr\/wp-json\/wp\/v2\/product\/5725579","targetHints":{"allow":["GET"]}}],"collection":[{"href":"https:\/\/theinvisiblecollection.com\/fr\/wp-json\/wp\/v2\/product"}],"about":[{"href":"https:\/\/theinvisiblecollection.com\/fr\/wp-json\/wp\/v2\/types\/product"}],"wp:featuredmedia":[{"embeddable":true,"href":"https:\/\/theinvisiblecollection.com\/fr\/wp-json\/wp\/v2\/media\/5725803"}],"wp:attachment":[{"href":"https:\/\/theinvisiblecollection.com\/fr\/wp-json\/wp\/v2\/media?parent=5725579"}],"wp:term":[{"taxonomy":"product_brand","embeddable":true,"href":"https:\/\/theinvisiblecollection.com\/fr\/wp-json\/wp\/v2\/product_brand?post=5725579"},{"taxonomy":"product_cat","embeddable":true,"href":"https:\/\/theinvisiblecollection.com\/fr\/wp-json\/wp\/v2\/product_cat?post=5725579"},{"taxonomy":"product_tag","embeddable":true,"href":"https:\/\/theinvisiblecollection.com\/fr\/wp-json\/wp\/v2\/product_tag?post=5725579"},{"taxonomy":"product_designer","embeddable":true,"href":"https:\/\/theinvisiblecollection.com\/fr\/wp-json\/wp\/v2\/product_designer?post=5725579"},{"taxonomy":"comfabric","embeddable":true,"href":"https:\/\/theinvisiblecollection.com\/fr\/wp-json\/wp\/v2\/comfabric?post=5725579"},{"taxonomy":"manufacturer","embeddable":true,"href":"https:\/\/theinvisiblecollection.com\/fr\/wp-json\/wp\/v2\/manufacturer?post=5725579"},{"taxonomy":"reporting_designer","embeddable":true,"href":"https:\/\/theinvisiblecollection.com\/fr\/wp-json\/wp\/v2\/reporting_designer?post=5725579"},{"taxonomy":"samplecomfabric","embeddable":true,"href":"https:\/\/theinvisiblecollection.com\/fr\/wp-json\/wp\/v2\/samplecomfabric?post=5725579"},{"taxonomy":"clubroom_product_designer","embeddable":true,"href":"https:\/\/theinvisiblecollection.com\/fr\/wp-json\/wp\/v2\/designer_clubroom?post=5725579"}],"curies":[{"name":"wp","href":"https:\/\/api.w.org\/{rel}","templated":true}]}}