{"id":5725889,"date":"2025-02-26T16:03:58","date_gmt":"2025-02-26T16:03:58","guid":{"rendered":"https:\/\/theinvisiblecollection.com\/?post_type=product&#038;p=5725889"},"modified":"2026-05-01T07:37:23","modified_gmt":"2026-05-01T07:37:23","slug":"leo-sentou-fauteuil-ondine","status":"publish","type":"product","link":"https:\/\/theinvisiblecollection.com\/fr\/produit\/leo-sentou-fauteuil-ondine\/","title":{"rendered":"Fauteuil Ondine"},"content":{"rendered":"<p style=\"text-align: justify;\">Le Fauteuil Ondine s&#8217;inspire de l&#8217;\u00e9l\u00e9gante \u00ab berg\u00e8re en gondole \u00bb cr\u00e9\u00e9e par Antoine Bonnemain (re\u00e7u ma\u00eetre en 1753). Fabriqu\u00e9 \u00e0 la main en Europe par des artisans qualifi\u00e9s, ce fauteuil entierement tapiss\u00e9 repose sur quatre pieds en ch\u00eane massif. Son m\u00e9daillon de dossier a \u00e9t\u00e9 r\u00e9interpr\u00e9t\u00e9 offrant un hommage sculptural et moderne au mobilier francais du XVIIIeme siecle.<\/p>\n","protected":false},"excerpt":{"rendered":"<p>Le Fauteuil Ondine s&#8217;inspire de l&#8217;\u00e9l\u00e9gante \u00ab berg\u00e8re en gondole \u00bb cr\u00e9\u00e9e par Antoine Bonnemain (re\u00e7u ma\u00eetre en 1753). Fabriqu\u00e9 \u00e0 la main en Europe par des artisans qualifi\u00e9s, ce fauteuil entierement tapiss\u00e9 repose sur quatre pieds en ch\u00eane massif. Son m\u00e9daillon de dossier a \u00e9t\u00e9 r\u00e9interpr\u00e9t\u00e9 offrant un hommage sculptural et moderne au mobilier [&hellip;]<\/p>\n","protected":false},"featured_media":5727843,"template":"","meta":{"_acf_changed":false,"content-type":"","_themeisle_gutenberg_block_has_review":false},"product_brand":[],"product_cat":[8945,12499],"product_tag":[14925,31474,31477,35206],"product_designer":[19809],"comfabric":[34953],"manufacturer":[34951],"reporting_designer":[37422],"samplecomfabric":[34955],"designer_clubroom":[],"class_list":{"0":"post-5725889","1":"product","2":"type-product","3":"status-publish","4":"has-post-thumbnail","6":"product_cat-fauteuils","7":"product_cat-assises","8":"product_tag-hpfav-fr","9":"product_tag-co-white-fr","10":"product_tag-st-curvy-fr","11":"product_tag-exclusive-fr","12":"product_designer-leo-sentou-fr","13":"comfabric-a-d-sourcing-pickup-leo-sentou-fr","14":"manufacturer-a-d-sourcing-pickup-leo-sentou-fr","15":"reporting_designer-leo-sentou","16":"samplecomfabric-a-d-sourcing-pickup-leo-sentou-fr","17":"exhibitions-londres-fr","19":"first","20":"instock","21":"taxable","22":"shipping-taxable","23":"purchasable","24":"product-type-variable"},"acf":[],"_links":{"self":[{"href":"https:\/\/theinvisiblecollection.com\/fr\/wp-json\/wp\/v2\/product\/5725889","targetHints":{"allow":["GET"]}}],"collection":[{"href":"https:\/\/theinvisiblecollection.com\/fr\/wp-json\/wp\/v2\/product"}],"about":[{"href":"https:\/\/theinvisiblecollection.com\/fr\/wp-json\/wp\/v2\/types\/product"}],"wp:featuredmedia":[{"embeddable":true,"href":"https:\/\/theinvisiblecollection.com\/fr\/wp-json\/wp\/v2\/media\/5727843"}],"wp:attachment":[{"href":"https:\/\/theinvisiblecollection.com\/fr\/wp-json\/wp\/v2\/media?parent=5725889"}],"wp:term":[{"taxonomy":"product_brand","embeddable":true,"href":"https:\/\/theinvisiblecollection.com\/fr\/wp-json\/wp\/v2\/product_brand?post=5725889"},{"taxonomy":"product_cat","embeddable":true,"href":"https:\/\/theinvisiblecollection.com\/fr\/wp-json\/wp\/v2\/product_cat?post=5725889"},{"taxonomy":"product_tag","embeddable":true,"href":"https:\/\/theinvisiblecollection.com\/fr\/wp-json\/wp\/v2\/product_tag?post=5725889"},{"taxonomy":"product_designer","embeddable":true,"href":"https:\/\/theinvisiblecollection.com\/fr\/wp-json\/wp\/v2\/product_designer?post=5725889"},{"taxonomy":"comfabric","embeddable":true,"href":"https:\/\/theinvisiblecollection.com\/fr\/wp-json\/wp\/v2\/comfabric?post=5725889"},{"taxonomy":"manufacturer","embeddable":true,"href":"https:\/\/theinvisiblecollection.com\/fr\/wp-json\/wp\/v2\/manufacturer?post=5725889"},{"taxonomy":"reporting_designer","embeddable":true,"href":"https:\/\/theinvisiblecollection.com\/fr\/wp-json\/wp\/v2\/reporting_designer?post=5725889"},{"taxonomy":"samplecomfabric","embeddable":true,"href":"https:\/\/theinvisiblecollection.com\/fr\/wp-json\/wp\/v2\/samplecomfabric?post=5725889"},{"taxonomy":"clubroom_product_designer","embeddable":true,"href":"https:\/\/theinvisiblecollection.com\/fr\/wp-json\/wp\/v2\/designer_clubroom?post=5725889"}],"curies":[{"name":"wp","href":"https:\/\/api.w.org\/{rel}","templated":true}]}}