{"id":5725923,"date":"2025-02-26T16:02:48","date_gmt":"2025-02-26T16:02:48","guid":{"rendered":"https:\/\/theinvisiblecollection.com\/?post_type=product&#038;p=5725923"},"modified":"2026-05-01T07:37:23","modified_gmt":"2026-05-01T07:37:23","slug":"leo-sentou-ottoman-rognon","status":"publish","type":"product","link":"https:\/\/theinvisiblecollection.com\/fr\/produit\/leo-sentou-ottoman-rognon\/","title":{"rendered":"Ottoman Rognon"},"content":{"rendered":"<p style=\"text-align: justify;\"><span class=\"TextRun SCXW78081021 BCX0\" lang=\"FR-FR\" xml:lang=\"FR-FR\" data-contrast=\"none\"><span class=\"NormalTextRun SCXW78081021 BCX0\">L&#8217;ottoman Rognon <\/span><span class=\"NormalTextRun SCXW78081021 BCX0\">s&#8217;inspire d&#8217;une berg\u00e8re de forme ovale cr\u00e9\u00e9e par Louis <\/span><span class=\"NormalTextRun SpellingErrorV2Themed SCXW78081021 BCX0\">Delanois<\/span><span class=\"NormalTextRun SCXW78081021 BCX0\">. L&#8217;int\u00e9gralit\u00e9 du si\u00e8ge est tapiss\u00e9e de mohair, le m\u00e9daillon devenant sculptural et reposant sur des pieds en bronze dor\u00e9 cisel\u00e9, rappelant les d\u00e9tails de cannelures classiques du mobilier Louis XVI. Le pouf est d\u00e9riv\u00e9 du mobilier en forme de haricot, typique de cette \u00e9poque.<\/span><\/span><span class=\"EOP SCXW78081021 BCX0\" data-ccp-props=\"{&quot;134233117&quot;:false,&quot;134233118&quot;:false,&quot;335551550&quot;:2,&quot;335551620&quot;:2,&quot;335559738&quot;:0,&quot;335559739&quot;:0}\">\u00a0<\/span><\/p>\n","protected":false},"excerpt":{"rendered":"<p>L&#8217;ottoman Rognon s&#8217;inspire d&#8217;une berg\u00e8re de forme ovale cr\u00e9\u00e9e par Louis Delanois. L&#8217;int\u00e9gralit\u00e9 du si\u00e8ge est tapiss\u00e9e de mohair, le m\u00e9daillon devenant sculptural et reposant sur des pieds en bronze dor\u00e9 cisel\u00e9, rappelant les d\u00e9tails de cannelures classiques du mobilier Louis XVI. Le pouf est d\u00e9riv\u00e9 du mobilier en forme de haricot, typique de cette [&hellip;]<\/p>\n","protected":false},"featured_media":5727845,"template":"","meta":{"_acf_changed":false,"content-type":"","_themeisle_gutenberg_block_has_review":false},"product_brand":[],"product_cat":[8969,12499],"product_tag":[14925,31474,31477,35206],"product_designer":[19809],"comfabric":[34953],"manufacturer":[34951],"reporting_designer":[37422],"samplecomfabric":[34955],"designer_clubroom":[],"class_list":{"0":"post-5725923","1":"product","2":"type-product","3":"status-publish","4":"has-post-thumbnail","6":"product_cat-ottomans-tabourets","7":"product_cat-assises","8":"product_tag-hpfav-fr","9":"product_tag-co-white-fr","10":"product_tag-st-curvy-fr","11":"product_tag-exclusive-fr","12":"product_designer-leo-sentou-fr","13":"comfabric-a-d-sourcing-pickup-leo-sentou-fr","14":"manufacturer-a-d-sourcing-pickup-leo-sentou-fr","15":"reporting_designer-leo-sentou","16":"samplecomfabric-a-d-sourcing-pickup-leo-sentou-fr","17":"exhibitions-londres-fr","19":"first","20":"instock","21":"taxable","22":"shipping-taxable","23":"purchasable","24":"product-type-variable"},"acf":[],"_links":{"self":[{"href":"https:\/\/theinvisiblecollection.com\/fr\/wp-json\/wp\/v2\/product\/5725923","targetHints":{"allow":["GET"]}}],"collection":[{"href":"https:\/\/theinvisiblecollection.com\/fr\/wp-json\/wp\/v2\/product"}],"about":[{"href":"https:\/\/theinvisiblecollection.com\/fr\/wp-json\/wp\/v2\/types\/product"}],"wp:featuredmedia":[{"embeddable":true,"href":"https:\/\/theinvisiblecollection.com\/fr\/wp-json\/wp\/v2\/media\/5727845"}],"wp:attachment":[{"href":"https:\/\/theinvisiblecollection.com\/fr\/wp-json\/wp\/v2\/media?parent=5725923"}],"wp:term":[{"taxonomy":"product_brand","embeddable":true,"href":"https:\/\/theinvisiblecollection.com\/fr\/wp-json\/wp\/v2\/product_brand?post=5725923"},{"taxonomy":"product_cat","embeddable":true,"href":"https:\/\/theinvisiblecollection.com\/fr\/wp-json\/wp\/v2\/product_cat?post=5725923"},{"taxonomy":"product_tag","embeddable":true,"href":"https:\/\/theinvisiblecollection.com\/fr\/wp-json\/wp\/v2\/product_tag?post=5725923"},{"taxonomy":"product_designer","embeddable":true,"href":"https:\/\/theinvisiblecollection.com\/fr\/wp-json\/wp\/v2\/product_designer?post=5725923"},{"taxonomy":"comfabric","embeddable":true,"href":"https:\/\/theinvisiblecollection.com\/fr\/wp-json\/wp\/v2\/comfabric?post=5725923"},{"taxonomy":"manufacturer","embeddable":true,"href":"https:\/\/theinvisiblecollection.com\/fr\/wp-json\/wp\/v2\/manufacturer?post=5725923"},{"taxonomy":"reporting_designer","embeddable":true,"href":"https:\/\/theinvisiblecollection.com\/fr\/wp-json\/wp\/v2\/reporting_designer?post=5725923"},{"taxonomy":"samplecomfabric","embeddable":true,"href":"https:\/\/theinvisiblecollection.com\/fr\/wp-json\/wp\/v2\/samplecomfabric?post=5725923"},{"taxonomy":"clubroom_product_designer","embeddable":true,"href":"https:\/\/theinvisiblecollection.com\/fr\/wp-json\/wp\/v2\/designer_clubroom?post=5725923"}],"curies":[{"name":"wp","href":"https:\/\/api.w.org\/{rel}","templated":true}]}}