{"id":5726678,"date":"2025-02-07T17:25:44","date_gmt":"2025-02-07T17:25:44","guid":{"rendered":"https:\/\/theinvisiblecollection.com\/?post_type=product&#038;p=5726678"},"modified":"2026-05-01T07:37:23","modified_gmt":"2026-05-01T07:37:23","slug":"maison-leleu-lampadaire-orys","status":"publish","type":"product","link":"https:\/\/theinvisiblecollection.com\/fr\/produit\/maison-leleu-lampadaire-orys\/","title":{"rendered":"Lampadaire Orys"},"content":{"rendered":"<p style=\"text-align: justify;\">Orys est une nouvelle cr\u00e9ation sculpturale et fonctionnelle. Un luminaire \u00e0 la fois dense et sensuel, d\u00e9licat et spectaculaire, qui se d\u00e9ploie dans l\u2019espace et nous plonge dans un imaginaire merveilleux.<\/p>\n","protected":false},"excerpt":{"rendered":"<p>Orys est une nouvelle cr\u00e9ation sculpturale et fonctionnelle. Un luminaire \u00e0 la fois dense et sensuel, d\u00e9licat et spectaculaire, qui se d\u00e9ploie dans l\u2019espace et nous plonge dans un imaginaire merveilleux.<\/p>\n","protected":false},"featured_media":5730331,"template":"","meta":{"_acf_changed":false,"content-type":"","_themeisle_gutenberg_block_has_review":false},"product_brand":[],"product_cat":[8966,12507],"product_tag":[31477],"product_designer":[16596],"comfabric":[],"manufacturer":[37012],"reporting_designer":[37700],"samplecomfabric":[],"designer_clubroom":[],"class_list":{"0":"post-5726678","1":"product","2":"type-product","3":"status-publish","4":"has-post-thumbnail","6":"product_cat-lampes-sur-pied","7":"product_cat-luminaires","8":"product_tag-st-curvy-fr","9":"product_designer-maison-leleu-fr","10":"manufacturer-maison-leleu-esi-louvres-fr","11":"reporting_designer-maison-leleu","12":"exhibitions-paris-fr","14":"first","15":"instock","16":"taxable","17":"shipping-taxable","18":"purchasable","19":"product-type-simple"},"acf":[],"_links":{"self":[{"href":"https:\/\/theinvisiblecollection.com\/fr\/wp-json\/wp\/v2\/product\/5726678","targetHints":{"allow":["GET"]}}],"collection":[{"href":"https:\/\/theinvisiblecollection.com\/fr\/wp-json\/wp\/v2\/product"}],"about":[{"href":"https:\/\/theinvisiblecollection.com\/fr\/wp-json\/wp\/v2\/types\/product"}],"wp:featuredmedia":[{"embeddable":true,"href":"https:\/\/theinvisiblecollection.com\/fr\/wp-json\/wp\/v2\/media\/5730331"}],"wp:attachment":[{"href":"https:\/\/theinvisiblecollection.com\/fr\/wp-json\/wp\/v2\/media?parent=5726678"}],"wp:term":[{"taxonomy":"product_brand","embeddable":true,"href":"https:\/\/theinvisiblecollection.com\/fr\/wp-json\/wp\/v2\/product_brand?post=5726678"},{"taxonomy":"product_cat","embeddable":true,"href":"https:\/\/theinvisiblecollection.com\/fr\/wp-json\/wp\/v2\/product_cat?post=5726678"},{"taxonomy":"product_tag","embeddable":true,"href":"https:\/\/theinvisiblecollection.com\/fr\/wp-json\/wp\/v2\/product_tag?post=5726678"},{"taxonomy":"product_designer","embeddable":true,"href":"https:\/\/theinvisiblecollection.com\/fr\/wp-json\/wp\/v2\/product_designer?post=5726678"},{"taxonomy":"comfabric","embeddable":true,"href":"https:\/\/theinvisiblecollection.com\/fr\/wp-json\/wp\/v2\/comfabric?post=5726678"},{"taxonomy":"manufacturer","embeddable":true,"href":"https:\/\/theinvisiblecollection.com\/fr\/wp-json\/wp\/v2\/manufacturer?post=5726678"},{"taxonomy":"reporting_designer","embeddable":true,"href":"https:\/\/theinvisiblecollection.com\/fr\/wp-json\/wp\/v2\/reporting_designer?post=5726678"},{"taxonomy":"samplecomfabric","embeddable":true,"href":"https:\/\/theinvisiblecollection.com\/fr\/wp-json\/wp\/v2\/samplecomfabric?post=5726678"},{"taxonomy":"clubroom_product_designer","embeddable":true,"href":"https:\/\/theinvisiblecollection.com\/fr\/wp-json\/wp\/v2\/designer_clubroom?post=5726678"}],"curies":[{"name":"wp","href":"https:\/\/api.w.org\/{rel}","templated":true}]}}