{"id":5727801,"date":"2025-01-16T16:01:17","date_gmt":"2025-01-16T16:01:17","guid":{"rendered":"https:\/\/theinvisiblecollection.com\/?post_type=product&#038;p=5727801"},"modified":"2026-05-15T05:02:01","modified_gmt":"2026-05-15T05:02:01","slug":"beni-rugs-garce-dimofski-tapis-horizonte","status":"publish","type":"product","link":"https:\/\/theinvisiblecollection.com\/fr\/produit\/beni-rugs-garce-dimofski-tapis-horizonte\/","title":{"rendered":"Tapis Horizonte"},"content":{"rendered":"<div>Po\u00e9sie visuelle. Une nouvelle collection de tapis dessin\u00e9e par Garc\u00e9 &amp; Dimofski pour Beni Rugs, inspir\u00e9e par les mots de Fernando Pessoa et les couleurs de Lisbonne. Baptis\u00e9e Orpheu (du nom de la revue litt\u00e9raire du po\u00e8te), cette collection d\u00e9ploie sur huit tapis d\u2019\u00e9l\u00e9gants motifs graphiques dans une palette saisissante.<\/div>\n<p>Le Tapis Horizonte, comme l\u2019a si bien exprim\u00e9 le po\u00e8te Fernando Pessoa, refl\u00e8te la mani\u00e8re dont la terre s\u2019ouvre en sons et en couleurs. Offrant une vision d\u2019une r\u00e9alit\u00e9 satur\u00e9e et en harmonie, Horizonte dessine les formes invisibles des mondes fantastiques. Alliant laine nou\u00e9e et tiss\u00e9e \u00e0 plat, la construction complexe de ce design n\u00e9cessite l\u2019expertise de nos ma\u00eetres tisseurs.<\/p>\n","protected":false},"excerpt":{"rendered":"<div class=\"flex-shrink-0 flex flex-col relative items-end\">\n<div>\n<div class=\"pt-0\">\n<div class=\"gizmo-bot-avatar flex h-8 w-8 items-center justify-center overflow-hidden rounded-full\">\n<div class=\"relative p-1 rounded-sm flex items-center justify-center bg-token-main-surface-primary text-token-text-primary h-8 w-8\"><\/div>\n<\/div>\n<\/div>\n<\/div>\n<\/div>\n<div class=\"group\/conversation-turn relative flex w-full min-w-0 flex-col agent-turn\">\n<div class=\"flex-col gap-1 md:gap-3\">\n<div class=\"flex max-w-full flex-col flex-grow\">\n<div class=\"min-h-8 text-message flex w-full flex-col items-end gap-2 whitespace-normal break-words text-start [.text-message+&amp;]:mt-5\" dir=\"auto\" data-message-author-role=\"assistant\" data-message-id=\"39b45893-6e70-4533-b5b2-f02eda6f631b\" data-message-model-slug=\"gpt-4o-mini\">\n<div class=\"flex w-full flex-col gap-1 empty:hidden first:pt-[3px]\">\n<div class=\"markdown prose w-full break-words dark:prose-invert light\">\n<p>&nbsp;<\/p>\n<\/div>\n<\/div>\n<\/div>\n<\/div>\n<\/div>\n<\/div>\n","protected":false},"featured_media":5727837,"template":"","meta":{"_acf_changed":false,"content-type":"","_themeisle_gutenberg_block_has_review":false},"product_brand":[],"product_cat":[12540,17999,8183],"product_tag":[22790],"product_designer":[26854,15857],"comfabric":[],"manufacturer":[26900],"reporting_designer":[37464,37344],"samplecomfabric":[],"designer_clubroom":[],"class_list":{"0":"post-5727801","1":"product","2":"type-product","3":"status-publish","4":"has-post-thumbnail","6":"product_cat-tapis-fr","7":"product_cat-tisses-a-la-main","8":"product_cat-tapis-noues-a-la-main","9":"product_tag-disponible-immediatement","10":"pa_size-dimensions-sur-mesure-fr","11":"pa_size-carre-grand","12":"pa_size-carre-moyen","13":"pa_size-carre-petit","14":"pa_size-couloir-extra-grand","15":"pa_size-couloir-grand","16":"pa_size-couloir-moyen","17":"pa_size-couloir-petit","18":"pa_size-rectangulaire-extra-grand","19":"pa_size-rectangulaire-grand","20":"pa_size-rectangulaire-mini","21":"pa_size-rectangulaire-moyen","22":"pa_size-rectangulaire-petit","23":"product_designer-beni-rugs-fr","24":"product_designer-garce-dimofski-fr","25":"manufacturer-beni-rugs-atelier-fr","26":"reporting_designer-garce-dimofski-fr","27":"reporting_designer-beni-rugs","28":"exhibitions-paris-fr","30":"first","31":"instock","32":"taxable","33":"shipping-taxable","34":"purchasable","35":"product-type-variable"},"acf":[],"_links":{"self":[{"href":"https:\/\/theinvisiblecollection.com\/fr\/wp-json\/wp\/v2\/product\/5727801","targetHints":{"allow":["GET"]}}],"collection":[{"href":"https:\/\/theinvisiblecollection.com\/fr\/wp-json\/wp\/v2\/product"}],"about":[{"href":"https:\/\/theinvisiblecollection.com\/fr\/wp-json\/wp\/v2\/types\/product"}],"wp:featuredmedia":[{"embeddable":true,"href":"https:\/\/theinvisiblecollection.com\/fr\/wp-json\/wp\/v2\/media\/5727837"}],"wp:attachment":[{"href":"https:\/\/theinvisiblecollection.com\/fr\/wp-json\/wp\/v2\/media?parent=5727801"}],"wp:term":[{"taxonomy":"product_brand","embeddable":true,"href":"https:\/\/theinvisiblecollection.com\/fr\/wp-json\/wp\/v2\/product_brand?post=5727801"},{"taxonomy":"product_cat","embeddable":true,"href":"https:\/\/theinvisiblecollection.com\/fr\/wp-json\/wp\/v2\/product_cat?post=5727801"},{"taxonomy":"product_tag","embeddable":true,"href":"https:\/\/theinvisiblecollection.com\/fr\/wp-json\/wp\/v2\/product_tag?post=5727801"},{"taxonomy":"product_designer","embeddable":true,"href":"https:\/\/theinvisiblecollection.com\/fr\/wp-json\/wp\/v2\/product_designer?post=5727801"},{"taxonomy":"comfabric","embeddable":true,"href":"https:\/\/theinvisiblecollection.com\/fr\/wp-json\/wp\/v2\/comfabric?post=5727801"},{"taxonomy":"manufacturer","embeddable":true,"href":"https:\/\/theinvisiblecollection.com\/fr\/wp-json\/wp\/v2\/manufacturer?post=5727801"},{"taxonomy":"reporting_designer","embeddable":true,"href":"https:\/\/theinvisiblecollection.com\/fr\/wp-json\/wp\/v2\/reporting_designer?post=5727801"},{"taxonomy":"samplecomfabric","embeddable":true,"href":"https:\/\/theinvisiblecollection.com\/fr\/wp-json\/wp\/v2\/samplecomfabric?post=5727801"},{"taxonomy":"clubroom_product_designer","embeddable":true,"href":"https:\/\/theinvisiblecollection.com\/fr\/wp-json\/wp\/v2\/designer_clubroom?post=5727801"}],"curies":[{"name":"wp","href":"https:\/\/api.w.org\/{rel}","templated":true}]}}