{"id":5728101,"date":"2025-01-17T09:14:19","date_gmt":"2025-01-17T09:14:19","guid":{"rendered":"https:\/\/theinvisiblecollection.com\/?post_type=product&#038;p=5728101"},"modified":"2026-05-08T04:38:39","modified_gmt":"2026-05-08T04:38:39","slug":"beni-rugs-garce-dimofski-tapis-ondine","status":"publish","type":"product","link":"https:\/\/theinvisiblecollection.com\/fr\/produit\/beni-rugs-garce-dimofski-tapis-ondine\/","title":{"rendered":"Tapis Ondine"},"content":{"rendered":"<div>Po\u00e9sie visuelle. Une nouvelle collection de tapis dessin\u00e9e par Garc\u00e9 &amp; Dimofski pour Beni Rugs, inspir\u00e9e par les mots de Fernando Pessoa et les couleurs de Lisbonne. Baptis\u00e9e Orpheu (du nom de la revue litt\u00e9raire du po\u00e8te), cette collection d\u00e9ploie sur huit tapis d\u2019\u00e9l\u00e9gants motifs graphiques dans une palette saisissante.<\/div>\n<p>\u00c0 l\u2019image de la m\u00e9lodie sal\u00e9e chuchot\u00e9e \u00e0 l\u2019int\u00e9rieur d\u2019un coquillage, le Tapis Ondine chante une ode \u00e0 la fluidit\u00e9 onirique, inspir\u00e9e par les lignes courbes d\u2019Henri Matisse et les petites vagues qui ornent souvent les azulejos c\u00f4tiers du Portugal.<\/p>\n","protected":false},"excerpt":{"rendered":"<div class=\"flex-shrink-0 flex flex-col relative items-end\">\n<div>\n<div class=\"pt-0\">\n<div class=\"gizmo-bot-avatar flex h-8 w-8 items-center justify-center overflow-hidden rounded-full\">\n<div class=\"relative p-1 rounded-sm flex items-center justify-center bg-token-main-surface-primary text-token-text-primary h-8 w-8\"><\/div>\n<\/div>\n<\/div>\n<\/div>\n<\/div>\n<div class=\"group\/conversation-turn relative flex w-full min-w-0 flex-col agent-turn\">\n<div class=\"flex-col gap-1 md:gap-3\">\n<div class=\"flex max-w-full flex-col flex-grow\">\n<div class=\"min-h-8 text-message flex w-full flex-col items-end gap-2 whitespace-normal break-words text-start [.text-message+&amp;]:mt-5\" dir=\"auto\" data-message-author-role=\"assistant\" data-message-id=\"39b45893-6e70-4533-b5b2-f02eda6f631b\" data-message-model-slug=\"gpt-4o-mini\">\n<div class=\"flex w-full flex-col gap-1 empty:hidden first:pt-[3px]\">\n<div class=\"markdown prose w-full break-words dark:prose-invert light\">\n<p>&nbsp;<\/p>\n<\/div>\n<\/div>\n<\/div>\n<\/div>\n<\/div>\n<\/div>\n","protected":false},"featured_media":5728123,"template":"","meta":{"_acf_changed":false,"content-type":"","_themeisle_gutenberg_block_has_review":false},"product_brand":[],"product_cat":[8183,12540],"product_tag":[],"product_designer":[15857,26854],"comfabric":[],"manufacturer":[26900],"reporting_designer":[37464],"samplecomfabric":[],"designer_clubroom":[],"class_list":{"0":"post-5728101","1":"product","2":"type-product","3":"status-publish","4":"has-post-thumbnail","6":"product_cat-tapis-noues-a-la-main","7":"product_cat-tapis-fr","8":"pa_size-dimensions-sur-mesure-fr","9":"pa_size-carre-grand","10":"pa_size-carre-moyen","11":"pa_size-carre-petit","12":"pa_size-couloir-extra-grand","13":"pa_size-couloir-grand","14":"pa_size-couloir-moyen","15":"pa_size-couloir-petit","16":"pa_size-rectangulaire-extra-grand","17":"pa_size-rectangulaire-grand","18":"pa_size-rectangulaire-mini","19":"pa_size-rectangulaire-moyen","20":"pa_size-rectangulaire-petit","21":"product_designer-garce-dimofski-fr","22":"product_designer-beni-rugs-fr","23":"manufacturer-beni-rugs-atelier-fr","24":"reporting_designer-garce-dimofski-fr","26":"first","27":"instock","28":"taxable","29":"shipping-taxable","30":"purchasable","31":"product-type-variable"},"acf":[],"_links":{"self":[{"href":"https:\/\/theinvisiblecollection.com\/fr\/wp-json\/wp\/v2\/product\/5728101","targetHints":{"allow":["GET"]}}],"collection":[{"href":"https:\/\/theinvisiblecollection.com\/fr\/wp-json\/wp\/v2\/product"}],"about":[{"href":"https:\/\/theinvisiblecollection.com\/fr\/wp-json\/wp\/v2\/types\/product"}],"wp:featuredmedia":[{"embeddable":true,"href":"https:\/\/theinvisiblecollection.com\/fr\/wp-json\/wp\/v2\/media\/5728123"}],"wp:attachment":[{"href":"https:\/\/theinvisiblecollection.com\/fr\/wp-json\/wp\/v2\/media?parent=5728101"}],"wp:term":[{"taxonomy":"product_brand","embeddable":true,"href":"https:\/\/theinvisiblecollection.com\/fr\/wp-json\/wp\/v2\/product_brand?post=5728101"},{"taxonomy":"product_cat","embeddable":true,"href":"https:\/\/theinvisiblecollection.com\/fr\/wp-json\/wp\/v2\/product_cat?post=5728101"},{"taxonomy":"product_tag","embeddable":true,"href":"https:\/\/theinvisiblecollection.com\/fr\/wp-json\/wp\/v2\/product_tag?post=5728101"},{"taxonomy":"product_designer","embeddable":true,"href":"https:\/\/theinvisiblecollection.com\/fr\/wp-json\/wp\/v2\/product_designer?post=5728101"},{"taxonomy":"comfabric","embeddable":true,"href":"https:\/\/theinvisiblecollection.com\/fr\/wp-json\/wp\/v2\/comfabric?post=5728101"},{"taxonomy":"manufacturer","embeddable":true,"href":"https:\/\/theinvisiblecollection.com\/fr\/wp-json\/wp\/v2\/manufacturer?post=5728101"},{"taxonomy":"reporting_designer","embeddable":true,"href":"https:\/\/theinvisiblecollection.com\/fr\/wp-json\/wp\/v2\/reporting_designer?post=5728101"},{"taxonomy":"samplecomfabric","embeddable":true,"href":"https:\/\/theinvisiblecollection.com\/fr\/wp-json\/wp\/v2\/samplecomfabric?post=5728101"},{"taxonomy":"clubroom_product_designer","embeddable":true,"href":"https:\/\/theinvisiblecollection.com\/fr\/wp-json\/wp\/v2\/designer_clubroom?post=5728101"}],"curies":[{"name":"wp","href":"https:\/\/api.w.org\/{rel}","templated":true}]}}