{"id":5728151,"date":"2025-01-17T09:23:02","date_gmt":"2025-01-17T09:23:02","guid":{"rendered":"https:\/\/theinvisiblecollection.com\/?post_type=product&#038;p=5728151"},"modified":"2026-05-01T07:37:23","modified_gmt":"2026-05-01T07:37:23","slug":"beni-rugs-garce-dimofski-tapis-solaris","status":"publish","type":"product","link":"https:\/\/theinvisiblecollection.com\/fr\/produit\/beni-rugs-garce-dimofski-tapis-solaris\/","title":{"rendered":"Tapis Solaris"},"content":{"rendered":"<div>Po\u00e9sie visuelle. Une nouvelle collection de tapis dessin\u00e9e par Garc\u00e9 &amp; Dimofski pour Beni Rugs, inspir\u00e9e par les mots de Fernando Pessoa et les couleurs de Lisbonne. Baptis\u00e9e Orpheu (du nom de la revue litt\u00e9raire du po\u00e8te), cette collection d\u00e9ploie sur huit tapis d\u2019\u00e9l\u00e9gants motifs graphiques dans une palette saisissante.<\/div>\n<p>Le Tapis Luz, nomm\u00e9 d&#8217;apr\u00e8s Nossa Senhora Da Luz ou \u00ab Notre Dame de la Lumi\u00e8re \u00bb, est une subtile symphonie de perspectives inspir\u00e9e par la danse de la lumi\u00e8re et de l\u2019ombre sur les azulejos de Lisbonne. Alliant laine nou\u00e9e et tiss\u00e9e \u00e0 plat, la construction complexe de ce design n\u00e9cessite l\u2019expertise de nos ma\u00eetres tisseurs.<\/p>\n","protected":false},"excerpt":{"rendered":"<div class=\"flex-shrink-0 flex flex-col relative items-end\">\n<div>\n<div class=\"pt-0\">\n<div class=\"gizmo-bot-avatar flex h-8 w-8 items-center justify-center overflow-hidden rounded-full\">\n<div class=\"relative p-1 rounded-sm flex items-center justify-center bg-token-main-surface-primary text-token-text-primary h-8 w-8\"><\/div>\n<\/div>\n<\/div>\n<\/div>\n<\/div>\n<div class=\"group\/conversation-turn relative flex w-full min-w-0 flex-col agent-turn\">\n<div class=\"flex-col gap-1 md:gap-3\">\n<div class=\"flex max-w-full flex-col flex-grow\">\n<div class=\"min-h-8 text-message flex w-full flex-col items-end gap-2 whitespace-normal break-words text-start [.text-message+&amp;]:mt-5\" dir=\"auto\" data-message-author-role=\"assistant\" data-message-id=\"39b45893-6e70-4533-b5b2-f02eda6f631b\" data-message-model-slug=\"gpt-4o-mini\">\n<div class=\"flex w-full flex-col gap-1 empty:hidden first:pt-[3px]\">\n<div class=\"markdown prose w-full break-words dark:prose-invert light\">\n<p>&nbsp;<\/p>\n<\/div>\n<\/div>\n<\/div>\n<\/div>\n<\/div>\n<\/div>\n","protected":false},"featured_media":5728172,"template":"","meta":{"_acf_changed":false,"content-type":"","_themeisle_gutenberg_block_has_review":false},"product_brand":[],"product_cat":[8183,12540,17999],"product_tag":[],"product_designer":[15857,26854],"comfabric":[],"manufacturer":[26900],"reporting_designer":[37464],"samplecomfabric":[],"designer_clubroom":[],"class_list":{"0":"post-5728151","1":"product","2":"type-product","3":"status-publish","4":"has-post-thumbnail","6":"product_cat-tapis-noues-a-la-main","7":"product_cat-tapis-fr","8":"product_cat-tisses-a-la-main","9":"pa_size-dimensions-sur-mesure-fr","10":"pa_size-carre-grand","11":"pa_size-carre-moyen","12":"pa_size-carre-petit","13":"pa_size-couloir-extra-grand","14":"pa_size-couloir-grand","15":"pa_size-couloir-moyen","16":"pa_size-couloir-petit","17":"pa_size-rectangulaire-extra-grand","18":"pa_size-rectangulaire-grand","19":"pa_size-rectangulaire-mini","20":"pa_size-rectangulaire-moyen","21":"pa_size-rectangulaire-petit","22":"product_designer-garce-dimofski-fr","23":"product_designer-beni-rugs-fr","24":"manufacturer-beni-rugs-atelier-fr","25":"reporting_designer-garce-dimofski-fr","26":"exhibitions-paris-fr","28":"first","29":"instock","30":"taxable","31":"shipping-taxable","32":"purchasable","33":"product-type-variable"},"acf":[],"_links":{"self":[{"href":"https:\/\/theinvisiblecollection.com\/fr\/wp-json\/wp\/v2\/product\/5728151","targetHints":{"allow":["GET"]}}],"collection":[{"href":"https:\/\/theinvisiblecollection.com\/fr\/wp-json\/wp\/v2\/product"}],"about":[{"href":"https:\/\/theinvisiblecollection.com\/fr\/wp-json\/wp\/v2\/types\/product"}],"wp:featuredmedia":[{"embeddable":true,"href":"https:\/\/theinvisiblecollection.com\/fr\/wp-json\/wp\/v2\/media\/5728172"}],"wp:attachment":[{"href":"https:\/\/theinvisiblecollection.com\/fr\/wp-json\/wp\/v2\/media?parent=5728151"}],"wp:term":[{"taxonomy":"product_brand","embeddable":true,"href":"https:\/\/theinvisiblecollection.com\/fr\/wp-json\/wp\/v2\/product_brand?post=5728151"},{"taxonomy":"product_cat","embeddable":true,"href":"https:\/\/theinvisiblecollection.com\/fr\/wp-json\/wp\/v2\/product_cat?post=5728151"},{"taxonomy":"product_tag","embeddable":true,"href":"https:\/\/theinvisiblecollection.com\/fr\/wp-json\/wp\/v2\/product_tag?post=5728151"},{"taxonomy":"product_designer","embeddable":true,"href":"https:\/\/theinvisiblecollection.com\/fr\/wp-json\/wp\/v2\/product_designer?post=5728151"},{"taxonomy":"comfabric","embeddable":true,"href":"https:\/\/theinvisiblecollection.com\/fr\/wp-json\/wp\/v2\/comfabric?post=5728151"},{"taxonomy":"manufacturer","embeddable":true,"href":"https:\/\/theinvisiblecollection.com\/fr\/wp-json\/wp\/v2\/manufacturer?post=5728151"},{"taxonomy":"reporting_designer","embeddable":true,"href":"https:\/\/theinvisiblecollection.com\/fr\/wp-json\/wp\/v2\/reporting_designer?post=5728151"},{"taxonomy":"samplecomfabric","embeddable":true,"href":"https:\/\/theinvisiblecollection.com\/fr\/wp-json\/wp\/v2\/samplecomfabric?post=5728151"},{"taxonomy":"clubroom_product_designer","embeddable":true,"href":"https:\/\/theinvisiblecollection.com\/fr\/wp-json\/wp\/v2\/designer_clubroom?post=5728151"}],"curies":[{"name":"wp","href":"https:\/\/api.w.org\/{rel}","templated":true}]}}