{"id":5729933,"date":"2025-01-27T11:23:16","date_gmt":"2025-01-27T11:23:16","guid":{"rendered":"https:\/\/theinvisiblecollection.com\/?post_type=product&#038;p=5729933"},"modified":"2026-05-01T07:37:23","modified_gmt":"2026-05-01T07:37:23","slug":"mobilier-national-traits-dunion-design-paravent-ekko","status":"publish","type":"product","link":"https:\/\/theinvisiblecollection.com\/fr\/produit\/mobilier-national-traits-dunion-design-paravent-ekko\/","title":{"rendered":"Paravent Ekko"},"content":{"rendered":"<div class=\"flex max-w-full flex-col flex-grow\">\n<div class=\"min-h-8 text-message flex w-full flex-col items-end gap-2 whitespace-normal break-words text-start [.text-message+&amp;]:mt-5\" dir=\"auto\" data-message-author-role=\"assistant\" data-message-id=\"82d95a6e-9122-4b29-a540-f7c6727b9962\" data-message-model-slug=\"gpt-4o\">\n<div class=\"flex w-full flex-col gap-1 empty:hidden first:pt-[3px]\">\n<div class=\"markdown prose w-full break-words dark:prose-invert light\">\n<p style=\"text-align: justify;\">Ekko est une invitation \u00e0 r\u00eaver et \u00e0 r\u00e9inventer l\u2019espace. Son nom \u00e9voque l\u2019\u00e9cho des reflets changeants sur ses miroirs et ses surfaces dichro\u00efques, ainsi que le dialogue cr\u00e9atif entre les deux designers. Con\u00e7u en collaboration et r\u00e9alis\u00e9 avec un ferronnier d\u2019art, il associe une structure en acier blanc thermolaqu\u00e9 \u00e0 des modules en plexiglas color\u00e9 recycl\u00e9, des miroirs ajustables et des finitions dichro\u00efques. \u00c0 la fois fronti\u00e8re et passage, Ekko relie plut\u00f4t qu\u2019il ne divise, transformant la lumi\u00e8re en une palette vibrante et captivante. Po\u00e9tique, modulable et fonctionnel, il refl\u00e8te l\u2019harmonie entre nos espaces et leur environnement.<\/p>\n<\/div>\n<\/div>\n<\/div>\n<\/div>\n","protected":false},"excerpt":{"rendered":"<p>Ekko est une invitation \u00e0 r\u00eaver et \u00e0 r\u00e9inventer l\u2019espace. Son nom \u00e9voque l\u2019\u00e9cho des reflets changeants sur ses miroirs et ses surfaces dichro\u00efques, ainsi que le dialogue cr\u00e9atif entre les deux designers. Con\u00e7u en collaboration et r\u00e9alis\u00e9 avec un ferronnier d\u2019art, il associe une structure en acier blanc thermolaqu\u00e9 \u00e0 des modules en plexiglas [&hellip;]<\/p>\n","protected":false},"featured_media":5729911,"template":"","meta":{"_acf_changed":false,"content-type":"","_themeisle_gutenberg_block_has_review":false},"product_brand":[],"product_cat":[7517,8978],"product_tag":[20434],"product_designer":[20441,33165],"comfabric":[],"manufacturer":[33141],"reporting_designer":[37494],"samplecomfabric":[],"designer_clubroom":[],"class_list":{"0":"post-5729933","1":"product","2":"type-product","3":"status-publish","4":"has-post-thumbnail","6":"product_cat-deco-fr","7":"product_cat-paravents","8":"product_tag-mobilier-national-fr","9":"product_designer-mobilier-national-fr","10":"product_designer-traits-d-union-design-fr","11":"manufacturer-anouche-hachmanian-linda-bayon-fr","12":"reporting_designer-traits-d-union-design","14":"first","15":"instock","16":"taxable","17":"shipping-taxable","18":"purchasable","19":"product-type-simple"},"acf":[],"_links":{"self":[{"href":"https:\/\/theinvisiblecollection.com\/fr\/wp-json\/wp\/v2\/product\/5729933","targetHints":{"allow":["GET"]}}],"collection":[{"href":"https:\/\/theinvisiblecollection.com\/fr\/wp-json\/wp\/v2\/product"}],"about":[{"href":"https:\/\/theinvisiblecollection.com\/fr\/wp-json\/wp\/v2\/types\/product"}],"wp:featuredmedia":[{"embeddable":true,"href":"https:\/\/theinvisiblecollection.com\/fr\/wp-json\/wp\/v2\/media\/5729911"}],"wp:attachment":[{"href":"https:\/\/theinvisiblecollection.com\/fr\/wp-json\/wp\/v2\/media?parent=5729933"}],"wp:term":[{"taxonomy":"product_brand","embeddable":true,"href":"https:\/\/theinvisiblecollection.com\/fr\/wp-json\/wp\/v2\/product_brand?post=5729933"},{"taxonomy":"product_cat","embeddable":true,"href":"https:\/\/theinvisiblecollection.com\/fr\/wp-json\/wp\/v2\/product_cat?post=5729933"},{"taxonomy":"product_tag","embeddable":true,"href":"https:\/\/theinvisiblecollection.com\/fr\/wp-json\/wp\/v2\/product_tag?post=5729933"},{"taxonomy":"product_designer","embeddable":true,"href":"https:\/\/theinvisiblecollection.com\/fr\/wp-json\/wp\/v2\/product_designer?post=5729933"},{"taxonomy":"comfabric","embeddable":true,"href":"https:\/\/theinvisiblecollection.com\/fr\/wp-json\/wp\/v2\/comfabric?post=5729933"},{"taxonomy":"manufacturer","embeddable":true,"href":"https:\/\/theinvisiblecollection.com\/fr\/wp-json\/wp\/v2\/manufacturer?post=5729933"},{"taxonomy":"reporting_designer","embeddable":true,"href":"https:\/\/theinvisiblecollection.com\/fr\/wp-json\/wp\/v2\/reporting_designer?post=5729933"},{"taxonomy":"samplecomfabric","embeddable":true,"href":"https:\/\/theinvisiblecollection.com\/fr\/wp-json\/wp\/v2\/samplecomfabric?post=5729933"},{"taxonomy":"clubroom_product_designer","embeddable":true,"href":"https:\/\/theinvisiblecollection.com\/fr\/wp-json\/wp\/v2\/designer_clubroom?post=5729933"}],"curies":[{"name":"wp","href":"https:\/\/api.w.org\/{rel}","templated":true}]}}