{"id":5729969,"date":"2025-01-23T15:20:44","date_gmt":"2025-01-23T15:20:44","guid":{"rendered":"https:\/\/theinvisiblecollection.com\/?post_type=product&#038;p=5729969"},"modified":"2026-05-01T07:37:23","modified_gmt":"2026-05-01T07:37:23","slug":"mobilier-national-atelier-george-suspension-feuille","status":"publish","type":"product","link":"https:\/\/theinvisiblecollection.com\/fr\/produit\/mobilier-national-atelier-george-suspension-feuille\/","title":{"rendered":"Suspension Feuille"},"content":{"rendered":"<p style=\"text-align: justify;\">Berc\u00e9e par les soubresauts plan\u00e9taires, cette suspension encapsule des traces du monde v\u00e9g\u00e9tal environnant. Souffl\u00e9e dans des feuilles, cette forme na\u00eet, fig\u00e9e par le feu. Ainsi, ces \u00e9l\u00e9ments passent d\u2019un monde \u00e0 un autre, du v\u00e9g\u00e9tal au min\u00e9ral, du fugace \u00e0 l\u2019immuable. Chaque pi\u00e8ce porte en elle des bribes de cette histoire, qu\u2019elle prolonge dans nos vies terrestres et mat\u00e9rielles.<\/p>\n<p>Chaque pi\u00e8ce est souffl\u00e9e \u00e0 la main dans une feuille naturelle et est donc unique. Les dimensions peuvent l\u00e9g\u00e8rement varier ; les bulles, les filaments ainsi que de l\u00e9g\u00e8res variations de couleur sont des caract\u00e9ristiques inh\u00e9rentes au verre souffl\u00e9 \u00e0 la main et ne constituent pas des d\u00e9fauts de conception ou de fabrication.<\/p>\n","protected":false},"excerpt":{"rendered":"<p>Berc\u00e9e par les soubresauts plan\u00e9taires, cette suspension encapsule des traces du monde v\u00e9g\u00e9tal environnant. Souffl\u00e9e dans des feuilles, cette forme na\u00eet, fig\u00e9e par le feu. Ainsi, ces \u00e9l\u00e9ments passent d\u2019un monde \u00e0 un autre, du v\u00e9g\u00e9tal au min\u00e9ral, du fugace \u00e0 l\u2019immuable. Chaque pi\u00e8ce porte en elle des bribes de cette histoire, qu\u2019elle prolonge dans [&hellip;]<\/p>\n","protected":false},"featured_media":5729948,"template":"","meta":{"_acf_changed":false,"content-type":"","_themeisle_gutenberg_block_has_review":false},"product_brand":[],"product_cat":[8961,12507],"product_tag":[20434,33319],"product_designer":[20441,33171],"comfabric":[],"manufacturer":[33159],"reporting_designer":[37480],"samplecomfabric":[],"designer_clubroom":[],"class_list":{"0":"post-5729969","1":"product","2":"type-product","3":"status-publish","4":"has-post-thumbnail","6":"product_cat-suspensions","7":"product_cat-luminaires","8":"product_tag-mobilier-national-fr","9":"product_tag-edition-limitee","10":"product_designer-mobilier-national-fr","11":"product_designer-atelier-george-fr","12":"manufacturer-atelier-george-fr","13":"reporting_designer-mobilier-national","15":"first","16":"instock","17":"taxable","18":"shipping-taxable","19":"purchasable","20":"product-type-simple"},"acf":[],"_links":{"self":[{"href":"https:\/\/theinvisiblecollection.com\/fr\/wp-json\/wp\/v2\/product\/5729969","targetHints":{"allow":["GET"]}}],"collection":[{"href":"https:\/\/theinvisiblecollection.com\/fr\/wp-json\/wp\/v2\/product"}],"about":[{"href":"https:\/\/theinvisiblecollection.com\/fr\/wp-json\/wp\/v2\/types\/product"}],"wp:featuredmedia":[{"embeddable":true,"href":"https:\/\/theinvisiblecollection.com\/fr\/wp-json\/wp\/v2\/media\/5729948"}],"wp:attachment":[{"href":"https:\/\/theinvisiblecollection.com\/fr\/wp-json\/wp\/v2\/media?parent=5729969"}],"wp:term":[{"taxonomy":"product_brand","embeddable":true,"href":"https:\/\/theinvisiblecollection.com\/fr\/wp-json\/wp\/v2\/product_brand?post=5729969"},{"taxonomy":"product_cat","embeddable":true,"href":"https:\/\/theinvisiblecollection.com\/fr\/wp-json\/wp\/v2\/product_cat?post=5729969"},{"taxonomy":"product_tag","embeddable":true,"href":"https:\/\/theinvisiblecollection.com\/fr\/wp-json\/wp\/v2\/product_tag?post=5729969"},{"taxonomy":"product_designer","embeddable":true,"href":"https:\/\/theinvisiblecollection.com\/fr\/wp-json\/wp\/v2\/product_designer?post=5729969"},{"taxonomy":"comfabric","embeddable":true,"href":"https:\/\/theinvisiblecollection.com\/fr\/wp-json\/wp\/v2\/comfabric?post=5729969"},{"taxonomy":"manufacturer","embeddable":true,"href":"https:\/\/theinvisiblecollection.com\/fr\/wp-json\/wp\/v2\/manufacturer?post=5729969"},{"taxonomy":"reporting_designer","embeddable":true,"href":"https:\/\/theinvisiblecollection.com\/fr\/wp-json\/wp\/v2\/reporting_designer?post=5729969"},{"taxonomy":"samplecomfabric","embeddable":true,"href":"https:\/\/theinvisiblecollection.com\/fr\/wp-json\/wp\/v2\/samplecomfabric?post=5729969"},{"taxonomy":"clubroom_product_designer","embeddable":true,"href":"https:\/\/theinvisiblecollection.com\/fr\/wp-json\/wp\/v2\/designer_clubroom?post=5729969"}],"curies":[{"name":"wp","href":"https:\/\/api.w.org\/{rel}","templated":true}]}}