{"id":5730005,"date":"2025-01-20T15:48:45","date_gmt":"2025-01-20T15:48:45","guid":{"rendered":"https:\/\/theinvisiblecollection.com\/?post_type=product&#038;p=5730005"},"modified":"2026-05-15T05:02:01","modified_gmt":"2026-05-15T05:02:01","slug":"atelier-ashiesh-shah-banc-naga","status":"publish","type":"product","link":"https:\/\/theinvisiblecollection.com\/fr\/produit\/atelier-ashiesh-shah-banc-naga\/","title":{"rendered":"Banc Naga"},"content":{"rendered":"<p>Banc moul\u00e9 en aluminium et fini en bronze fonc\u00e9. Le m\u00e9tal froid trouve une certaine chaleur avec l\u2019ajout du \u00ab manteau de pluie Naga \u00bb, qui conf\u00e8re \u00e0 la pi\u00e8ce son identit\u00e9 : le manteau de pluie traditionnel, tiss\u00e9 \u00e0 partir d\u2019herbe d\u2019\u00e9l\u00e9phant, impose une pr\u00e9sence saisissante sur la chaise, renfor\u00e7ant ainsi un caract\u00e8re tribal brutaliste.<\/p>\n","protected":false},"excerpt":{"rendered":"<p>Banc moul\u00e9 en aluminium et fini en bronze fonc\u00e9. Le m\u00e9tal froid trouve une certaine chaleur avec l\u2019ajout du \u00ab manteau de pluie Naga \u00bb, qui conf\u00e8re \u00e0 la pi\u00e8ce son identit\u00e9 : le manteau de pluie traditionnel, tiss\u00e9 \u00e0 partir d\u2019herbe d\u2019\u00e9l\u00e9phant, impose une pr\u00e9sence saisissante sur la chaise, renfor\u00e7ant ainsi un caract\u00e8re tribal [&hellip;]<\/p>\n","protected":false},"featured_media":5730031,"template":"","meta":{"_acf_changed":false,"content-type":"","_themeisle_gutenberg_block_has_review":false},"product_brand":[],"product_cat":[8947,12499],"product_tag":[22790],"product_designer":[17077],"comfabric":[],"manufacturer":[21234],"reporting_designer":[37194],"samplecomfabric":[],"designer_clubroom":[],"class_list":{"0":"post-5730005","1":"product","2":"type-product","3":"status-publish","4":"has-post-thumbnail","6":"product_cat-bancs","7":"product_cat-assises","8":"product_tag-disponible-immediatement","9":"pa_backrest-avec-coussin-decoratif","10":"pa_backrest-sans-coussin-decoratif","11":"product_designer-atelier-ashiesh-shah-fr","12":"manufacturer-atelier-ashiesh-shah-atelier-fr","13":"reporting_designer-atelier-ashiesh-shah","14":"exhibitions-paris-fr","16":"first","17":"instock","18":"taxable","19":"shipping-taxable","20":"purchasable","21":"product-type-variable"},"acf":[],"_links":{"self":[{"href":"https:\/\/theinvisiblecollection.com\/fr\/wp-json\/wp\/v2\/product\/5730005","targetHints":{"allow":["GET"]}}],"collection":[{"href":"https:\/\/theinvisiblecollection.com\/fr\/wp-json\/wp\/v2\/product"}],"about":[{"href":"https:\/\/theinvisiblecollection.com\/fr\/wp-json\/wp\/v2\/types\/product"}],"wp:featuredmedia":[{"embeddable":true,"href":"https:\/\/theinvisiblecollection.com\/fr\/wp-json\/wp\/v2\/media\/5730031"}],"wp:attachment":[{"href":"https:\/\/theinvisiblecollection.com\/fr\/wp-json\/wp\/v2\/media?parent=5730005"}],"wp:term":[{"taxonomy":"product_brand","embeddable":true,"href":"https:\/\/theinvisiblecollection.com\/fr\/wp-json\/wp\/v2\/product_brand?post=5730005"},{"taxonomy":"product_cat","embeddable":true,"href":"https:\/\/theinvisiblecollection.com\/fr\/wp-json\/wp\/v2\/product_cat?post=5730005"},{"taxonomy":"product_tag","embeddable":true,"href":"https:\/\/theinvisiblecollection.com\/fr\/wp-json\/wp\/v2\/product_tag?post=5730005"},{"taxonomy":"product_designer","embeddable":true,"href":"https:\/\/theinvisiblecollection.com\/fr\/wp-json\/wp\/v2\/product_designer?post=5730005"},{"taxonomy":"comfabric","embeddable":true,"href":"https:\/\/theinvisiblecollection.com\/fr\/wp-json\/wp\/v2\/comfabric?post=5730005"},{"taxonomy":"manufacturer","embeddable":true,"href":"https:\/\/theinvisiblecollection.com\/fr\/wp-json\/wp\/v2\/manufacturer?post=5730005"},{"taxonomy":"reporting_designer","embeddable":true,"href":"https:\/\/theinvisiblecollection.com\/fr\/wp-json\/wp\/v2\/reporting_designer?post=5730005"},{"taxonomy":"samplecomfabric","embeddable":true,"href":"https:\/\/theinvisiblecollection.com\/fr\/wp-json\/wp\/v2\/samplecomfabric?post=5730005"},{"taxonomy":"clubroom_product_designer","embeddable":true,"href":"https:\/\/theinvisiblecollection.com\/fr\/wp-json\/wp\/v2\/designer_clubroom?post=5730005"}],"curies":[{"name":"wp","href":"https:\/\/api.w.org\/{rel}","templated":true}]}}