{"id":5730126,"date":"2025-01-20T18:01:47","date_gmt":"2025-01-20T18:01:47","guid":{"rendered":"https:\/\/theinvisiblecollection.com\/?post_type=product&#038;p=5730126"},"modified":"2026-05-01T07:37:23","modified_gmt":"2026-05-01T07:37:23","slug":"moro-dabron-bougie-a-furnished-room","status":"publish","type":"product","link":"https:\/\/theinvisiblecollection.com\/fr\/produit\/moro-dabron-bougie-a-furnished-room\/","title":{"rendered":"Bougie A Furnished Room"},"content":{"rendered":"<p data-start=\"0\" data-end=\"164\">Une fragrance douce et atmosph\u00e9rique qui capture un instant \u00e9ph\u00e9m\u00e8re : le souvenir r\u00e9confortant d\u2019une pi\u00e8ce meubl\u00e9e, empreinte d\u2019histoire. Une empreinte du pass\u00e9.<\/p>\n<p data-start=\"166\" data-end=\"546\">A Furnished Room \u00e9voque l\u2019odeur d\u2019une pi\u00e8ce \u00e9clair\u00e9e \u00e0 la bougie, remplie de meubles cir\u00e9s \u00e0 la cire d\u2019abeille, de planchers en orme qui craquent, de v\u00e9g\u00e9tation cueillie et de tas de bois pr\u00e8s d\u2019une chemin\u00e9e vacillante. Des notes fum\u00e9es d\u2019encens se m\u00ealent aux notes bois\u00e9es et chaleureuses de gen\u00e9vrier, sapin, v\u00e9tiver et c\u00e8dre, d\u00e9licatement adoucies par une touche de miel.<\/p>\n<p data-start=\"548\" data-end=\"944\">Inspir\u00e9 des tasses \u00e0 tige du VIII\u1d49 si\u00e8cle, le r\u00e9cipient \u00e9l\u00e9gamment dessin\u00e9 de A Furnished Room se distingue par sa base sur\u00e9lev\u00e9e, sa bande relev\u00e9e et son bord \u00e9vas\u00e9. Coul\u00e9 et cuit en porcelaine fine blanche, le r\u00e9cipient est enduit \u00e0 l\u2019int\u00e9rieur d\u2019un gla\u00e7age transparent et pr\u00e9sente un ext\u00e9rieur mat \u2013 apr\u00e8s usage, il peut \u00eatre r\u00e9utilis\u00e9 comme vase pour des tiges ou comme objet d\u00e9coratif.<\/p>\n<p data-start=\"946\" data-end=\"1065\" data-is-last-node=\"\" data-is-only-node=\"\">Chaque bougie est pr\u00e9sent\u00e9e dans un \u00e9l\u00e9gant coffret coquillage de notre vert signature, ferm\u00e9 par un ruban en chevrons.<\/p>\n<p data-start=\"946\" data-end=\"1065\" data-is-last-node=\"\" data-is-only-node=\"\">Les bougies en porcelaine Moro Dabron sont r\u00e9alis\u00e9es en cire naturelle \u00e0 base de plantes, contenant des huiles de colza et de coco. Elles sont totalement exemptes de paraffine, soja, palme et cire d\u2019abeille. 330 g \/ 11,6 oz. Plus de 70 heures de combustion. Pour une meilleure exp\u00e9rience, coupez la m\u00e8che avant chaque utilisation.<\/p>\n","protected":false},"excerpt":{"rendered":"<p>Bougie photographi\u00e9e ici en gr\u00e8s blanc<br \/>\n\u00c9galement disponible en gr\u00e8s <span style=\"text-decoration: underline;\"><a href=\"https:\/\/theinvisiblecollection.com\/fr\/produit\/moro-dabron-bougie-augustine\/\" target=\"_blank\" rel=\"noopener\">noir<\/a><\/span>, <span style=\"text-decoration: underline;\"><a href=\"https:\/\/theinvisiblecollection.com\/fr\/produit\/moro-dabron-bougie-herbarium\/\" target=\"_blank\" rel=\"noopener\">terracotta<\/a><\/span> et couleur <span style=\"text-decoration: underline;\"><a href=\"https:\/\/theinvisiblecollection.com\/fr\/produit\/moro-dabron-bougie-cyrus\/\" target=\"_blank\" rel=\"noopener\">biscuit<\/a><\/span><br \/>\nExt\u00e9rieur mat et int\u00e9rieur \u00e9maill\u00e9<\/p>\n<p>\u00d8 9.5 x l 16.5 x H 13.5 cm<\/p>\n<p>Fabriqu\u00e9e \u00e0 la main au Royaume-Uni<br \/>\n<span style=\"text-decoration: underline;\"><span class=\"s1\"><a href=\"https:\/\/www.theinvisiblecollection.com\/demande-de-devis\/?product_id=124819\" target=\"_blank\" rel=\"noopener\">Contactez-nous pour toute demande de devis ou de renseignements<\/a><\/span><\/span><\/p>\n","protected":false},"featured_media":5860951,"template":"","meta":{"_acf_changed":false,"content-type":"","_themeisle_gutenberg_block_has_review":false},"product_brand":[],"product_cat":[7517,12529,12535,16319],"product_tag":[14925,22790,31474],"product_designer":[16394],"comfabric":[],"manufacturer":[16658],"reporting_designer":[37622],"samplecomfabric":[],"designer_clubroom":[],"class_list":{"0":"post-5730126","1":"product","2":"type-product","3":"status-publish","4":"has-post-thumbnail","6":"product_cat-deco-fr","7":"product_cat-bougies-bougeoirs","8":"product_cat-arts-de-la-table","9":"product_cat-cartes-cadeaux","10":"product_tag-hpfav-fr","11":"product_tag-disponible-immediatement","12":"product_tag-co-white-fr","13":"product_designer-moro-dabron-fr","14":"manufacturer-moro-dabron-fr","15":"reporting_designer-moro-dabron","16":"exhibitions-new-york-fr","18":"first","19":"instock","20":"taxable","21":"shipping-taxable","22":"purchasable","23":"product-type-simple"},"acf":[],"_links":{"self":[{"href":"https:\/\/theinvisiblecollection.com\/fr\/wp-json\/wp\/v2\/product\/5730126","targetHints":{"allow":["GET"]}}],"collection":[{"href":"https:\/\/theinvisiblecollection.com\/fr\/wp-json\/wp\/v2\/product"}],"about":[{"href":"https:\/\/theinvisiblecollection.com\/fr\/wp-json\/wp\/v2\/types\/product"}],"wp:featuredmedia":[{"embeddable":true,"href":"https:\/\/theinvisiblecollection.com\/fr\/wp-json\/wp\/v2\/media\/5860951"}],"wp:attachment":[{"href":"https:\/\/theinvisiblecollection.com\/fr\/wp-json\/wp\/v2\/media?parent=5730126"}],"wp:term":[{"taxonomy":"product_brand","embeddable":true,"href":"https:\/\/theinvisiblecollection.com\/fr\/wp-json\/wp\/v2\/product_brand?post=5730126"},{"taxonomy":"product_cat","embeddable":true,"href":"https:\/\/theinvisiblecollection.com\/fr\/wp-json\/wp\/v2\/product_cat?post=5730126"},{"taxonomy":"product_tag","embeddable":true,"href":"https:\/\/theinvisiblecollection.com\/fr\/wp-json\/wp\/v2\/product_tag?post=5730126"},{"taxonomy":"product_designer","embeddable":true,"href":"https:\/\/theinvisiblecollection.com\/fr\/wp-json\/wp\/v2\/product_designer?post=5730126"},{"taxonomy":"comfabric","embeddable":true,"href":"https:\/\/theinvisiblecollection.com\/fr\/wp-json\/wp\/v2\/comfabric?post=5730126"},{"taxonomy":"manufacturer","embeddable":true,"href":"https:\/\/theinvisiblecollection.com\/fr\/wp-json\/wp\/v2\/manufacturer?post=5730126"},{"taxonomy":"reporting_designer","embeddable":true,"href":"https:\/\/theinvisiblecollection.com\/fr\/wp-json\/wp\/v2\/reporting_designer?post=5730126"},{"taxonomy":"samplecomfabric","embeddable":true,"href":"https:\/\/theinvisiblecollection.com\/fr\/wp-json\/wp\/v2\/samplecomfabric?post=5730126"},{"taxonomy":"clubroom_product_designer","embeddable":true,"href":"https:\/\/theinvisiblecollection.com\/fr\/wp-json\/wp\/v2\/designer_clubroom?post=5730126"}],"curies":[{"name":"wp","href":"https:\/\/api.w.org\/{rel}","templated":true}]}}