{"id":5730412,"date":"2025-01-23T16:32:44","date_gmt":"2025-01-23T16:32:44","guid":{"rendered":"https:\/\/theinvisiblecollection.com\/?post_type=product&#038;p=5730412"},"modified":"2026-05-01T07:37:23","modified_gmt":"2026-05-01T07:37:23","slug":"mobilier-national-aurelie-richard-lampadaire-col-argent-fr","status":"publish","type":"product","link":"https:\/\/theinvisiblecollection.com\/fr\/produit\/mobilier-national-aurelie-richard-lampadaire-col-argent-fr\/","title":{"rendered":"Lampadaire Col Argent"},"content":{"rendered":"<p style=\"text-align: justify;\">Ce luminaire est compos\u00e9 d\u2019une seule pi\u00e8ce en Fa\u00efence, moul\u00e9e puis d\u00e9coup\u00e9e \u00e0 la main pour obtenir le col de diffusion. La d\u00e9coupe conf\u00e8re un caract\u00e8re unique \u00e0 chaque pi\u00e8ce. Pour cette \u00e9dition limit\u00e9e le champ du col de la lampe est soulign\u00e9 d&#8217;un filet \u00e9maill\u00e9 argent n\u00e9cessitant une troisi\u00e8me cuisson de la pi\u00e8ce. Ce traitement est extr\u00eamement d\u00e9licat . Cet Objet est r\u00e9alis\u00e9 en Fa\u00efence Blanche de Limoges \u00e9maill\u00e9 en blanc puis peint main pour le filet argent par la Fa\u00efencerie de Charolles.<\/p>\n","protected":false},"excerpt":{"rendered":"<p>Ce luminaire est compos\u00e9 d\u2019une seule pi\u00e8ce en Fa\u00efence, moul\u00e9e puis d\u00e9coup\u00e9e \u00e0 la main pour obtenir le col de diffusion. La d\u00e9coupe conf\u00e8re un caract\u00e8re unique \u00e0 chaque pi\u00e8ce. Pour cette \u00e9dition limit\u00e9e le champ du col de la lampe est soulign\u00e9 d&#8217;un filet \u00e9maill\u00e9 argent n\u00e9cessitant une troisi\u00e8me cuisson de la pi\u00e8ce. Ce [&hellip;]<\/p>\n","protected":false},"featured_media":5731785,"template":"","meta":{"_acf_changed":false,"content-type":"","_themeisle_gutenberg_block_has_review":false},"product_brand":[],"product_cat":[8966,12507],"product_tag":[20434,33319],"product_designer":[20441,33167],"comfabric":[],"manufacturer":[33147],"reporting_designer":[37654],"samplecomfabric":[],"designer_clubroom":[],"class_list":{"0":"post-5730412","1":"product","2":"type-product","3":"status-publish","4":"has-post-thumbnail","6":"product_cat-lampes-sur-pied","7":"product_cat-luminaires","8":"product_tag-mobilier-national-fr","9":"product_tag-edition-limitee","10":"product_designer-mobilier-national-fr","11":"product_designer-aurelie-richard-fr","12":"manufacturer-aurlie-richard-fr","13":"reporting_designer-aurelie-richard","15":"first","16":"instock","17":"taxable","18":"shipping-taxable","19":"purchasable","20":"product-type-simple"},"acf":[],"_links":{"self":[{"href":"https:\/\/theinvisiblecollection.com\/fr\/wp-json\/wp\/v2\/product\/5730412","targetHints":{"allow":["GET"]}}],"collection":[{"href":"https:\/\/theinvisiblecollection.com\/fr\/wp-json\/wp\/v2\/product"}],"about":[{"href":"https:\/\/theinvisiblecollection.com\/fr\/wp-json\/wp\/v2\/types\/product"}],"wp:featuredmedia":[{"embeddable":true,"href":"https:\/\/theinvisiblecollection.com\/fr\/wp-json\/wp\/v2\/media\/5731785"}],"wp:attachment":[{"href":"https:\/\/theinvisiblecollection.com\/fr\/wp-json\/wp\/v2\/media?parent=5730412"}],"wp:term":[{"taxonomy":"product_brand","embeddable":true,"href":"https:\/\/theinvisiblecollection.com\/fr\/wp-json\/wp\/v2\/product_brand?post=5730412"},{"taxonomy":"product_cat","embeddable":true,"href":"https:\/\/theinvisiblecollection.com\/fr\/wp-json\/wp\/v2\/product_cat?post=5730412"},{"taxonomy":"product_tag","embeddable":true,"href":"https:\/\/theinvisiblecollection.com\/fr\/wp-json\/wp\/v2\/product_tag?post=5730412"},{"taxonomy":"product_designer","embeddable":true,"href":"https:\/\/theinvisiblecollection.com\/fr\/wp-json\/wp\/v2\/product_designer?post=5730412"},{"taxonomy":"comfabric","embeddable":true,"href":"https:\/\/theinvisiblecollection.com\/fr\/wp-json\/wp\/v2\/comfabric?post=5730412"},{"taxonomy":"manufacturer","embeddable":true,"href":"https:\/\/theinvisiblecollection.com\/fr\/wp-json\/wp\/v2\/manufacturer?post=5730412"},{"taxonomy":"reporting_designer","embeddable":true,"href":"https:\/\/theinvisiblecollection.com\/fr\/wp-json\/wp\/v2\/reporting_designer?post=5730412"},{"taxonomy":"samplecomfabric","embeddable":true,"href":"https:\/\/theinvisiblecollection.com\/fr\/wp-json\/wp\/v2\/samplecomfabric?post=5730412"},{"taxonomy":"clubroom_product_designer","embeddable":true,"href":"https:\/\/theinvisiblecollection.com\/fr\/wp-json\/wp\/v2\/designer_clubroom?post=5730412"}],"curies":[{"name":"wp","href":"https:\/\/api.w.org\/{rel}","templated":true}]}}