{"id":5730471,"date":"2025-01-21T14:31:47","date_gmt":"2025-01-21T14:31:47","guid":{"rendered":"https:\/\/theinvisiblecollection.com\/?post_type=product&#038;p=5730471"},"modified":"2026-05-01T07:37:23","modified_gmt":"2026-05-01T07:37:23","slug":"mobilier-national-eric-fache-aurelie-richard-lampe-cy-argent","status":"publish","type":"product","link":"https:\/\/theinvisiblecollection.com\/fr\/produit\/mobilier-national-eric-fache-aurelie-richard-lampe-cy-argent\/","title":{"rendered":"Lampe C Y Argent"},"content":{"rendered":"<p style=\"text-align: justify;\">Repousser les limites, c&#8217;est ce que proposent ces luminaires CY Petit et grand mod\u00e8le dessin\u00e9s par Aur\u00e9lie Richard et Eric Fache en associant le savoir faire de transformation de la Fa\u00efence \u00e0 un mat\u00e9riau innovant : le lin thermoform\u00e9. Cet Objet propose un \u00e9quilibre gracile entre les deux mati\u00e8res, soulign\u00e9 par la finition \u00e9maill\u00e9e argent de l&#8217;int\u00e9rieur de la lampe pour plus de r\u00e9flexion. Cet Objet se d\u00e9cline en deux dimensions, il est r\u00e9alis\u00e9 en Fa\u00efence blanche de Limoges pour son corps \u00e9maill\u00e9e en blanc et argent par le Faiencerie de Charolles, son abat jour est r\u00e9alis\u00e9 en Varian mat\u00e9riau d\u00e9velopp\u00e9 par l\u2019entreprise fran\u00e7aise Culture\u2019in.<\/p>\n","protected":false},"excerpt":{"rendered":"<p>Repousser les limites, c&#8217;est ce que proposent ces luminaires CY Petit et grand mod\u00e8le dessin\u00e9s par Aur\u00e9lie Richard et Eric Fache en associant le savoir faire de transformation de la Fa\u00efence \u00e0 un mat\u00e9riau innovant : le lin thermoform\u00e9. Cet Objet propose un \u00e9quilibre gracile entre les deux mati\u00e8res, soulign\u00e9 par la finition \u00e9maill\u00e9e argent [&hellip;]<\/p>\n","protected":false},"featured_media":5730483,"template":"","meta":{"_acf_changed":false,"content-type":"","_themeisle_gutenberg_block_has_review":false},"product_brand":[],"product_cat":[8966,8974,12507],"product_tag":[20434],"product_designer":[20441,33249],"comfabric":[],"manufacturer":[33243],"reporting_designer":[37480],"samplecomfabric":[],"designer_clubroom":[],"class_list":{"0":"post-5730471","1":"product","2":"type-product","3":"status-publish","4":"has-post-thumbnail","6":"product_cat-lampes-sur-pied","7":"product_cat-lampes-de-table","8":"product_cat-luminaires","9":"product_tag-mobilier-national-fr","10":"pa_size-lampadaire","11":"pa_size-lampe-a-poser","12":"product_designer-mobilier-national-fr","13":"product_designer-aurlie-richard-eric-fache-fr","14":"manufacturer-aurlie-richard-eric-fache-fr","15":"reporting_designer-mobilier-national","17":"first","18":"instock","19":"taxable","20":"shipping-taxable","21":"purchasable","22":"product-type-variable"},"acf":[],"_links":{"self":[{"href":"https:\/\/theinvisiblecollection.com\/fr\/wp-json\/wp\/v2\/product\/5730471","targetHints":{"allow":["GET"]}}],"collection":[{"href":"https:\/\/theinvisiblecollection.com\/fr\/wp-json\/wp\/v2\/product"}],"about":[{"href":"https:\/\/theinvisiblecollection.com\/fr\/wp-json\/wp\/v2\/types\/product"}],"wp:featuredmedia":[{"embeddable":true,"href":"https:\/\/theinvisiblecollection.com\/fr\/wp-json\/wp\/v2\/media\/5730483"}],"wp:attachment":[{"href":"https:\/\/theinvisiblecollection.com\/fr\/wp-json\/wp\/v2\/media?parent=5730471"}],"wp:term":[{"taxonomy":"product_brand","embeddable":true,"href":"https:\/\/theinvisiblecollection.com\/fr\/wp-json\/wp\/v2\/product_brand?post=5730471"},{"taxonomy":"product_cat","embeddable":true,"href":"https:\/\/theinvisiblecollection.com\/fr\/wp-json\/wp\/v2\/product_cat?post=5730471"},{"taxonomy":"product_tag","embeddable":true,"href":"https:\/\/theinvisiblecollection.com\/fr\/wp-json\/wp\/v2\/product_tag?post=5730471"},{"taxonomy":"product_designer","embeddable":true,"href":"https:\/\/theinvisiblecollection.com\/fr\/wp-json\/wp\/v2\/product_designer?post=5730471"},{"taxonomy":"comfabric","embeddable":true,"href":"https:\/\/theinvisiblecollection.com\/fr\/wp-json\/wp\/v2\/comfabric?post=5730471"},{"taxonomy":"manufacturer","embeddable":true,"href":"https:\/\/theinvisiblecollection.com\/fr\/wp-json\/wp\/v2\/manufacturer?post=5730471"},{"taxonomy":"reporting_designer","embeddable":true,"href":"https:\/\/theinvisiblecollection.com\/fr\/wp-json\/wp\/v2\/reporting_designer?post=5730471"},{"taxonomy":"samplecomfabric","embeddable":true,"href":"https:\/\/theinvisiblecollection.com\/fr\/wp-json\/wp\/v2\/samplecomfabric?post=5730471"},{"taxonomy":"clubroom_product_designer","embeddable":true,"href":"https:\/\/theinvisiblecollection.com\/fr\/wp-json\/wp\/v2\/designer_clubroom?post=5730471"}],"curies":[{"name":"wp","href":"https:\/\/api.w.org\/{rel}","templated":true}]}}