{"id":5730735,"date":"2025-01-27T13:35:49","date_gmt":"2025-01-27T13:35:49","guid":{"rendered":"https:\/\/theinvisiblecollection.com\/?post_type=product&#038;p=5730735"},"modified":"2026-05-08T04:38:39","modified_gmt":"2026-05-08T04:38:39","slug":"mobilier-national-helene-nepomiatzi-corridor-a-franges","status":"publish","type":"product","link":"https:\/\/theinvisiblecollection.com\/fr\/produit\/mobilier-national-helene-nepomiatzi-corridor-a-franges\/","title":{"rendered":"Corridor \u00e0 Franges"},"content":{"rendered":"<p style=\"text-align: justify;\">Le Corridor \u00e0 Franges est une pi\u00e8ce unique spectaculaire et onirique, un passage qui peut servir de s\u00e9paration ou de cloison. Il nous fait voyager d&#8217;un lieu \u00e0 l&#8217;autre. Le veau pleine fleur double-face et bicolore provoquent un effet optique avec le mouvement. Il n\u00e9cessite de nombreuses heures de travail et trois artisans pour le finaliser avec des points \u00e0 la main. Le cuir provient de stocks dormants de grandes tanneries fran\u00e7aises.<\/p>\n<p>Photographi\u00e9 par Morgane Le Gall<\/p>\n","protected":false},"excerpt":{"rendered":"<p>Le Corridor \u00e0 Franges est une pi\u00e8ce unique spectaculaire et onirique, un passage qui peut servir de s\u00e9paration ou de cloison. Il nous fait voyager d&#8217;un lieu \u00e0 l&#8217;autre. Le veau pleine fleur double-face et bicolore provoquent un effet optique avec le mouvement. Il n\u00e9cessite de nombreuses heures de travail et trois artisans pour le [&hellip;]<\/p>\n","protected":false},"featured_media":5730728,"template":"","meta":{"_acf_changed":false,"content-type":"","_themeisle_gutenberg_block_has_review":false},"product_brand":[],"product_cat":[7517,8978],"product_tag":[20434,33319],"product_designer":[20441,33201],"comfabric":[],"manufacturer":[33195],"reporting_designer":[37480],"samplecomfabric":[],"designer_clubroom":[],"class_list":{"0":"post-5730735","1":"product","2":"type-product","3":"status-publish","4":"has-post-thumbnail","6":"product_cat-deco-fr","7":"product_cat-paravents","8":"product_tag-mobilier-national-fr","9":"product_tag-edition-limitee","10":"product_designer-mobilier-national-fr","11":"product_designer-helene-nepomiatzi-fr","12":"manufacturer-studio-nepomiatzi-fr","13":"reporting_designer-mobilier-national","15":"first","16":"instock","17":"taxable","18":"shipping-taxable","19":"purchasable","20":"product-type-simple"},"acf":[],"_links":{"self":[{"href":"https:\/\/theinvisiblecollection.com\/fr\/wp-json\/wp\/v2\/product\/5730735","targetHints":{"allow":["GET"]}}],"collection":[{"href":"https:\/\/theinvisiblecollection.com\/fr\/wp-json\/wp\/v2\/product"}],"about":[{"href":"https:\/\/theinvisiblecollection.com\/fr\/wp-json\/wp\/v2\/types\/product"}],"wp:featuredmedia":[{"embeddable":true,"href":"https:\/\/theinvisiblecollection.com\/fr\/wp-json\/wp\/v2\/media\/5730728"}],"wp:attachment":[{"href":"https:\/\/theinvisiblecollection.com\/fr\/wp-json\/wp\/v2\/media?parent=5730735"}],"wp:term":[{"taxonomy":"product_brand","embeddable":true,"href":"https:\/\/theinvisiblecollection.com\/fr\/wp-json\/wp\/v2\/product_brand?post=5730735"},{"taxonomy":"product_cat","embeddable":true,"href":"https:\/\/theinvisiblecollection.com\/fr\/wp-json\/wp\/v2\/product_cat?post=5730735"},{"taxonomy":"product_tag","embeddable":true,"href":"https:\/\/theinvisiblecollection.com\/fr\/wp-json\/wp\/v2\/product_tag?post=5730735"},{"taxonomy":"product_designer","embeddable":true,"href":"https:\/\/theinvisiblecollection.com\/fr\/wp-json\/wp\/v2\/product_designer?post=5730735"},{"taxonomy":"comfabric","embeddable":true,"href":"https:\/\/theinvisiblecollection.com\/fr\/wp-json\/wp\/v2\/comfabric?post=5730735"},{"taxonomy":"manufacturer","embeddable":true,"href":"https:\/\/theinvisiblecollection.com\/fr\/wp-json\/wp\/v2\/manufacturer?post=5730735"},{"taxonomy":"reporting_designer","embeddable":true,"href":"https:\/\/theinvisiblecollection.com\/fr\/wp-json\/wp\/v2\/reporting_designer?post=5730735"},{"taxonomy":"samplecomfabric","embeddable":true,"href":"https:\/\/theinvisiblecollection.com\/fr\/wp-json\/wp\/v2\/samplecomfabric?post=5730735"},{"taxonomy":"clubroom_product_designer","embeddable":true,"href":"https:\/\/theinvisiblecollection.com\/fr\/wp-json\/wp\/v2\/designer_clubroom?post=5730735"}],"curies":[{"name":"wp","href":"https:\/\/api.w.org\/{rel}","templated":true}]}}