{"id":5730746,"date":"2025-01-27T13:37:21","date_gmt":"2025-01-27T13:37:21","guid":{"rendered":"https:\/\/theinvisiblecollection.com\/?post_type=product&#038;p=5730746"},"modified":"2026-05-01T07:37:23","modified_gmt":"2026-05-01T07:37:23","slug":"mobilier-natinoal-helene-nepomiatzi-lampe-pompom-fr","status":"publish","type":"product","link":"https:\/\/theinvisiblecollection.com\/fr\/produit\/mobilier-natinoal-helene-nepomiatzi-lampe-pompom-fr\/","title":{"rendered":"Lampe Pompom"},"content":{"rendered":"<p style=\"text-align: justify;\">\u00c0 travers cette cr\u00e9ation, H\u00e9l\u00e8ne Nepomiatzi a voulu mettre en lumi\u00e8re tous les savoir-faire de la maroquinerie, notamment avec les franges double faces en veau pleine fleur, les teintures de tranche, la gainerie du pied et les piqures \u00e0 la main. Le pompom est un accessoire embl\u00e9matique en maroquinerie, son d\u00e9tournement en luminaire lui donne une autre fonction. Le mouvement sensuel des franges habille la lampe Pompom \u00e0 la mani\u00e8re d&#8217;une robe. Le cache ampoule en forme de disque finalise la silhouette de la lampe comme une coiffure ou un chapeau. Fabriqu\u00e9 en France, dans notre atelier mettant \u00e0 l\u2019honneur les savoir-faire traditionnels de la maroquinerie.<\/p>\n<p>Photographi\u00e9 par Morgane Le Gall<\/p>\n","protected":false},"excerpt":{"rendered":"<p>\u00c0 travers cette cr\u00e9ation, H\u00e9l\u00e8ne Nepomiatzi a voulu mettre en lumi\u00e8re tous les savoir-faire de la maroquinerie, notamment avec les franges double faces en veau pleine fleur, les teintures de tranche, la gainerie du pied et les piqures \u00e0 la main. Le pompom est un accessoire embl\u00e9matique en maroquinerie, son d\u00e9tournement en luminaire lui donne [&hellip;]<\/p>\n","protected":false},"featured_media":5730739,"template":"","meta":{"_acf_changed":false,"content-type":"","_themeisle_gutenberg_block_has_review":false},"product_brand":[],"product_cat":[8974,12507],"product_tag":[20434,33319],"product_designer":[20441,33201],"comfabric":[],"manufacturer":[33195],"reporting_designer":[37480],"samplecomfabric":[],"designer_clubroom":[],"class_list":{"0":"post-5730746","1":"product","2":"type-product","3":"status-publish","4":"has-post-thumbnail","6":"product_cat-lampes-de-table","7":"product_cat-luminaires","8":"product_tag-mobilier-national-fr","9":"product_tag-edition-limitee","10":"product_designer-mobilier-national-fr","11":"product_designer-helene-nepomiatzi-fr","12":"manufacturer-studio-nepomiatzi-fr","13":"reporting_designer-mobilier-national","15":"first","16":"instock","17":"taxable","18":"shipping-taxable","19":"purchasable","20":"product-type-simple"},"acf":[],"_links":{"self":[{"href":"https:\/\/theinvisiblecollection.com\/fr\/wp-json\/wp\/v2\/product\/5730746","targetHints":{"allow":["GET"]}}],"collection":[{"href":"https:\/\/theinvisiblecollection.com\/fr\/wp-json\/wp\/v2\/product"}],"about":[{"href":"https:\/\/theinvisiblecollection.com\/fr\/wp-json\/wp\/v2\/types\/product"}],"wp:featuredmedia":[{"embeddable":true,"href":"https:\/\/theinvisiblecollection.com\/fr\/wp-json\/wp\/v2\/media\/5730739"}],"wp:attachment":[{"href":"https:\/\/theinvisiblecollection.com\/fr\/wp-json\/wp\/v2\/media?parent=5730746"}],"wp:term":[{"taxonomy":"product_brand","embeddable":true,"href":"https:\/\/theinvisiblecollection.com\/fr\/wp-json\/wp\/v2\/product_brand?post=5730746"},{"taxonomy":"product_cat","embeddable":true,"href":"https:\/\/theinvisiblecollection.com\/fr\/wp-json\/wp\/v2\/product_cat?post=5730746"},{"taxonomy":"product_tag","embeddable":true,"href":"https:\/\/theinvisiblecollection.com\/fr\/wp-json\/wp\/v2\/product_tag?post=5730746"},{"taxonomy":"product_designer","embeddable":true,"href":"https:\/\/theinvisiblecollection.com\/fr\/wp-json\/wp\/v2\/product_designer?post=5730746"},{"taxonomy":"comfabric","embeddable":true,"href":"https:\/\/theinvisiblecollection.com\/fr\/wp-json\/wp\/v2\/comfabric?post=5730746"},{"taxonomy":"manufacturer","embeddable":true,"href":"https:\/\/theinvisiblecollection.com\/fr\/wp-json\/wp\/v2\/manufacturer?post=5730746"},{"taxonomy":"reporting_designer","embeddable":true,"href":"https:\/\/theinvisiblecollection.com\/fr\/wp-json\/wp\/v2\/reporting_designer?post=5730746"},{"taxonomy":"samplecomfabric","embeddable":true,"href":"https:\/\/theinvisiblecollection.com\/fr\/wp-json\/wp\/v2\/samplecomfabric?post=5730746"},{"taxonomy":"clubroom_product_designer","embeddable":true,"href":"https:\/\/theinvisiblecollection.com\/fr\/wp-json\/wp\/v2\/designer_clubroom?post=5730746"}],"curies":[{"name":"wp","href":"https:\/\/api.w.org\/{rel}","templated":true}]}}