{"id":5730758,"date":"2025-01-27T15:22:18","date_gmt":"2025-01-27T15:22:18","guid":{"rendered":"https:\/\/theinvisiblecollection.com\/?post_type=product&#038;p=5730758"},"modified":"2026-05-01T07:37:23","modified_gmt":"2026-05-01T07:37:23","slug":"mobilier-natinoal-marine-breynaert-lampe-alexandre","status":"publish","type":"product","link":"https:\/\/theinvisiblecollection.com\/fr\/produit\/mobilier-natinoal-marine-breynaert-lampe-alexandre\/","title":{"rendered":"Lampe Alexandre"},"content":{"rendered":"<p style=\"text-align: justify;\">La lampe Alexandre en verre ondul\u00e9 a captur\u00e9 l\u2019essence du style Art D\u00e9co. Ses lignes \u00e9pur\u00e9es mettent en valeur le travail raffin\u00e9 de ses d\u00e9tails\u00a0: un anneau en laiton massif, la texture d\u2019une vert sombre, un verre d\u00e9licatement fa\u00e7onn\u00e9 dont les stries habillent la lumi\u00e8re.<br \/>\nSa forme \u00e9lanc\u00e9e et l\u2019\u00e9quilibre de sa silhouette l\u2019imposent simplement, comme une \u00e9vidence.<\/p>\n","protected":false},"excerpt":{"rendered":"<p>La lampe Alexandre en verre ondul\u00e9 a captur\u00e9 l\u2019essence du style Art D\u00e9co. Ses lignes \u00e9pur\u00e9es mettent en valeur le travail raffin\u00e9 de ses d\u00e9tails\u00a0: un anneau en laiton massif, la texture d\u2019une vert sombre, un verre d\u00e9licatement fa\u00e7onn\u00e9 dont les stries habillent la lumi\u00e8re. Sa forme \u00e9lanc\u00e9e et l\u2019\u00e9quilibre de sa silhouette l\u2019imposent simplement, [&hellip;]<\/p>\n","protected":false},"featured_media":5730752,"template":"","meta":{"_acf_changed":false,"content-type":"","_themeisle_gutenberg_block_has_review":false},"product_brand":[],"product_cat":[8974,12507],"product_tag":[20434,33319],"product_designer":[20441,33209],"comfabric":[],"manufacturer":[],"reporting_designer":[37558],"samplecomfabric":[],"designer_clubroom":[],"class_list":{"0":"post-5730758","1":"product","2":"type-product","3":"status-publish","4":"has-post-thumbnail","6":"product_cat-lampes-de-table","7":"product_cat-luminaires","8":"product_tag-mobilier-national-fr","9":"product_tag-edition-limitee","10":"product_designer-mobilier-national-fr","11":"product_designer-atelier-marine-breynaert-fr","12":"reporting_designer-atelier-marine-breynaert","14":"first","15":"instock","16":"taxable","17":"shipping-taxable","18":"purchasable","19":"product-type-variable"},"acf":[],"_links":{"self":[{"href":"https:\/\/theinvisiblecollection.com\/fr\/wp-json\/wp\/v2\/product\/5730758","targetHints":{"allow":["GET"]}}],"collection":[{"href":"https:\/\/theinvisiblecollection.com\/fr\/wp-json\/wp\/v2\/product"}],"about":[{"href":"https:\/\/theinvisiblecollection.com\/fr\/wp-json\/wp\/v2\/types\/product"}],"wp:featuredmedia":[{"embeddable":true,"href":"https:\/\/theinvisiblecollection.com\/fr\/wp-json\/wp\/v2\/media\/5730752"}],"wp:attachment":[{"href":"https:\/\/theinvisiblecollection.com\/fr\/wp-json\/wp\/v2\/media?parent=5730758"}],"wp:term":[{"taxonomy":"product_brand","embeddable":true,"href":"https:\/\/theinvisiblecollection.com\/fr\/wp-json\/wp\/v2\/product_brand?post=5730758"},{"taxonomy":"product_cat","embeddable":true,"href":"https:\/\/theinvisiblecollection.com\/fr\/wp-json\/wp\/v2\/product_cat?post=5730758"},{"taxonomy":"product_tag","embeddable":true,"href":"https:\/\/theinvisiblecollection.com\/fr\/wp-json\/wp\/v2\/product_tag?post=5730758"},{"taxonomy":"product_designer","embeddable":true,"href":"https:\/\/theinvisiblecollection.com\/fr\/wp-json\/wp\/v2\/product_designer?post=5730758"},{"taxonomy":"comfabric","embeddable":true,"href":"https:\/\/theinvisiblecollection.com\/fr\/wp-json\/wp\/v2\/comfabric?post=5730758"},{"taxonomy":"manufacturer","embeddable":true,"href":"https:\/\/theinvisiblecollection.com\/fr\/wp-json\/wp\/v2\/manufacturer?post=5730758"},{"taxonomy":"reporting_designer","embeddable":true,"href":"https:\/\/theinvisiblecollection.com\/fr\/wp-json\/wp\/v2\/reporting_designer?post=5730758"},{"taxonomy":"samplecomfabric","embeddable":true,"href":"https:\/\/theinvisiblecollection.com\/fr\/wp-json\/wp\/v2\/samplecomfabric?post=5730758"},{"taxonomy":"clubroom_product_designer","embeddable":true,"href":"https:\/\/theinvisiblecollection.com\/fr\/wp-json\/wp\/v2\/designer_clubroom?post=5730758"}],"curies":[{"name":"wp","href":"https:\/\/api.w.org\/{rel}","templated":true}]}}