{"id":5730877,"date":"2025-01-27T14:27:04","date_gmt":"2025-01-27T14:27:04","guid":{"rendered":"https:\/\/theinvisiblecollection.com\/?post_type=product&#038;p=5730877"},"modified":"2026-05-01T07:37:23","modified_gmt":"2026-05-01T07:37:23","slug":"mobilier-national-mydriaz-lampe-flare-1","status":"publish","type":"product","link":"https:\/\/theinvisiblecollection.com\/fr\/produit\/mobilier-national-mydriaz-lampe-flare-1\/","title":{"rendered":"Lampe Flare 1"},"content":{"rendered":"<p style=\"text-align: justify;\">Cette lampe \u00e0 poser g\u00e9om\u00e9trique surprend le regard gr\u00e2ce \u00e0 sa position oblique. Si l&#8217;\u0153il semble deviner un d\u00e9s\u00e9quilibre, Flare garde la pose avec majest\u00e9. Cette sculpture en laiton poli et vernis color\u00e9 offre un rayon de lumi\u00e8re diffract\u00e9, d\u00e9vi\u00e9, d\u2019o\u00f9 son nom, qui signifie \u00e9clater en anglais. Flare incarne la lumi\u00e8re qui \u00e9mane d\u2019elle.<\/p>\n","protected":false},"excerpt":{"rendered":"<p>Cette lampe \u00e0 poser g\u00e9om\u00e9trique surprend le regard gr\u00e2ce \u00e0 sa position oblique. Si l&#8217;\u0153il semble deviner un d\u00e9s\u00e9quilibre, Flare garde la pose avec majest\u00e9. Cette sculpture en laiton poli et vernis color\u00e9 offre un rayon de lumi\u00e8re diffract\u00e9, d\u00e9vi\u00e9, d\u2019o\u00f9 son nom, qui signifie \u00e9clater en anglais. Flare incarne la lumi\u00e8re qui \u00e9mane d\u2019elle.<\/p>\n","protected":false},"featured_media":5730868,"template":"","meta":{"_acf_changed":false,"content-type":"","_themeisle_gutenberg_block_has_review":false},"product_brand":[],"product_cat":[8974,12507],"product_tag":[20434],"product_designer":[20441,33217],"comfabric":[],"manufacturer":[33211],"reporting_designer":[37480],"samplecomfabric":[],"designer_clubroom":[],"class_list":{"0":"post-5730877","1":"product","2":"type-product","3":"status-publish","4":"has-post-thumbnail","6":"product_cat-lampes-de-table","7":"product_cat-luminaires","8":"product_tag-mobilier-national-fr","9":"product_designer-mobilier-national-fr","10":"product_designer-mydriaz-fr","11":"manufacturer-mydriaz-fr","12":"reporting_designer-mobilier-national","14":"first","15":"instock","16":"taxable","17":"shipping-taxable","18":"purchasable","19":"product-type-simple"},"acf":[],"_links":{"self":[{"href":"https:\/\/theinvisiblecollection.com\/fr\/wp-json\/wp\/v2\/product\/5730877","targetHints":{"allow":["GET"]}}],"collection":[{"href":"https:\/\/theinvisiblecollection.com\/fr\/wp-json\/wp\/v2\/product"}],"about":[{"href":"https:\/\/theinvisiblecollection.com\/fr\/wp-json\/wp\/v2\/types\/product"}],"wp:featuredmedia":[{"embeddable":true,"href":"https:\/\/theinvisiblecollection.com\/fr\/wp-json\/wp\/v2\/media\/5730868"}],"wp:attachment":[{"href":"https:\/\/theinvisiblecollection.com\/fr\/wp-json\/wp\/v2\/media?parent=5730877"}],"wp:term":[{"taxonomy":"product_brand","embeddable":true,"href":"https:\/\/theinvisiblecollection.com\/fr\/wp-json\/wp\/v2\/product_brand?post=5730877"},{"taxonomy":"product_cat","embeddable":true,"href":"https:\/\/theinvisiblecollection.com\/fr\/wp-json\/wp\/v2\/product_cat?post=5730877"},{"taxonomy":"product_tag","embeddable":true,"href":"https:\/\/theinvisiblecollection.com\/fr\/wp-json\/wp\/v2\/product_tag?post=5730877"},{"taxonomy":"product_designer","embeddable":true,"href":"https:\/\/theinvisiblecollection.com\/fr\/wp-json\/wp\/v2\/product_designer?post=5730877"},{"taxonomy":"comfabric","embeddable":true,"href":"https:\/\/theinvisiblecollection.com\/fr\/wp-json\/wp\/v2\/comfabric?post=5730877"},{"taxonomy":"manufacturer","embeddable":true,"href":"https:\/\/theinvisiblecollection.com\/fr\/wp-json\/wp\/v2\/manufacturer?post=5730877"},{"taxonomy":"reporting_designer","embeddable":true,"href":"https:\/\/theinvisiblecollection.com\/fr\/wp-json\/wp\/v2\/reporting_designer?post=5730877"},{"taxonomy":"samplecomfabric","embeddable":true,"href":"https:\/\/theinvisiblecollection.com\/fr\/wp-json\/wp\/v2\/samplecomfabric?post=5730877"},{"taxonomy":"clubroom_product_designer","embeddable":true,"href":"https:\/\/theinvisiblecollection.com\/fr\/wp-json\/wp\/v2\/designer_clubroom?post=5730877"}],"curies":[{"name":"wp","href":"https:\/\/api.w.org\/{rel}","templated":true}]}}