{"id":5730889,"date":"2025-01-27T14:40:02","date_gmt":"2025-01-27T14:40:02","guid":{"rendered":"https:\/\/theinvisiblecollection.com\/?post_type=product&#038;p=5730889"},"modified":"2026-05-01T07:37:23","modified_gmt":"2026-05-01T07:37:23","slug":"mobilier-national-mydriaz-lampadaire-echo","status":"publish","type":"product","link":"https:\/\/theinvisiblecollection.com\/fr\/produit\/mobilier-national-mydriaz-lampadaire-echo\/","title":{"rendered":"Lampadaire Echo"},"content":{"rendered":"<p style=\"text-align: justify;\">Le lampadaire Echo se compose de deux feuilles en laiton brut enroul\u00e9es et plac\u00e9es en face \u00e0 face. L\u2019une \u00e9met la lumi\u00e8re, et l\u2019autre la r\u00e9fl\u00e9chit et lui r\u00e9pond par un jeu de couleurs compl\u00e9mentaires. Les formes courbes offrent des r\u00e9flexions lin\u00e9aires verticales qui composent un dessin abstrait sur l\u2019objet, mettant en valeur la beaut\u00e9 brute du laiton. Les bandes color\u00e9es soulignent cette abstraction de formes et habille la lampe d\u2019une aurore bor\u00e9ale.<\/p>\n","protected":false},"excerpt":{"rendered":"<p>Le lampadaire Echo se compose de deux feuilles en laiton brut enroul\u00e9es et plac\u00e9es en face \u00e0 face. L\u2019une \u00e9met la lumi\u00e8re, et l\u2019autre la r\u00e9fl\u00e9chit et lui r\u00e9pond par un jeu de couleurs compl\u00e9mentaires. Les formes courbes offrent des r\u00e9flexions lin\u00e9aires verticales qui composent un dessin abstrait sur l\u2019objet, mettant en valeur la beaut\u00e9 [&hellip;]<\/p>\n","protected":false},"featured_media":5730882,"template":"","meta":{"_acf_changed":false,"content-type":"","_themeisle_gutenberg_block_has_review":false},"product_brand":[],"product_cat":[8966,12507],"product_tag":[20434],"product_designer":[20441,33217],"comfabric":[],"manufacturer":[33211],"reporting_designer":[37480],"samplecomfabric":[],"designer_clubroom":[],"class_list":{"0":"post-5730889","1":"product","2":"type-product","3":"status-publish","4":"has-post-thumbnail","6":"product_cat-lampes-sur-pied","7":"product_cat-luminaires","8":"product_tag-mobilier-national-fr","9":"product_designer-mobilier-national-fr","10":"product_designer-mydriaz-fr","11":"manufacturer-mydriaz-fr","12":"reporting_designer-mobilier-national","14":"first","15":"instock","16":"taxable","17":"shipping-taxable","18":"purchasable","19":"product-type-simple"},"acf":[],"_links":{"self":[{"href":"https:\/\/theinvisiblecollection.com\/fr\/wp-json\/wp\/v2\/product\/5730889","targetHints":{"allow":["GET"]}}],"collection":[{"href":"https:\/\/theinvisiblecollection.com\/fr\/wp-json\/wp\/v2\/product"}],"about":[{"href":"https:\/\/theinvisiblecollection.com\/fr\/wp-json\/wp\/v2\/types\/product"}],"wp:featuredmedia":[{"embeddable":true,"href":"https:\/\/theinvisiblecollection.com\/fr\/wp-json\/wp\/v2\/media\/5730882"}],"wp:attachment":[{"href":"https:\/\/theinvisiblecollection.com\/fr\/wp-json\/wp\/v2\/media?parent=5730889"}],"wp:term":[{"taxonomy":"product_brand","embeddable":true,"href":"https:\/\/theinvisiblecollection.com\/fr\/wp-json\/wp\/v2\/product_brand?post=5730889"},{"taxonomy":"product_cat","embeddable":true,"href":"https:\/\/theinvisiblecollection.com\/fr\/wp-json\/wp\/v2\/product_cat?post=5730889"},{"taxonomy":"product_tag","embeddable":true,"href":"https:\/\/theinvisiblecollection.com\/fr\/wp-json\/wp\/v2\/product_tag?post=5730889"},{"taxonomy":"product_designer","embeddable":true,"href":"https:\/\/theinvisiblecollection.com\/fr\/wp-json\/wp\/v2\/product_designer?post=5730889"},{"taxonomy":"comfabric","embeddable":true,"href":"https:\/\/theinvisiblecollection.com\/fr\/wp-json\/wp\/v2\/comfabric?post=5730889"},{"taxonomy":"manufacturer","embeddable":true,"href":"https:\/\/theinvisiblecollection.com\/fr\/wp-json\/wp\/v2\/manufacturer?post=5730889"},{"taxonomy":"reporting_designer","embeddable":true,"href":"https:\/\/theinvisiblecollection.com\/fr\/wp-json\/wp\/v2\/reporting_designer?post=5730889"},{"taxonomy":"samplecomfabric","embeddable":true,"href":"https:\/\/theinvisiblecollection.com\/fr\/wp-json\/wp\/v2\/samplecomfabric?post=5730889"},{"taxonomy":"clubroom_product_designer","embeddable":true,"href":"https:\/\/theinvisiblecollection.com\/fr\/wp-json\/wp\/v2\/designer_clubroom?post=5730889"}],"curies":[{"name":"wp","href":"https:\/\/api.w.org\/{rel}","templated":true}]}}