{"id":5730917,"date":"2025-01-28T11:33:10","date_gmt":"2025-01-28T11:33:10","guid":{"rendered":"https:\/\/theinvisiblecollection.com\/?post_type=product&#038;p=5730917"},"modified":"2026-05-01T07:37:23","modified_gmt":"2026-05-01T07:37:23","slug":"mobilier-national-pauline-androlus-lampadaire-bichette","status":"publish","type":"product","link":"https:\/\/theinvisiblecollection.com\/fr\/produit\/mobilier-national-pauline-androlus-lampadaire-bichette\/","title":{"rendered":"Lampadaire Bichette"},"content":{"rendered":"<p style=\"text-align: justify;\">Bichette est un lampadaire \u00e0 adosser, inspir\u00e9 du pousseux utilis\u00e9 pour la p\u00eache \u00e0 la crevette. Il \u00e9voque l\u2019\u00e9puisette laiss\u00e9e contre le mur apr\u00e8s une balade \u00e0 la plage ou une sortie de p\u00eache\u2026 une madeleine de Proust.<br \/>\nLe nom &#8220;Bichette&#8221;, synonyme d\u2019\u00e9puisette, rend hommage \u00e0 la force des femmes de marins qui pratiquaient cette activit\u00e9 pour compl\u00e9ter les revenus familiaux. Ce luminaire hybride allie esth\u00e9tique et sens, cr\u00e9ant des jeux d&#8217;ombres graphiques et textur\u00e9s gr\u00e2ce \u00e0 sa structure monochrome en m\u00e9tal d\u00e9ploy\u00e9. Bichette revisite un objet fonctionnel traditionnel pour un nouvel usage : utilitaire et porteur de m\u00e9moire, tout en bousculant les codes des luminaires classiques en \u00e9tant \u00e0 la fois lampadaire, baladeuse et applique.<\/p>\n","protected":false},"excerpt":{"rendered":"<p>Bichette est un lampadaire \u00e0 adosser, inspir\u00e9 du pousseux utilis\u00e9 pour la p\u00eache \u00e0 la crevette. Il \u00e9voque l\u2019\u00e9puisette laiss\u00e9e contre le mur apr\u00e8s une balade \u00e0 la plage ou une sortie de p\u00eache\u2026 une madeleine de Proust. Le nom &#8220;Bichette&#8221;, synonyme d\u2019\u00e9puisette, rend hommage \u00e0 la force des femmes de marins qui pratiquaient cette [&hellip;]<\/p>\n","protected":false},"featured_media":5730906,"template":"","meta":{"_acf_changed":false,"content-type":"","_themeisle_gutenberg_block_has_review":false},"product_brand":[],"product_cat":[8966,12507],"product_tag":[20434,33319],"product_designer":[20441,33219],"comfabric":[],"manufacturer":[33251],"reporting_designer":[37814],"samplecomfabric":[],"designer_clubroom":[],"class_list":{"0":"post-5730917","1":"product","2":"type-product","3":"status-publish","4":"has-post-thumbnail","6":"product_cat-lampes-sur-pied","7":"product_cat-luminaires","8":"product_tag-mobilier-national-fr","9":"product_tag-edition-limitee","10":"product_designer-mobilier-national-fr","11":"product_designer-pauline-androlus-fr","12":"manufacturer-pauline-androlus-pick-up-fr","13":"reporting_designer-pauline-androlus","15":"first","16":"instock","17":"taxable","18":"shipping-taxable","19":"purchasable","20":"product-type-simple"},"acf":[],"_links":{"self":[{"href":"https:\/\/theinvisiblecollection.com\/fr\/wp-json\/wp\/v2\/product\/5730917","targetHints":{"allow":["GET"]}}],"collection":[{"href":"https:\/\/theinvisiblecollection.com\/fr\/wp-json\/wp\/v2\/product"}],"about":[{"href":"https:\/\/theinvisiblecollection.com\/fr\/wp-json\/wp\/v2\/types\/product"}],"wp:featuredmedia":[{"embeddable":true,"href":"https:\/\/theinvisiblecollection.com\/fr\/wp-json\/wp\/v2\/media\/5730906"}],"wp:attachment":[{"href":"https:\/\/theinvisiblecollection.com\/fr\/wp-json\/wp\/v2\/media?parent=5730917"}],"wp:term":[{"taxonomy":"product_brand","embeddable":true,"href":"https:\/\/theinvisiblecollection.com\/fr\/wp-json\/wp\/v2\/product_brand?post=5730917"},{"taxonomy":"product_cat","embeddable":true,"href":"https:\/\/theinvisiblecollection.com\/fr\/wp-json\/wp\/v2\/product_cat?post=5730917"},{"taxonomy":"product_tag","embeddable":true,"href":"https:\/\/theinvisiblecollection.com\/fr\/wp-json\/wp\/v2\/product_tag?post=5730917"},{"taxonomy":"product_designer","embeddable":true,"href":"https:\/\/theinvisiblecollection.com\/fr\/wp-json\/wp\/v2\/product_designer?post=5730917"},{"taxonomy":"comfabric","embeddable":true,"href":"https:\/\/theinvisiblecollection.com\/fr\/wp-json\/wp\/v2\/comfabric?post=5730917"},{"taxonomy":"manufacturer","embeddable":true,"href":"https:\/\/theinvisiblecollection.com\/fr\/wp-json\/wp\/v2\/manufacturer?post=5730917"},{"taxonomy":"reporting_designer","embeddable":true,"href":"https:\/\/theinvisiblecollection.com\/fr\/wp-json\/wp\/v2\/reporting_designer?post=5730917"},{"taxonomy":"samplecomfabric","embeddable":true,"href":"https:\/\/theinvisiblecollection.com\/fr\/wp-json\/wp\/v2\/samplecomfabric?post=5730917"},{"taxonomy":"clubroom_product_designer","embeddable":true,"href":"https:\/\/theinvisiblecollection.com\/fr\/wp-json\/wp\/v2\/designer_clubroom?post=5730917"}],"curies":[{"name":"wp","href":"https:\/\/api.w.org\/{rel}","templated":true}]}}