{"id":5730937,"date":"2025-01-28T11:42:24","date_gmt":"2025-01-28T11:42:24","guid":{"rendered":"https:\/\/theinvisiblecollection.com\/?post_type=product&#038;p=5730937"},"modified":"2026-05-01T07:37:23","modified_gmt":"2026-05-01T07:37:23","slug":"mobilier-national-sabourin-costes-table-basse-boudins","status":"publish","type":"product","link":"https:\/\/theinvisiblecollection.com\/fr\/produit\/mobilier-national-sabourin-costes-table-basse-boudins\/","title":{"rendered":"Table Basse Boudins"},"content":{"rendered":"<p style=\"text-align: justify;\">La table basse &#8220;Boudins&#8221; explore les possibilit\u00e9 de la r\u00e9sine, un mat\u00e9riau fascinant transform\u00e9 avec pr\u00e9cision. Compos\u00e9e de trois cylindres aux lignes organiques, elle associe transparence et brillance. Son effet de mouvement et ses nuances uniques lui conf\u00e8rent un caract\u00e8re \u00e0 la fois fonctionnel et sculptural.<\/p>\n","protected":false},"excerpt":{"rendered":"<p>La table basse &#8220;Boudins&#8221; explore les possibilit\u00e9 de la r\u00e9sine, un mat\u00e9riau fascinant transform\u00e9 avec pr\u00e9cision. Compos\u00e9e de trois cylindres aux lignes organiques, elle associe transparence et brillance. Son effet de mouvement et ses nuances uniques lui conf\u00e8rent un caract\u00e8re \u00e0 la fois fonctionnel et sculptural.<\/p>\n","protected":false},"featured_media":5730930,"template":"","meta":{"_acf_changed":false,"content-type":"","_themeisle_gutenberg_block_has_review":false},"product_brand":[],"product_cat":[7509,12503],"product_tag":[20434],"product_designer":[20441,33235],"comfabric":[],"manufacturer":[33229],"reporting_designer":[37782],"samplecomfabric":[],"designer_clubroom":[],"class_list":{"0":"post-5730937","1":"product","2":"type-product","3":"status-publish","4":"has-post-thumbnail","6":"product_cat-tables-basses-dappoint","7":"product_cat-tables-fr","8":"product_tag-mobilier-national-fr","9":"product_designer-mobilier-national-fr","10":"product_designer-sabourin-costes-fr","11":"manufacturer-s-tr-s-sabourin-costes-pick-up-fr","12":"reporting_designer-sabourin-costes","14":"first","15":"instock","16":"taxable","17":"shipping-taxable","18":"purchasable","19":"product-type-simple"},"acf":[],"_links":{"self":[{"href":"https:\/\/theinvisiblecollection.com\/fr\/wp-json\/wp\/v2\/product\/5730937","targetHints":{"allow":["GET"]}}],"collection":[{"href":"https:\/\/theinvisiblecollection.com\/fr\/wp-json\/wp\/v2\/product"}],"about":[{"href":"https:\/\/theinvisiblecollection.com\/fr\/wp-json\/wp\/v2\/types\/product"}],"wp:featuredmedia":[{"embeddable":true,"href":"https:\/\/theinvisiblecollection.com\/fr\/wp-json\/wp\/v2\/media\/5730930"}],"wp:attachment":[{"href":"https:\/\/theinvisiblecollection.com\/fr\/wp-json\/wp\/v2\/media?parent=5730937"}],"wp:term":[{"taxonomy":"product_brand","embeddable":true,"href":"https:\/\/theinvisiblecollection.com\/fr\/wp-json\/wp\/v2\/product_brand?post=5730937"},{"taxonomy":"product_cat","embeddable":true,"href":"https:\/\/theinvisiblecollection.com\/fr\/wp-json\/wp\/v2\/product_cat?post=5730937"},{"taxonomy":"product_tag","embeddable":true,"href":"https:\/\/theinvisiblecollection.com\/fr\/wp-json\/wp\/v2\/product_tag?post=5730937"},{"taxonomy":"product_designer","embeddable":true,"href":"https:\/\/theinvisiblecollection.com\/fr\/wp-json\/wp\/v2\/product_designer?post=5730937"},{"taxonomy":"comfabric","embeddable":true,"href":"https:\/\/theinvisiblecollection.com\/fr\/wp-json\/wp\/v2\/comfabric?post=5730937"},{"taxonomy":"manufacturer","embeddable":true,"href":"https:\/\/theinvisiblecollection.com\/fr\/wp-json\/wp\/v2\/manufacturer?post=5730937"},{"taxonomy":"reporting_designer","embeddable":true,"href":"https:\/\/theinvisiblecollection.com\/fr\/wp-json\/wp\/v2\/reporting_designer?post=5730937"},{"taxonomy":"samplecomfabric","embeddable":true,"href":"https:\/\/theinvisiblecollection.com\/fr\/wp-json\/wp\/v2\/samplecomfabric?post=5730937"},{"taxonomy":"clubroom_product_designer","embeddable":true,"href":"https:\/\/theinvisiblecollection.com\/fr\/wp-json\/wp\/v2\/designer_clubroom?post=5730937"}],"curies":[{"name":"wp","href":"https:\/\/api.w.org\/{rel}","templated":true}]}}