{"id":5731015,"date":"2025-01-27T16:30:51","date_gmt":"2025-01-27T16:30:51","guid":{"rendered":"https:\/\/theinvisiblecollection.com\/?post_type=product&#038;p=5731015"},"modified":"2026-05-01T07:37:23","modified_gmt":"2026-05-01T07:37:23","slug":"mobilier-national-valerie-douangphrachandr-tabouret-iteration","status":"publish","type":"product","link":"https:\/\/theinvisiblecollection.com\/fr\/produit\/mobilier-national-valerie-douangphrachandr-tabouret-iteration\/","title":{"rendered":"Tabouret It\u00e9ration"},"content":{"rendered":"<p style=\"text-align: justify;\">It\u00e9ration est une collection de mobilier qui revalorise des chutes de panneaux de bois issues de la r\u00e9cup\u00e9ration et du r\u00e9emploi de mat\u00e9riaux transform\u00e9s.<br \/>\nLa table et le tabouret sont n\u00e9s de la volont\u00e9 de redonner vie ces ressources d\u00e9laiss\u00e9es m\u00ealant des mat\u00e9riaux nobles \u00e0 d\u2019autres, plus modestes.<br \/>\nA l\u2019instar d\u2019un tableau, ces mati\u00e8res sont associ\u00e9es et travaill\u00e9es \u00e0 la recherche d\u2019une composition harmonieuse et \u00e9quilibr\u00e9e. Chacune des pi\u00e8ces poss\u00e8de un caract\u00e8re singulier refl\u00e9tant les arrivages de mat\u00e9riaux.<\/p>\n","protected":false},"excerpt":{"rendered":"<p>It\u00e9ration est une collection de mobilier qui revalorise des chutes de panneaux de bois issues de la r\u00e9cup\u00e9ration et du r\u00e9emploi de mat\u00e9riaux transform\u00e9s. La table et le tabouret sont n\u00e9s de la volont\u00e9 de redonner vie ces ressources d\u00e9laiss\u00e9es m\u00ealant des mat\u00e9riaux nobles \u00e0 d\u2019autres, plus modestes. A l\u2019instar d\u2019un tableau, ces mati\u00e8res sont [&hellip;]<\/p>\n","protected":false},"featured_media":5731004,"template":"","meta":{"_acf_changed":false,"content-type":"","_themeisle_gutenberg_block_has_review":false},"product_brand":[],"product_cat":[8969,12499],"product_tag":[20434,33319],"product_designer":[20441,33221],"comfabric":[],"manufacturer":[33223],"reporting_designer":[37480],"samplecomfabric":[],"designer_clubroom":[],"class_list":{"0":"post-5731015","1":"product","2":"type-product","3":"status-publish","4":"has-post-thumbnail","6":"product_cat-ottomans-tabourets","7":"product_cat-assises","8":"product_tag-mobilier-national-fr","9":"product_tag-edition-limitee","10":"product_designer-mobilier-national-fr","11":"product_designer-valrie-douangphrachandr-fr","12":"manufacturer-valrie-douangphrachandr-pick-up-la-confiserie-fr","13":"reporting_designer-mobilier-national","15":"first","16":"instock","17":"taxable","18":"shipping-taxable","19":"purchasable","20":"product-type-simple"},"acf":[],"_links":{"self":[{"href":"https:\/\/theinvisiblecollection.com\/fr\/wp-json\/wp\/v2\/product\/5731015","targetHints":{"allow":["GET"]}}],"collection":[{"href":"https:\/\/theinvisiblecollection.com\/fr\/wp-json\/wp\/v2\/product"}],"about":[{"href":"https:\/\/theinvisiblecollection.com\/fr\/wp-json\/wp\/v2\/types\/product"}],"wp:featuredmedia":[{"embeddable":true,"href":"https:\/\/theinvisiblecollection.com\/fr\/wp-json\/wp\/v2\/media\/5731004"}],"wp:attachment":[{"href":"https:\/\/theinvisiblecollection.com\/fr\/wp-json\/wp\/v2\/media?parent=5731015"}],"wp:term":[{"taxonomy":"product_brand","embeddable":true,"href":"https:\/\/theinvisiblecollection.com\/fr\/wp-json\/wp\/v2\/product_brand?post=5731015"},{"taxonomy":"product_cat","embeddable":true,"href":"https:\/\/theinvisiblecollection.com\/fr\/wp-json\/wp\/v2\/product_cat?post=5731015"},{"taxonomy":"product_tag","embeddable":true,"href":"https:\/\/theinvisiblecollection.com\/fr\/wp-json\/wp\/v2\/product_tag?post=5731015"},{"taxonomy":"product_designer","embeddable":true,"href":"https:\/\/theinvisiblecollection.com\/fr\/wp-json\/wp\/v2\/product_designer?post=5731015"},{"taxonomy":"comfabric","embeddable":true,"href":"https:\/\/theinvisiblecollection.com\/fr\/wp-json\/wp\/v2\/comfabric?post=5731015"},{"taxonomy":"manufacturer","embeddable":true,"href":"https:\/\/theinvisiblecollection.com\/fr\/wp-json\/wp\/v2\/manufacturer?post=5731015"},{"taxonomy":"reporting_designer","embeddable":true,"href":"https:\/\/theinvisiblecollection.com\/fr\/wp-json\/wp\/v2\/reporting_designer?post=5731015"},{"taxonomy":"samplecomfabric","embeddable":true,"href":"https:\/\/theinvisiblecollection.com\/fr\/wp-json\/wp\/v2\/samplecomfabric?post=5731015"},{"taxonomy":"clubroom_product_designer","embeddable":true,"href":"https:\/\/theinvisiblecollection.com\/fr\/wp-json\/wp\/v2\/designer_clubroom?post=5731015"}],"curies":[{"name":"wp","href":"https:\/\/api.w.org\/{rel}","templated":true}]}}