{"id":5746312,"date":"2025-02-26T16:09:18","date_gmt":"2025-02-26T16:09:18","guid":{"rendered":"https:\/\/theinvisiblecollection.com\/?post_type=product&#038;p=5746312"},"modified":"2026-05-08T04:38:39","modified_gmt":"2026-05-08T04:38:39","slug":"repossi-x-courtney-applebaum-mirroir-blast-fr","status":"publish","type":"product","link":"https:\/\/theinvisiblecollection.com\/fr\/produit\/repossi-x-courtney-applebaum-mirroir-blast-fr\/","title":{"rendered":"Mirroir Blast"},"content":{"rendered":"<p style=\"text-align: justify;\">Le miroir Blast est issu de la\u00a0 &#8220;Jewels for the Home&#8221; capsule inspir\u00e9e des pi\u00e8ces iconiques de Repossi, sp\u00e9cialement con\u00e7ue et produite par Invisible Collection avec Atelier Pierre Noire. De sa Los Angeles natale, la cr\u00e9atrice Courtney Applebaum a infus\u00e9 le glamour hollywoodien dans le miroir Blast, inspir\u00e9 de la collection \u00e9ponyme de Repossi. \u00a0Caract\u00e9ris\u00e9e par ses volumes puissants et son fil d\u2019or continu, la \u00a0collection Blast c\u00e9l\u00e8bre \u00e0 la fois les formes d\u2019arts anciens tels que \u00a0l\u2019ens\u014d japonais et les bijoux Massa\u00ef, tout en y m\u00ealant conceptualisme et \u00a0influences abstraites. Le miroir \u00e9voque les contours d\u2019une t\u00eate et d\u2019un cou : la partie sup\u00e9rieure de \u00a0l\u2019ovale est rehauss\u00e9e d\u2019un cristal de roche, tandis que le cou, en m\u00e9tal dor\u00e9, \u00a0renouvelle le motif des bracelets empil\u00e9s. Ces quatre cr\u00e9ations Repossi X Invisible Collection sont disponibles en exclusivit\u00e9 chez Invisible Collection.<\/p>\n","protected":false},"excerpt":{"rendered":"<p>Le miroir Blast est issu de la\u00a0 &#8220;Jewels for the Home&#8221; capsule inspir\u00e9e des pi\u00e8ces iconiques de Repossi, sp\u00e9cialement con\u00e7ue et produite par Invisible Collection avec Atelier Pierre Noire. De sa Los Angeles natale, la cr\u00e9atrice Courtney Applebaum a infus\u00e9 le glamour hollywoodien dans le miroir Blast, inspir\u00e9 de la collection \u00e9ponyme de Repossi. \u00a0Caract\u00e9ris\u00e9e [&hellip;]<\/p>\n","protected":false},"featured_media":5746301,"template":"","meta":{"_acf_changed":false,"content-type":"","_themeisle_gutenberg_block_has_review":false},"product_brand":[],"product_cat":[7517,8225],"product_tag":[14925,31476,31477,33319,35206],"product_designer":[24433,33299],"comfabric":[],"manufacturer":[33293],"reporting_designer":[37848],"samplecomfabric":[],"designer_clubroom":[],"class_list":{"0":"post-5746312","1":"product","2":"type-product","3":"status-publish","4":"has-post-thumbnail","6":"product_cat-deco-fr","7":"product_cat-miroirs-fr","8":"product_tag-hpfav-fr","9":"product_tag-st-collectible-fr","10":"product_tag-st-curvy-fr","11":"product_tag-edition-limitee","12":"product_tag-exclusive-fr","13":"product_designer-courtney-applebaum-design-fr","14":"product_designer-repossi-fr","15":"manufacturer-pierre-noire-fr","16":"reporting_designer-courtney-applebaum-design-fr","17":"exhibitions-paris-fr","19":"first","20":"instock","21":"taxable","22":"shipping-taxable","23":"purchasable","24":"product-type-simple"},"acf":[],"_links":{"self":[{"href":"https:\/\/theinvisiblecollection.com\/fr\/wp-json\/wp\/v2\/product\/5746312","targetHints":{"allow":["GET"]}}],"collection":[{"href":"https:\/\/theinvisiblecollection.com\/fr\/wp-json\/wp\/v2\/product"}],"about":[{"href":"https:\/\/theinvisiblecollection.com\/fr\/wp-json\/wp\/v2\/types\/product"}],"wp:featuredmedia":[{"embeddable":true,"href":"https:\/\/theinvisiblecollection.com\/fr\/wp-json\/wp\/v2\/media\/5746301"}],"wp:attachment":[{"href":"https:\/\/theinvisiblecollection.com\/fr\/wp-json\/wp\/v2\/media?parent=5746312"}],"wp:term":[{"taxonomy":"product_brand","embeddable":true,"href":"https:\/\/theinvisiblecollection.com\/fr\/wp-json\/wp\/v2\/product_brand?post=5746312"},{"taxonomy":"product_cat","embeddable":true,"href":"https:\/\/theinvisiblecollection.com\/fr\/wp-json\/wp\/v2\/product_cat?post=5746312"},{"taxonomy":"product_tag","embeddable":true,"href":"https:\/\/theinvisiblecollection.com\/fr\/wp-json\/wp\/v2\/product_tag?post=5746312"},{"taxonomy":"product_designer","embeddable":true,"href":"https:\/\/theinvisiblecollection.com\/fr\/wp-json\/wp\/v2\/product_designer?post=5746312"},{"taxonomy":"comfabric","embeddable":true,"href":"https:\/\/theinvisiblecollection.com\/fr\/wp-json\/wp\/v2\/comfabric?post=5746312"},{"taxonomy":"manufacturer","embeddable":true,"href":"https:\/\/theinvisiblecollection.com\/fr\/wp-json\/wp\/v2\/manufacturer?post=5746312"},{"taxonomy":"reporting_designer","embeddable":true,"href":"https:\/\/theinvisiblecollection.com\/fr\/wp-json\/wp\/v2\/reporting_designer?post=5746312"},{"taxonomy":"samplecomfabric","embeddable":true,"href":"https:\/\/theinvisiblecollection.com\/fr\/wp-json\/wp\/v2\/samplecomfabric?post=5746312"},{"taxonomy":"clubroom_product_designer","embeddable":true,"href":"https:\/\/theinvisiblecollection.com\/fr\/wp-json\/wp\/v2\/designer_clubroom?post=5746312"}],"curies":[{"name":"wp","href":"https:\/\/api.w.org\/{rel}","templated":true}]}}